{"id":736,"date":"2016-03-16T01:34:19","date_gmt":"2016-03-16T00:34:19","guid":{"rendered":"http:\/\/tajotoledo.es\/?page_id=736"},"modified":"2016-03-26T23:43:54","modified_gmt":"2016-03-26T22:43:54","slug":"formacion-del-voluntariado","status":"publish","type":"page","link":"https:\/\/tajotoledo.es\/?page_id=736","title":{"rendered":"Formaci\u00f3n del voluntariado"},"content":{"rendered":"<p style=\"text-align: justify;\">Impartir formaci\u00f3n es una obligaci\u00f3n legal para la Plataforma de Toledo en Defensa del Tajo y recibirla es un derecho al que tienen las personas voluntarias que eligen a la Plataforma para dedicar parte de su tiempo, de sus habilidades y de su buena disposici\u00f3n, para contribuir a que el Tajo vuelva a ser el r\u00edo que le dio a Toledo todo lo que es y todo lo que fue.<\/p>\n<p style=\"text-align: justify;\"><a href=\"http:\/\/tajotoledo.es\/wp-content\/uploads\/2016\/03\/Formaci\u00f3n-de-voluntariado.jpg\" rel=\"attachment wp-att-737\"><img loading=\"lazy\" class=\"alignleft size-medium wp-image-737\" src=\"http:\/\/tajotoledo.es\/wp-content\/uploads\/2016\/03\/Formaci\u00f3n-de-voluntariado-300x169.jpg\" alt=\"Formaci\u00f3n de voluntariado\" width=\"300\" height=\"169\" srcset=\"https:\/\/tajotoledo.es\/wp-content\/uploads\/2016\/03\/Formaci\u00f3n-de-voluntariado-300x169.jpg 300w, https:\/\/tajotoledo.es\/wp-content\/uploads\/2016\/03\/Formaci\u00f3n-de-voluntariado-768x432.jpg 768w, https:\/\/tajotoledo.es\/wp-content\/uploads\/2016\/03\/Formaci\u00f3n-de-voluntariado.jpg 960w\" sizes=\"(max-width: 300px) 100vw, 300px\" \/><\/a>Peri\u00f3dicamente, la Plataforma organiza jornadas de formaci\u00f3n a las que, previa convocatoria e inscripci\u00f3n, cualquier persona puede acudir a formarse y participar en cualquiera de los grupos de voluntariado y de sus actividades.<\/p>\n<p style=\"text-align: justify;\">Toda persona voluntaria debe adherirse como tal a la Plataforma y debe recibir la formaci\u00f3n b\u00e1sica e inicial antes de participar con autonom\u00eda en las actividades de voluntariado. Mientras recibe la formaci\u00f3n, las personas voluntarias podr\u00e1n participar de las actividades, pero tuteladas por otras que ya han iniciado su formaci\u00f3n b\u00e1sica y su formacion espec\u00edfica de la actividad en la que participa.<\/p>\n<p style=\"text-align: justify;\">Tras una jornada de formaci\u00f3n todas las personas voluntarias participantes, elaboran <strong><a href=\"\/wp-content\/uploads\/2016\/03\/CONCLUSIONES%20FORMACI\u00d3N%20B\u00c1SICA%2013-03-2016.pdf\">conclusiones<\/a><\/strong> y <strong><a href=\"\/wp-content\/uploads\/2016\/03\/MODELO%20DE%20EVALUACI\u00d3N%20FORMACI\u00d3N%20B\u00c1SICA%2013-03-2016.pdf\">eval\u00faan<\/a><\/strong> el desarrollo de la jornada, contribuyendo as\u00ed a la mejora de posteriores encuentros.<\/p>\n<p style=\"text-align: justify;\">En los siguientes enlaces encontrar\u00e1s c\u00f3mo, por qu\u00e9 y en qu\u00e9 medida el voluntariado tiene un especial reconocimiento a nivel europeo y mundial y se insta a los Estados a desarrollar legislaci\u00f3n que lo regule y proteja:<\/p>\n<ul>\n<li style=\"text-align: justify;\"><a href=\"http:\/\/voluntariado.cartagena.es\/gestion\/documentos\/87.pdf\">Recomendaciones de la ONU sobre el apoyo al voluntariado<\/a>.<\/li>\n<li style=\"text-align: justify;\"><a href=\"http:\/\/www.iniciativasocial.net\/declaracion2001.htm\">Declaraci\u00f3n Universal sobre el voluntariado<\/a>.<\/li>\n<li style=\"text-align: justify;\"><a href=\"http:\/\/adicae.net\/archivos\/voluntariado\/volonteurope.pdf\">Carta europea del voluntariado<\/a>.<\/li>\n<li style=\"text-align: justify;\"><a href=\"http:\/\/www.iniciativasocial.net\/etica2.htm\">C\u00f3digo \u00e9tico de las organizaciones de voluntariado<\/a>.<\/li>\n<li style=\"text-align: justify;\"><a href=\"https:\/\/www.boe.es\/boe\/dias\/2015\/10\/15\/pdfs\/BOE-A-2015-11072.pdf\">Ley espa\u00f1ola de voluntariado<\/a>.<\/li>\n<li style=\"text-align: justify;\"><a href=\"https:\/\/www.boe.es\/buscar\/doc.php?id=BOE-A-1996-5104\">Ley de voluntariado de Castilla-La Mancha<\/a>.<\/li>\n<\/ul>\n","protected":false},"excerpt":{"rendered":"<p>Impartir formaci\u00f3n es una obligaci\u00f3n legal para la Plataforma de Toledo en Defensa del Tajo y recibirla es un derecho al que tienen las personas voluntarias que eligen a la Plataforma para dedicar parte de su tiempo, de sus habilidades &hellip; <a href=\"https:\/\/tajotoledo.es\/?page_id=736\">Continuar<\/a><\/p>\n","protected":false},"author":3,"featured_media":0,"parent":0,"menu_order":0,"comment_status":"closed","ping_status":"closed","template":"page-feature.php","meta":[],"_links":{"self":[{"href":"https:\/\/tajotoledo.es\/index.php?rest_route=\/wp\/v2\/pages\/736"}],"collection":[{"href":"https:\/\/tajotoledo.es\/index.php?rest_route=\/wp\/v2\/pages"}],"about":[{"href":"https:\/\/tajotoledo.es\/index.php?rest_route=\/wp\/v2\/types\/page"}],"author":[{"embeddable":true,"href":"https:\/\/tajotoledo.es\/index.php?rest_route=\/wp\/v2\/users\/3"}],"replies":[{"embeddable":true,"href":"https:\/\/tajotoledo.es\/index.php?rest_route=%2Fwp%2Fv2%2Fcomments&post=736"}],"version-history":[{"count":8,"href":"https:\/\/tajotoledo.es\/index.php?rest_route=\/wp\/v2\/pages\/736\/revisions"}],"predecessor-version":[{"id":808,"href":"https:\/\/tajotoledo.es\/index.php?rest_route=\/wp\/v2\/pages\/736\/revisions\/808"}],"wp:attachment":[{"href":"https:\/\/tajotoledo.es\/index.php?rest_route=%2Fwp%2Fv2%2Fmedia&parent=736"}],"curies":[{"name":"wp","href":"https:\/\/api.w.org\/{rel}","templated":true}]}}