{"id":406,"date":"2015-05-16T19:31:11","date_gmt":"2015-05-16T18:31:11","guid":{"rendered":"http:\/\/tajotoledo.es\/?page_id=406"},"modified":"2024-02-26T09:10:12","modified_gmt":"2024-02-26T08:10:12","slug":"contacanos","status":"publish","type":"page","link":"https:\/\/tajotoledo.es\/?page_id=406","title":{"rendered":"Cont\u00e1ctanos \/ inscr\u00edbete en una actividad"},"content":{"rendered":"<p><!--\n\n[contact-form-7 id=\"486\" title=\"Formvoluntariado\"]\n\n--><\/p>\n<p>Escr\u00edbenos a <span style=\"color: #0000ff;\"><strong>platodetajo@gmail.com<\/strong><\/span> si deseas participar en alguna de las actividades, inscribirte en alguna acci\u00f3n o, simplemente, enviarnos cualquier documento gr\u00e1fico (foto, video, presentaci\u00f3n, etc.) que desees compartir con nosotros. Tambi\u00e9n si observas un enlace que no funciona o cualquier error.<\/p>\n<p>En el caso de fotograf\u00edas y videos con los que quieras denunciar o compartir algo, lo incluiremos en una galer\u00eda con la que ilustraremos nuestra web.<\/p>\n<p>Gracias por tu colaboraci\u00f3n desinteresada.<\/p>\n","protected":false},"excerpt":{"rendered":"<p>Escr\u00edbenos a platodetajo@gmail.com si deseas participar en alguna de las actividades, inscribirte en alguna acci\u00f3n o, simplemente, enviarnos cualquier documento gr\u00e1fico (foto, video, presentaci\u00f3n, etc.) que desees compartir con nosotros. Tambi\u00e9n si observas un enlace que no funciona o cualquier &hellip; <a href=\"https:\/\/tajotoledo.es\/?page_id=406\">Continuar<\/a><\/p>\n","protected":false},"author":2,"featured_media":0,"parent":53,"menu_order":8,"comment_status":"open","ping_status":"open","template":"page-feature.php","meta":[],"_links":{"self":[{"href":"https:\/\/tajotoledo.es\/index.php?rest_route=\/wp\/v2\/pages\/406"}],"collection":[{"href":"https:\/\/tajotoledo.es\/index.php?rest_route=\/wp\/v2\/pages"}],"about":[{"href":"https:\/\/tajotoledo.es\/index.php?rest_route=\/wp\/v2\/types\/page"}],"author":[{"embeddable":true,"href":"https:\/\/tajotoledo.es\/index.php?rest_route=\/wp\/v2\/users\/2"}],"replies":[{"embeddable":true,"href":"https:\/\/tajotoledo.es\/index.php?rest_route=%2Fwp%2Fv2%2Fcomments&post=406"}],"version-history":[{"count":9,"href":"https:\/\/tajotoledo.es\/index.php?rest_route=\/wp\/v2\/pages\/406\/revisions"}],"predecessor-version":[{"id":4158,"href":"https:\/\/tajotoledo.es\/index.php?rest_route=\/wp\/v2\/pages\/406\/revisions\/4158"}],"up":[{"embeddable":true,"href":"https:\/\/tajotoledo.es\/index.php?rest_route=\/wp\/v2\/pages\/53"}],"wp:attachment":[{"href":"https:\/\/tajotoledo.es\/index.php?rest_route=%2Fwp%2Fv2%2Fmedia&parent=406"}],"curies":[{"name":"wp","href":"https:\/\/api.w.org\/{rel}","templated":true}]}}