{"id":3777,"date":"2021-08-15T21:10:23","date_gmt":"2021-08-15T19:10:23","guid":{"rendered":"http:\/\/tajotoledo.es\/?page_id=3777"},"modified":"2024-03-06T12:09:42","modified_gmt":"2024-03-06T11:09:42","slug":"proyecto-suntory-guardianes-del-tajo","status":"publish","type":"page","link":"https:\/\/tajotoledo.es\/?page_id=3777","title":{"rendered":"Proyecto de restauraci\u00f3n &#8220;Guardianes del Guajaraz&#8221;."},"content":{"rendered":"<p><strong>&#8220;Guardianes del Guajaraz&#8221; es un proyecto de Responsabilidad Social Corporativa de la compa\u00f1\u00eda Suntory<\/strong>, propietaria de las marcas Schweppes y La Casera entre otras.<\/p>\n<p>Est\u00e1 previsto que el proyecto se lleve a cabo<strong> en el entorno del embase del Guajaraz<\/strong> (Toledo) a trav\u00e9s de un proceso de participaci\u00f3n social que se inici\u00f3 tras contactar con colectivos, instituciones y ayuntamientos aleda\u00f1os conocedores del entorno en cuesti\u00f3n.<\/p>\n<p><a href=\"https:\/\/youtu.be\/yZq9A90IW0A\" target=\"_blank\" rel=\"noopener noreferrer\"><strong>Este enlace<\/strong><\/a> abre la grabaci\u00f3n de la <strong>primera reuni\u00f3n en la que se present\u00f3 el proyecto<\/strong>. Cualquier persona, colectivo o instituci\u00f3n que desee participar en este proceso participativo puede contactar con la Plataforma de Toledo en Defensa del Tajo (platodetajo@gmail.com) para encaminar su petici\u00f3n e incluirle en el listado para sucesivas reuniones.<\/p>\n<p>En <a href=\"https:\/\/www.sweetpress.com\/schweppes-culmina-la-primera-etapa-de-su-proyecto-sostenible-guardianes-del-jucar\/\" target=\"_blank\" rel=\"noopener noreferrer\"><strong>esta noticia<\/strong><\/a> encontrar\u00e1s informaci\u00f3n de otro proyecto llevado a cabo recientemente en el Barranco de Barxeta, en Carcaixente, Valencia, cuenca del r\u00edo J\u00facar.<\/p>\n<p>Aqu\u00ed ver\u00e1s el <a href=\"https:\/\/docs.google.com\/document\/d\/1M7xGFdtxnAAA0wxRA6JG9AMoGAPZwFUFKujbLZuAo0w\/edit?usp=sharing\" target=\"_blank\" rel=\"noopener noreferrer\"><strong>Seguimiento del Proyecto Guardianes del Guajaraz<\/strong><\/a><strong>.<\/strong><\/p>\n<p>En previsi\u00f3n de que el proyecto tenga su propia p\u00e1gina web y habida cuenta de que la Plataforma de Toledo en Defensa del Tajo es ajena a la tutela de dicho proyecto, s\u00f3lo incluiremos en nuestra web informaci\u00f3n puntual relativa a la aportaci\u00f3n de conocimiento de la cuenca del Guajaraz y no del desarrollo y actividad general del propio proyecto, salvo aquella que est\u00e9 dirigida y abierta a la poblaci\u00f3n general o en la que la Plataforma de Toledo en Defensa del Tajo tenga una contribuci\u00f3n espec\u00edfica.<\/p>\n<p><strong><a href=\"http:\/\/tajotoledo.es\/wp-content\/uploads\/2024\/02\/ESTUD%20BIODIV_SANTUARIO%20AGUA%20GUAJARAZ_2023_RED.pdf\" target=\"_blank\" rel=\"noopener noreferrer\">Estudio de biodiversidad<\/a><\/strong> en torno al embalse del arroyo Guajaraz.<\/p>\n","protected":false},"excerpt":{"rendered":"<p>&#8220;Guardianes del Guajaraz&#8221; es un proyecto de Responsabilidad Social Corporativa de la compa\u00f1\u00eda Suntory, propietaria de las marcas Schweppes y La Casera entre otras. Est\u00e1 previsto que el proyecto se lleve a cabo en el entorno del embase del Guajaraz &hellip; <a href=\"https:\/\/tajotoledo.es\/?page_id=3777\">Continuar<\/a><\/p>\n","protected":false},"author":3,"featured_media":0,"parent":0,"menu_order":0,"comment_status":"closed","ping_status":"closed","template":"","meta":[],"_links":{"self":[{"href":"https:\/\/tajotoledo.es\/index.php?rest_route=\/wp\/v2\/pages\/3777"}],"collection":[{"href":"https:\/\/tajotoledo.es\/index.php?rest_route=\/wp\/v2\/pages"}],"about":[{"href":"https:\/\/tajotoledo.es\/index.php?rest_route=\/wp\/v2\/types\/page"}],"author":[{"embeddable":true,"href":"https:\/\/tajotoledo.es\/index.php?rest_route=\/wp\/v2\/users\/3"}],"replies":[{"embeddable":true,"href":"https:\/\/tajotoledo.es\/index.php?rest_route=%2Fwp%2Fv2%2Fcomments&post=3777"}],"version-history":[{"count":15,"href":"https:\/\/tajotoledo.es\/index.php?rest_route=\/wp\/v2\/pages\/3777\/revisions"}],"predecessor-version":[{"id":4162,"href":"https:\/\/tajotoledo.es\/index.php?rest_route=\/wp\/v2\/pages\/3777\/revisions\/4162"}],"wp:attachment":[{"href":"https:\/\/tajotoledo.es\/index.php?rest_route=%2Fwp%2Fv2%2Fmedia&parent=3777"}],"curies":[{"name":"wp","href":"https:\/\/api.w.org\/{rel}","templated":true}]}}