{"id":3512,"date":"2020-11-19T01:30:51","date_gmt":"2020-11-19T00:30:51","guid":{"rendered":"http:\/\/tajotoledo.es\/?page_id=3512"},"modified":"2020-11-19T01:37:48","modified_gmt":"2020-11-19T00:37:48","slug":"mesa-del-agua-de-clm","status":"publish","type":"page","link":"https:\/\/tajotoledo.es\/?page_id=3512","title":{"rendered":"Mesa del Agua de CLM"},"content":{"rendered":"<p style=\"text-align: justify;\">El 31 de enero de 2020 la Consejer\u00eda de Agricultura constituy\u00f3 la primera reuni\u00f3n de la Mesa del Agua de CLM con la pretensi\u00f3n de tener por parte de la sociedad castellano-manchega una posici\u00f3n firme y un\u00e1nime en la defensa de los intereses h\u00eddricos de la regi\u00f3n, seg\u00fan sus propias palabras.<\/p>\n<p style=\"text-align: justify;\">A pesar de que meses antes los medios de comunicaci\u00f3n hac\u00edan eco de declaraciones del presidente de la JCCM seg\u00fan las cuales las Plataformas del Tajo estar\u00edan convocadas a esa reuni\u00f3n, ninguna de ellas tuvo conocimiento ni invitaci\u00f3n por parte de ning\u00fan \u00f3rgano de la JCCM. Por ese motivo, el documento que se entreg\u00f3 como <strong><a href=\"\/wp-content\/uploads\/2020\/11\/BORRADOR%201.%20MESA%20DEL%20AGUA.%20DOCUMENTO%20DE%20POSICI%C3%93N%20COM%C3%9AN%20EN%20MATERIA%20DE%20AGUA%20CASTILLA-LA%20MANCHA.pdf\" target=\"_blank\" rel=\"noopener noreferrer\">Borrador 1<\/a><\/strong> del acuerdo que se pretend\u00eda alcanzar carece de alegaciones, sugerencias, cr\u00edticas, etc. por parte de la Plataforma de Toledo en Defensa del Tajo. En este documento lo que se pone fundamentalmente de relieve es el inter\u00e9s que tiene el agua para la agricultura\u00a0 de CLM haciendo de ella una panacea de beneficios como ya lo hiciera la Regi\u00f3n de Murcia 50 a\u00f1os antes.<\/p>\n<p style=\"text-align: justify;\">Supuestamente, con las alegaciones y cr\u00edticas recibidas tras esa primera reuni\u00f3n, tendr\u00eda lugar otra reuni\u00f3n donde se presentar\u00eda ese documento actualizado y consensuado como <strong><a href=\"\/wp-content\/uploads\/2020\/11\/Cr%C3%ADtica%20Borrador%202%20Mesa%20Agua%20CLM.pdf\" target=\"_blank\" rel=\"noopener noreferrer\">Borrador 2<\/a><\/strong>. A \u00e9ste borrador, no muy diferente del primero y al que se pulieron errores de redacci\u00f3n, presentamos una cr\u00edtica que recogemos en azul y al final del documento.<\/p>\n<p style=\"text-align: justify;\">En una nueva reuni\u00f3n se presenta como <a href=\"\/wp-content\/uploads\/2020\/11\/Cr%C3%ADtica%20Borrador%203%20Mesa%20Agua%20CLM.pdf\"><strong>Borrador 3<\/strong><\/a> otro documento que pr\u00e1cticamente no difere nada del anterior, por lo que en casi todos sus puntos tuvimos que remitir nuestra cr\u00edtica a lo ya expuesto en la anterior. En este caso nuestros comentarios figuran en cursiva azul entre el texto original que da origen a nuestra cr\u00edtica. Las diferencias m\u00e1s sustanciales y sustantivas con respecto al anterior son las referencias a la oposici\u00f3n a los trasvases y al mercadeo del agua, que en \u00e9ste \u00faltimo documento aparecen legitimadas si se efect\u00faan dentro de la regi\u00f3n, con el pretexto de que crean beneficios econ\u00f3micos dentro de CLM.<\/p>\n<p style=\"text-align: justify;\">La apariencia de participaci\u00f3n de todos los movimientos representativos de la regi\u00f3n se ci\u00f1\u00f3 en cada una de las reuno\u00f3nes a un \u00fanico turno de voz de un par de minutos por colectivo.<\/p>\n<p style=\"text-align: justify;\">Como puede observarse, el tr\u00e1nsito de la versi\u00f3n 1 a la 3 es m\u00ednima, reducido a lo expuesto sobre trasvases y mercantilizaci\u00f3n, y tras ella el Consejero de Agricultura di\u00f3 por cerrado casi por unanimidad el acuerdo.<\/p>\n<p style=\"text-align: justify;\">En ning\u00fan momento hemos recibido respuesta a nuestras sugerencias y por supuesto ninguno de los documentos incorpora atisbo alguno de ellas.<\/p>\n","protected":false},"excerpt":{"rendered":"<p>El 31 de enero de 2020 la Consejer\u00eda de Agricultura constituy\u00f3 la primera reuni\u00f3n de la Mesa del Agua de CLM con la pretensi\u00f3n de tener por parte de la sociedad castellano-manchega una posici\u00f3n firme y un\u00e1nime en la defensa &hellip; <a href=\"https:\/\/tajotoledo.es\/?page_id=3512\">Continuar<\/a><\/p>\n","protected":false},"author":3,"featured_media":0,"parent":0,"menu_order":0,"comment_status":"closed","ping_status":"closed","template":"","meta":[],"_links":{"self":[{"href":"https:\/\/tajotoledo.es\/index.php?rest_route=\/wp\/v2\/pages\/3512"}],"collection":[{"href":"https:\/\/tajotoledo.es\/index.php?rest_route=\/wp\/v2\/pages"}],"about":[{"href":"https:\/\/tajotoledo.es\/index.php?rest_route=\/wp\/v2\/types\/page"}],"author":[{"embeddable":true,"href":"https:\/\/tajotoledo.es\/index.php?rest_route=\/wp\/v2\/users\/3"}],"replies":[{"embeddable":true,"href":"https:\/\/tajotoledo.es\/index.php?rest_route=%2Fwp%2Fv2%2Fcomments&post=3512"}],"version-history":[{"count":5,"href":"https:\/\/tajotoledo.es\/index.php?rest_route=\/wp\/v2\/pages\/3512\/revisions"}],"predecessor-version":[{"id":3517,"href":"https:\/\/tajotoledo.es\/index.php?rest_route=\/wp\/v2\/pages\/3512\/revisions\/3517"}],"wp:attachment":[{"href":"https:\/\/tajotoledo.es\/index.php?rest_route=%2Fwp%2Fv2%2Fmedia&parent=3512"}],"curies":[{"name":"wp","href":"https:\/\/api.w.org\/{rel}","templated":true}]}}