{"id":342,"date":"2015-04-12T16:17:24","date_gmt":"2015-04-12T15:17:24","guid":{"rendered":"http:\/\/tajotoledo.es\/?page_id=342"},"modified":"2023-10-15T21:42:27","modified_gmt":"2023-10-15T19:42:27","slug":"plataforma-en-defensa-del-tajo","status":"publish","type":"page","link":"https:\/\/tajotoledo.es\/","title":{"rendered":"Campa\u00f1a 2023 &#8220;Justicia para el Tajo&#8221;."},"content":{"rendered":"<p><!--div align=\"center\"><iframe width=\"560\" height=\"315\" src=\"https:\/\/www.youtube.com\/embed\/ypRKUikvQvQ\" frameborder=\"0\" allow=\"autoplay; encrypted-media\" allowfullscreen><\/iframe><\/div>\n\n\n\n\n<h5 style=\"text-align: center;\">Participa en la consulta p\u00fablica de la Uni\u00f3n Europea y defiende el bien m\u00e1s valioso que tenemos: protege tu agua pinchado en el siguiente enlace:<\/h5>\n\n\n\n\n<h5 style=\"text-align: center;\"><a href=\"http:\/\/wwf.es\/protegetuagua\">http:\/\/wwf.es\/protegetuagua<\/a><\/h5>\n\n\n\n\n<p style=\"text-align: center;\">Pincha en cada diapositiva para entrar en su contenido.<\/p--><\/p>\n<div id=\"metaslider-id-4100\" style=\"width: 100%; margin: 0 auto;\" class=\"ml-slider-3-99-0 metaslider metaslider-flex metaslider-4100 ml-slider ms-theme-default\" role=\"region\" aria-label=\"Campa\u00f1a 2023 de Justicia para el Tajo\" data-width=\"700\">\n    <div id=\"metaslider_container_4100\">\n        <div id=\"metaslider_4100\" class=\"flexslider\">\n            <ul class='slides'>\n                <li style=\"display: none; width: 100%;\" class=\"slide-4102 ms-image \" aria-roledescription=\"slide\" data-date=\"2023-10-15 16:43:03\"><a href=\" http:\/\/tajotoledo.es\/?page_id=4113\" target=\"_blank\" aria-label=\"View Slide Details\" class=\"metaslider_image_link\"><img width=\"968\" height=\"627\" src=\"https:\/\/tajotoledo.es\/wp-content\/uploads\/2023\/10\/Bono-50.jpg\" class=\"slider-4100 slide-4102 msDefaultImage\" alt=\"\" loading=\"lazy\" rel=\"\" title=\"Pincha aqu\u00ed para acceder a la informaci\u00f3n.\" style=\"margin: 0 auto; width: 66.165413533835%\" srcset=\"https:\/\/tajotoledo.es\/wp-content\/uploads\/2023\/10\/Bono-50.jpg 968w, https:\/\/tajotoledo.es\/wp-content\/uploads\/2023\/10\/Bono-50-300x194.jpg 300w, https:\/\/tajotoledo.es\/wp-content\/uploads\/2023\/10\/Bono-50-768x497.jpg 768w\" sizes=\"(max-width: 968px) 100vw, 968px\" \/><\/a><\/li>\n                <li style=\"display: none; width: 100%;\" class=\"slide-4112 ms-image \" aria-roledescription=\"slide\" data-date=\"2023-10-16 02:32:16\"><a href=\"\/wp-content\/uploads\/2023\/10\/FAQ%20Campa%C3%B1a%20Bonos%20Tajo.pdf\" target=\"_blank\" aria-label=\"View Slide Details\" class=\"metaslider_image_link\"><img width=\"700\" height=\"493\" src=\"https:\/\/tajotoledo.es\/wp-content\/uploads\/2023\/10\/FAQ.jpg\" class=\"slider-4100 slide-4112 msDefaultImage\" alt=\"\" loading=\"lazy\" rel=\"\" title=\"Pincha aqu\u00ed para acceder a la informaci\u00f3n.\" style=\"margin: 0 auto; width: 60.851926977688%\" srcset=\"https:\/\/tajotoledo.es\/wp-content\/uploads\/2023\/10\/FAQ.jpg 700w, https:\/\/tajotoledo.es\/wp-content\/uploads\/2023\/10\/FAQ-300x211.jpg 300w\" sizes=\"(max-width: 700px) 100vw, 700px\" \/><\/a><\/li>\n                <li style=\"display: none; width: 100%;\" class=\"slide-4105 ms-image \" aria-roledescription=\"slide\" data-date=\"2023-10-15 21:40:28\"><a href=\" http:\/\/tajotoledo.es\/?page_id=4108\" target=\"_blank\" aria-label=\"View Slide Details\" class=\"metaslider_image_link\"><img width=\"680\" height=\"479\" src=\"https:\/\/tajotoledo.es\/wp-content\/uploads\/2023\/10\/Etiqueta-comercio.jpg\" class=\"slider-4100 slide-4105 msDefaultImage\" alt=\"\" loading=\"lazy\" rel=\"\" title=\"Pincha aqu\u00ed para acceder a la informaci\u00f3n.\" style=\"margin: 0 auto; width: 60.841037876528%\" srcset=\"https:\/\/tajotoledo.es\/wp-content\/uploads\/2023\/10\/Etiqueta-comercio.jpg 680w, https:\/\/tajotoledo.es\/wp-content\/uploads\/2023\/10\/Etiqueta-comercio-300x211.jpg 300w\" sizes=\"(max-width: 680px) 100vw, 680px\" \/><\/a><\/li>\n            <\/ul>\n        <\/div>\n        \n    <\/div>\n<\/div>\n<!--[if lt IE 9]><script>document.createElement('audio');<\/script><![endif]-->\n<audio class=\"wp-audio-shortcode\" id=\"audio-342-1\" autoplay=\"1\" preload=\"auto\" style=\"width: 100%;\" controls=\"controls\"><source type=\"audio\/mpeg\" src=\"http:\/\/tajotoledo.es\/wp-content\/uploads\/2015\/04\/Lagrimas-de-acero-master.mp3?_=1\" \/><a href=\"http:\/\/tajotoledo.es\/wp-content\/uploads\/2015\/04\/Lagrimas-de-acero-master.mp3\">http:\/\/tajotoledo.es\/wp-content\/uploads\/2015\/04\/Lagrimas-de-acero-master.mp3<\/a><\/audio>\n","protected":false},"excerpt":{"rendered":"","protected":false},"author":2,"featured_media":0,"parent":0,"menu_order":0,"comment_status":"open","ping_status":"closed","template":"page-feature.php","meta":[],"_links":{"self":[{"href":"https:\/\/tajotoledo.es\/index.php?rest_route=\/wp\/v2\/pages\/342"}],"collection":[{"href":"https:\/\/tajotoledo.es\/index.php?rest_route=\/wp\/v2\/pages"}],"about":[{"href":"https:\/\/tajotoledo.es\/index.php?rest_route=\/wp\/v2\/types\/page"}],"author":[{"embeddable":true,"href":"https:\/\/tajotoledo.es\/index.php?rest_route=\/wp\/v2\/users\/2"}],"replies":[{"embeddable":true,"href":"https:\/\/tajotoledo.es\/index.php?rest_route=%2Fwp%2Fv2%2Fcomments&post=342"}],"version-history":[{"count":92,"href":"https:\/\/tajotoledo.es\/index.php?rest_route=\/wp\/v2\/pages\/342\/revisions"}],"predecessor-version":[{"id":4106,"href":"https:\/\/tajotoledo.es\/index.php?rest_route=\/wp\/v2\/pages\/342\/revisions\/4106"}],"wp:attachment":[{"href":"https:\/\/tajotoledo.es\/index.php?rest_route=%2Fwp%2Fv2%2Fmedia&parent=342"}],"curies":[{"name":"wp","href":"https:\/\/api.w.org\/{rel}","templated":true}]}}