{"id":2617,"date":"2018-07-28T14:32:04","date_gmt":"2018-07-28T12:32:04","guid":{"rendered":"http:\/\/tajotoledo.es\/?page_id=2617"},"modified":"2018-09-16T14:30:04","modified_gmt":"2018-09-16T12:30:04","slug":"fotodenuncia-tu-denuncias-nosotros-publicamos","status":"publish","type":"page","link":"https:\/\/tajotoledo.es\/?page_id=2617","title":{"rendered":"FOTODENUNCIA DEL TAJO EN TOLEDO."},"content":{"rendered":"<p style=\"text-align: justify;\"><strong>En esta p\u00e1gina publicamos tu denuncia gr\u00e1fica. <\/strong>Seguramente pasas a menudo cerca del r\u00edo Tajo a su paso por cualquier punto de la provincia de Toledo. Seguramente, a menudo miras y te dices:<\/p>\n<p>&#8220;\u00a1Que asco de r\u00edo!&#8221;<\/p>\n<p>&#8220;\u00a1Hay que ver c\u00f3mo viene hoy el Tajo!&#8221;<\/p>\n<p>&#8220;\u00a1Vaya destrozo de r\u00edo, pobre Tajo hecho trizas!&#8221;<\/p>\n<p style=\"text-align: justify;\">Si es as\u00ed o sospechas de un vertido inadecuado, comparte tu indignaci\u00f3n y tu denuncia haciendo una foto o v\u00eddeo y envi\u00e1ndolo por correo o Whatsapp. Tambi\u00e9n si ese d\u00eda merece la pena contemplar y disfrutar su aparente buen estado (platodetajo@gmail.com \u00f3 699497212).<\/p>\n<p style=\"text-align: justify;\"><strong>T\u00fa denuncias y nosotros publicamos. <\/strong>Puedes enviarnos un breve comentario, las coordenadas del lugar, tu nombre o tu alias (si quieres), tu reflexi\u00f3n&#8230; Nosotros lo publicamos y mantenemos tu anonimato si as\u00ed lo deseas. <a href=\"http:\/\/tajotoledo.es\/?page_id=2219\" target=\"_blank\" rel=\"noopener\">Aqu\u00ed puedes ver algunas de las \u00faltimas fotos<\/a>.<\/p>\n<p style=\"text-align: justify;\">Si usas Twitter, no te olvides del hashtag <strong>#ElTajoseahoga <\/strong>en tu mensaje.<br \/>\nY si crees que esta estampa no es compatible o no se corresponde con la declaraci\u00f3n de la <strong>UNESCO<\/strong> a Toledo como Ciudad Patrimonio de la Humanidad, <a href=\"http:\/\/chn.ge\/2CEfy4M\" target=\"_blank\" rel=\"noopener\">suscribe esta petici\u00f3n<\/a>.<\/p>\n<p><a href=\"https:\/\/youtu.be\/Pqmzg8bFSc0\" target=\"_blank\" rel=\"noopener\"><strong>20171231 La estampa del Tajo a lo largo de 2017 (Ver v\u00eddeo)<\/strong><\/a><\/p>\n<p>Este v\u00eddeo recoge la estampa que nos ha ofrecido el cauce del Tajo durante todo el a\u00f1o 2017 a la altura del Puente de San Mart\u00edn. D\u00eda tras d\u00eda el estado ag\u00f3nico del r\u00edo se ha mostrado inmutable con la \u00fanica excepci\u00f3n de la forma, densidad y esparcimiento de las inmundicias con las que queda convertido el la gran alcantarilla de Madrid y alrededores.<\/p>\n<p>Con este v\u00eddeo se hace muy dif\u00edcil aceptar las comunicaciones de Canal de Isabel II afirmando que Madrid depura el 100% de sus vertidos. Haciendo un gran esfuerzo de generosa credibilidad podemos aceptar que se depure el 100%; otra cosa es que se haga bien, mal, eficazmente o formalmente. Las im\u00e1genes son m\u00e1s menos elocuentes que esas comunicaciones pero no ofrecen dudas sobre su el alto grado de falsedad que encierran esas comunicaciones.<\/p>\n<p><strong><a href=\"https:\/\/youtu.be\/OgvX1IvrTE0\" target=\"_blank\" rel=\"noopener\">20180625 Depuradora de Benquerencia vertiendo al Tajo (Ver v\u00eddeo)<\/a><\/strong><\/p>\n<p style=\"text-align: justify;\">No son aguas que brillen por su claridad. Son aguas mal depuradas de un color obscuro, opaco y metalizado que no se mezclan con facilidad en las aguas, ya contaminadas hasta la saturaci\u00f3n, que circulan por el cauce del Tajo a su paso por el Pol\u00edgono Industrial de Toledo.<\/p>\n<p style=\"text-align: justify;\">La depuradora recibe tanto los vertidos urbanos como los industriales por el mismo colector y se someten a un mismo proceso de depuraci\u00f3n, lo cual impide que la depuraci\u00f3n sea m\u00ednimamente adecuada.<\/p>\n<p style=\"text-align: justify;\">Desde la Plataforma de Toledo en Defensa del Tajo vemos necesario tratar por separado ambos tipos de vertido y modificar los criterios de las autorizaciones de vertidos a las industrias para que \u00e9stas dispongan de las instalaciones necesarias para depurar sus residuos antes de verterlo al alcantarillado p\u00fablico, a fin de asegurar el cumplimiento de los requisitos de calidad de vertido establecido por la normativa europea.<\/p>\n<p>El reiterado mal estado de depuraci\u00f3n de esta depuradora nos ha llevado a dirigir una <a href=\"\/wp-content\/uploads\/2018\/08\/20180806%20-%20Carta%20a%20Milagros%20Tol%C3%B3n%20-%20Vertidos%20Tajo.pdf\" target=\"_blank\" rel=\"noopener\">carta a la alcaldesa de Toledo que puedes ver aqu\u00ed<\/a> y que, como carta abierta, hemos enviado a los medios de comunicaci\u00f3n.<\/p>\n","protected":false},"excerpt":{"rendered":"<p>En esta p\u00e1gina publicamos tu denuncia gr\u00e1fica. Seguramente pasas a menudo cerca del r\u00edo Tajo a su paso por cualquier punto de la provincia de Toledo. Seguramente, a menudo miras y te dices: &#8220;\u00a1Que asco de r\u00edo!&#8221; &#8220;\u00a1Hay que ver &hellip; <a href=\"https:\/\/tajotoledo.es\/?page_id=2617\">Continuar<\/a><\/p>\n","protected":false},"author":3,"featured_media":0,"parent":0,"menu_order":0,"comment_status":"closed","ping_status":"closed","template":"page-feature.php","meta":[],"_links":{"self":[{"href":"https:\/\/tajotoledo.es\/index.php?rest_route=\/wp\/v2\/pages\/2617"}],"collection":[{"href":"https:\/\/tajotoledo.es\/index.php?rest_route=\/wp\/v2\/pages"}],"about":[{"href":"https:\/\/tajotoledo.es\/index.php?rest_route=\/wp\/v2\/types\/page"}],"author":[{"embeddable":true,"href":"https:\/\/tajotoledo.es\/index.php?rest_route=\/wp\/v2\/users\/3"}],"replies":[{"embeddable":true,"href":"https:\/\/tajotoledo.es\/index.php?rest_route=%2Fwp%2Fv2%2Fcomments&post=2617"}],"version-history":[{"count":12,"href":"https:\/\/tajotoledo.es\/index.php?rest_route=\/wp\/v2\/pages\/2617\/revisions"}],"predecessor-version":[{"id":2652,"href":"https:\/\/tajotoledo.es\/index.php?rest_route=\/wp\/v2\/pages\/2617\/revisions\/2652"}],"wp:attachment":[{"href":"https:\/\/tajotoledo.es\/index.php?rest_route=%2Fwp%2Fv2%2Fmedia&parent=2617"}],"curies":[{"name":"wp","href":"https:\/\/api.w.org\/{rel}","templated":true}]}}