{"id":194,"date":"2015-03-22T01:46:46","date_gmt":"2015-03-22T00:46:46","guid":{"rendered":"http:\/\/tajotoledo.es\/?page_id=194"},"modified":"2016-03-26T22:42:25","modified_gmt":"2016-03-26T21:42:25","slug":"actividades","status":"publish","type":"page","link":"https:\/\/tajotoledo.es\/?page_id=194","title":{"rendered":"Actividades y eventos"},"content":{"rendered":"<p style=\"text-align: justify;\">La recuperaci\u00f3n del Tajo como r\u00edo vivo no es una tarea f\u00e1cil ni de obcecaci\u00f3n de un grupo de personas m\u00e1s o menos sensibilizadas con los usos del r\u00edo o con el estado de sus aguas, de su fauna, de su vegetaci\u00f3n o de su entorno. Es una tarea colectiva y necesaria para motivar la voluntad pol\u00edtica que le devuelva la vida que antes tuvo y que nunca debimos consentir que se perdiera.<\/p>\n<p style=\"text-align: justify;\">Por eso, la actividad de la Plataforma de Toledo en Defensa del Tajo tiene una doble vertiente. Por una parte organiza actividades propias con las que visibilizar los problemas del Tajo y sensibilizar a la ciudadan\u00eda. Por otra,\u00a0 motiva y propone actividades que involucren a otros colectivos e instituciones para que las asuman como propias. De este modo conseguiremos ese reto colectivo y multidisciplinar de recuperar la vida del Tajo.<\/p>\n<p style=\"text-align: justify;\">El r\u00edo Tajo ha sido un elemento vertebrador en la construcci\u00f3n y el desarrollo de Toledo como ciudad y en su configuraci\u00f3n paisaj\u00edstica. De Toledo podemos poner en valor cada uno de sus monumentos y rincones por separado; pero, cuando el valor a resaltar es Toledo, utilizamos alguna de las siguientes estampas: la vista panor\u00e1mica desde el Parador, la postal de los ba\u00f1istas de Safont o la vista del Puente de San Mart\u00edn con el Monasterio de San Juan de los Reyes y el molino de Santa Ana. En todas, el r\u00edo Tajo es el elemento configurador del paisaje.<\/p>\n<p style=\"text-align: justify;\"><a href=\"http:\/\/tajotoledo.es\/wp-content\/uploads\/2015\/03\/3%20panoramicas%20de%20Toledo%20y%20el%20Tajo..JPG\"><img class=\" wp-image-85 size-medium alignleft\" title=\"Tres vistas de Toledo y el Tajo\" src=\"http:\/\/tajotoledo.es\/wp-content\/uploads\/2015\/03\/3%20panoramicas%20de%20Toledo%20y%20el%20Tajo..JPG\" alt=\"\" \/><\/a><\/p>\n","protected":false},"excerpt":{"rendered":"<p>La recuperaci\u00f3n del Tajo como r\u00edo vivo no es una tarea f\u00e1cil ni de obcecaci\u00f3n de un grupo de personas m\u00e1s o menos sensibilizadas con los usos del r\u00edo o con el estado de sus aguas, de su fauna, de &hellip; <a href=\"https:\/\/tajotoledo.es\/?page_id=194\">Continuar<\/a><\/p>\n","protected":false},"author":1,"featured_media":0,"parent":0,"menu_order":0,"comment_status":"open","ping_status":"open","template":"page-feature.php","meta":[],"_links":{"self":[{"href":"https:\/\/tajotoledo.es\/index.php?rest_route=\/wp\/v2\/pages\/194"}],"collection":[{"href":"https:\/\/tajotoledo.es\/index.php?rest_route=\/wp\/v2\/pages"}],"about":[{"href":"https:\/\/tajotoledo.es\/index.php?rest_route=\/wp\/v2\/types\/page"}],"author":[{"embeddable":true,"href":"https:\/\/tajotoledo.es\/index.php?rest_route=\/wp\/v2\/users\/1"}],"replies":[{"embeddable":true,"href":"https:\/\/tajotoledo.es\/index.php?rest_route=%2Fwp%2Fv2%2Fcomments&post=194"}],"version-history":[{"count":10,"href":"https:\/\/tajotoledo.es\/index.php?rest_route=\/wp\/v2\/pages\/194\/revisions"}],"predecessor-version":[{"id":805,"href":"https:\/\/tajotoledo.es\/index.php?rest_route=\/wp\/v2\/pages\/194\/revisions\/805"}],"wp:attachment":[{"href":"https:\/\/tajotoledo.es\/index.php?rest_route=%2Fwp%2Fv2%2Fmedia&parent=194"}],"curies":[{"name":"wp","href":"https:\/\/api.w.org\/{rel}","templated":true}]}}