{"id":1832,"date":"2017-08-25T10:28:38","date_gmt":"2017-08-25T08:28:38","guid":{"rendered":"http:\/\/tajotoledo.es\/?page_id=1832"},"modified":"2023-12-17T22:57:57","modified_gmt":"2023-12-17T21:57:57","slug":"estudios","status":"publish","type":"page","link":"https:\/\/tajotoledo.es\/?page_id=1832","title":{"rendered":"Estudios"},"content":{"rendered":"<h5 style=\"text-align: center;\"><strong>(Si observas que alg\u00fan enlace no funciona, <a href=\"http:\/\/tajotoledo.es\/?page_id=406\" target=\"_blank\" rel=\"noopener noreferrer\">h\u00e1znoslo saber<\/a>. Gracias.)<\/strong><\/h5>\n<p><a href=\"https:\/\/www.researchgate.net\/profile\/Enrique-San-Martin-2\/publication\/376086265_Es_cara_el_agua_del_trasvase_Tajo-Segura_Recuperacion_de_costes_subvenciones_y_tarifas\/links\/656a24ccb86a1d521b262894\/Es-cara-el-agua-del-trasvase-Tajo-Segura-Recuperacion-de-costes-subvenciones-y-tarifas.pdf?_tp=eyJjb250ZXh0Ijp7ImZpcnN0UGFnZSI6InB1YmxpY2F0aW9uIiwicGFnZSI6InB1YmxpY2F0aW9uIn19\" target=\"_blank\" rel=\"noopener noreferrer\">Informe &#8220;\u00bfEs cara el agua del Trasvase Tajo-Segura? Recuperaci\u00f3n de costes, subvenciones y tarifas<\/a>. E.San Mart\u00edn y B. Larraz. Julio 2022. (Enlace a la <a href=\"https:\/\/www.researchgate.net\/publication\/376086265_Es_cara_el_agua_del_trasvase_Tajo-Segura_Recuperacion_de_costes_subvenciones_y_tarifas\" target=\"_blank\" rel=\"noopener noreferrer\">publicaci\u00f3n original<\/a>).<\/p>\n<p><a href=\"https:\/\/d80g3k8vowjyp.cloudfront.net\/downloads\/informe_final_junio_2018_ed1_final_viernes.pdf\" target=\"_blank\" rel=\"noopener noreferrer\">Informe &#8220;La burbuja del regad\u00edo: El caso del Mar Menor. Evoluci\u00f3n de 1977 a 2017&#8221;<\/a>. ANSE-WWF, 2018.<\/p>\n<p><a href=\"\/wp-content\/uploads\/2018\/03\/Informe%20impactos%20socioecon%C3%B3micos%20ATS%20en%20AMREEB%20-%207%20Marzo%202018.pdf\" target=\"_blank\" rel=\"noopener noreferrer\">Informe de impactos socioecon\u00f3micos del TTS en los Municipios Ribere\u00f1os de Entrepe\u00f1as y Buend\u00eda<\/a>. Enrique San Mart\u00edn, Nuria Hern\u00e1ndez-Mora y Beatriz Larraz.<\/p>\n<p><a href=\"https:\/\/es.greenpeace.org\/es\/wp-content\/uploads\/sites\/3\/2017\/11\/Sequia-Falta-de-Agua_WEB-1.pdf\" target=\"_blank\" rel=\"noopener noreferrer\">Sequ\u00eda, algo m\u00e1s que falta de agua<\/a>. Greenpeace Espa\u00f1a, 2017.<\/p>\n<p><a href=\"http:\/\/www.greenpeace.org\/espana\/Global\/espana\/2017\/documentos\/LA%20TRAMA%20DEL%20AGUA-web.pdf\" target=\"_blank\" rel=\"noopener noreferrer\">La trama del agua en la cuenca del Segura 10 a\u00f1os despu\u00e9s<\/a>. Greenpeace Espa\u00f1a, 2017.<\/p>\n<ul>\n<li><a href=\"\/wp-content\/uploads\/2017\/10\/Consideraciones%20informe%20Greenpeace%20Trama%20del%20Agua.pdf\" target=\"_blank\" rel=\"noopener noreferrer\">Consideraciones al informe de GPE<\/a>. Julia Mart\u00ednez, 2017.<\/li>\n<li><a href=\"\/wp-content\/uploads\/2017\/10\/El%20informe%20de%20GPE%20en%20Radio5.mp3\" target=\"_blank\" rel=\"noopener noreferrer\">En un mundo feliz &#8211; El agua del sureste espa\u00f1ol<\/a>. Radio5 de RNE, 2017.<\/li>\n<li>Cr\u00edticas al informe de GPE: <a href=\"http:\/\/www.laverdad.es\/murcia\/comunidad-califica-informe-20170824192254-nt.html#\" target=\"_blank\" rel=\"noopener noreferrer\">laverdad.es<\/a> &#8211; <a href=\"http:\/\/www.eldiario.es\/murcia\/medio_ambiente\/expertos-desmonta-informe-Greenpeace-Segura_0_698880683.html\" target=\"_blank\" rel=\"noopener noreferrer\">eldiario.es<\/a> &#8211; <a href=\"http:\/\/www.diarioinformacion.com\/vega-baja\/2017\/08\/26\/pp-carga-greenpeace-negar-estudio\/1929669.html\" target=\"_blank\" rel=\"noopener noreferrer\">diarioinformaci\u00f3n.com<\/a> &#8211; <a href=\"http:\/\/eldiadigital.es\/not\/234045\/hidrogeologos-rebaten-el-informe-greenpeace-que-decia-que-murcia-era-autosuficiente-sin-el-trasvase\/\" target=\"_blank\" rel=\"noopener noreferrer\">eldigital.es<\/a> &#8211; <a href=\"http:\/\/cadenaser.com\/emisora\/2017\/10\/19\/radio_murcia\/1508408622_470822.html\" target=\"_blank\" rel=\"noopener noreferrer\">Cadena SER: Informe de expertos<\/a>.<\/li>\n<li><a href=\"http:\/\/archivo-es.greenpeace.org\/espana\/es\/Blog\/respuesta-a-la-carta-contra-el-informe-la-tra\/blog\/60595\/\" target=\"_blank\" rel=\"noopener noreferrer\">Respuesta de Greenpeace al informe de expertos<\/a>.<\/li>\n<\/ul>\n<p><a href=\"http:\/\/www.greenpeace.org\/espana\/Global\/espana\/report\/other\/el-negocio-del-agua-en-la-cuen.pdf\" target=\"_blank\" rel=\"noopener noreferrer\">El negocio del agua en la cuenca del Segura<\/a>. Greenpeace Espa\u00f1a. 2007.<\/p>\n<p><a href=\"http:\/\/esparvel.org\/publicaciones\/otras_publicaciones\/proyecto-rio-tajo-2000\/\" target=\"_blank\" rel=\"noopener noreferrer\">Proyecto &#8220;R\u00edo Tajo 2000&#8221;<\/a>. Esparvel. 2000.<\/p>\n","protected":false},"excerpt":{"rendered":"<p>(Si observas que alg\u00fan enlace no funciona, h\u00e1znoslo saber. Gracias.) Informe &#8220;\u00bfEs cara el agua del Trasvase Tajo-Segura? Recuperaci\u00f3n de costes, subvenciones y tarifas. E.San Mart\u00edn y B. Larraz. Julio 2022. (Enlace a la publicaci\u00f3n original). Informe &#8220;La burbuja del &hellip; <a href=\"https:\/\/tajotoledo.es\/?page_id=1832\">Continuar<\/a><\/p>\n","protected":false},"author":3,"featured_media":0,"parent":0,"menu_order":0,"comment_status":"closed","ping_status":"closed","template":"page-feature.php","meta":[],"_links":{"self":[{"href":"https:\/\/tajotoledo.es\/index.php?rest_route=\/wp\/v2\/pages\/1832"}],"collection":[{"href":"https:\/\/tajotoledo.es\/index.php?rest_route=\/wp\/v2\/pages"}],"about":[{"href":"https:\/\/tajotoledo.es\/index.php?rest_route=\/wp\/v2\/types\/page"}],"author":[{"embeddable":true,"href":"https:\/\/tajotoledo.es\/index.php?rest_route=\/wp\/v2\/users\/3"}],"replies":[{"embeddable":true,"href":"https:\/\/tajotoledo.es\/index.php?rest_route=%2Fwp%2Fv2%2Fcomments&post=1832"}],"version-history":[{"count":16,"href":"https:\/\/tajotoledo.es\/index.php?rest_route=\/wp\/v2\/pages\/1832\/revisions"}],"predecessor-version":[{"id":4137,"href":"https:\/\/tajotoledo.es\/index.php?rest_route=\/wp\/v2\/pages\/1832\/revisions\/4137"}],"wp:attachment":[{"href":"https:\/\/tajotoledo.es\/index.php?rest_route=%2Fwp%2Fv2%2Fmedia&parent=1832"}],"curies":[{"name":"wp","href":"https:\/\/api.w.org\/{rel}","templated":true}]}}