{"id":1101,"date":"2016-07-27T13:09:39","date_gmt":"2016-07-27T12:09:39","guid":{"rendered":"http:\/\/tajotoledo.es\/?page_id=1101"},"modified":"2017-05-09T18:46:14","modified_gmt":"2017-05-09T16:46:14","slug":"articulos","status":"publish","type":"page","link":"https:\/\/tajotoledo.es\/?page_id=1101","title":{"rendered":"Art\u00edculos"},"content":{"rendered":"<p style=\"text-align: justify;\">En esta secci\u00f3n podr\u00e1s encontrar una selecci\u00f3n de art\u00edculos de todo tipo ordenados por fecha de aparici\u00f3n y relacionados con el Tajo, particularmente con el tramo medio que discurre por la provincia de Toledo..<\/p>\n<p style=\"text-align: justify;\">En un primer grupo aparecer\u00e1n aquellos <a href=\"http:\/\/tajotoledo.es\/?page_id=722\" target=\"_blank\" rel=\"noopener noreferrer\">art\u00edculos de relevancia cient\u00edfica<\/a>, t\u00e9cnica y acad\u00e9mica, incluyendo tesis doctorales, estudios de investigaci\u00f3n, trabajos de fin de grado y otros trabajos de corte acad\u00e9mico.<\/p>\n<p style=\"text-align: justify;\">En otro grupo encontrar\u00e1s <a href=\"http:\/\/tajotoledo.es\/?page_id=1104\" target=\"_blank\" rel=\"noopener noreferrer\">art\u00edculos de corte hist\u00f3rico<\/a>, literario, period\u00edstico, etnogr\u00e1fico, cultural, ambiental, etc.<\/p>\n<p style=\"text-align: justify;\">En cualquier caso son art\u00edculos que nos permitir\u00e1n conocer el estado, perfil y din\u00e1mica del Tajo y algunos de sus afluentes a lo largo del tiempo. Que nos hablen del pasado, que nos cuenten su devenir, que nos analicen y cuestionen su estado actual y nos permitan actuar para que su futuro sea el m\u00e1s sostenible y provecho posible.<\/p>\n<p style=\"text-align: justify;\">\n","protected":false},"excerpt":{"rendered":"<p>En esta secci\u00f3n podr\u00e1s encontrar una selecci\u00f3n de art\u00edculos de todo tipo ordenados por fecha de aparici\u00f3n y relacionados con el Tajo, particularmente con el tramo medio que discurre por la provincia de Toledo.. En un primer grupo aparecer\u00e1n aquellos &hellip; <a href=\"https:\/\/tajotoledo.es\/?page_id=1101\">Continuar<\/a><\/p>\n","protected":false},"author":3,"featured_media":0,"parent":0,"menu_order":0,"comment_status":"closed","ping_status":"closed","template":"page-feature.php","meta":[],"_links":{"self":[{"href":"https:\/\/tajotoledo.es\/index.php?rest_route=\/wp\/v2\/pages\/1101"}],"collection":[{"href":"https:\/\/tajotoledo.es\/index.php?rest_route=\/wp\/v2\/pages"}],"about":[{"href":"https:\/\/tajotoledo.es\/index.php?rest_route=\/wp\/v2\/types\/page"}],"author":[{"embeddable":true,"href":"https:\/\/tajotoledo.es\/index.php?rest_route=\/wp\/v2\/users\/3"}],"replies":[{"embeddable":true,"href":"https:\/\/tajotoledo.es\/index.php?rest_route=%2Fwp%2Fv2%2Fcomments&post=1101"}],"version-history":[{"count":6,"href":"https:\/\/tajotoledo.es\/index.php?rest_route=\/wp\/v2\/pages\/1101\/revisions"}],"predecessor-version":[{"id":1610,"href":"https:\/\/tajotoledo.es\/index.php?rest_route=\/wp\/v2\/pages\/1101\/revisions\/1610"}],"wp:attachment":[{"href":"https:\/\/tajotoledo.es\/index.php?rest_route=%2Fwp%2Fv2%2Fmedia&parent=1101"}],"curies":[{"name":"wp","href":"https:\/\/api.w.org\/{rel}","templated":true}]}}