{"id":869,"date":"2016-04-14T05:12:13","date_gmt":"2016-04-14T04:12:13","guid":{"rendered":"http:\/\/tajotoledo.es\/?page_id=869"},"modified":"2016-04-14T05:28:54","modified_gmt":"2016-04-14T04:28:54","slug":"curso-de-gestion-y-planificacion-del-tajo","status":"publish","type":"page","link":"http:\/\/tajotoledo.es\/?page_id=869","title":{"rendered":"Curso de Gesti\u00f3n y Planificaci\u00f3n del Tajo."},"content":{"rendered":"<p style=\"text-align: justify;\"><a href=\"http:\/\/tajotoledo.es\/wp-content\/uploads\/2016\/04\/Cartel-Curso-Propio-UCLM.jpg\" rel=\"attachment wp-att-871\"><img loading=\"lazy\" class=\"alignleft wp-image-871\" src=\"http:\/\/tajotoledo.es\/wp-content\/uploads\/2016\/04\/Cartel-Curso-Propio-UCLM-207x300.jpg\" alt=\"Cartel Curso Propio UCLM\" width=\"207\" height=\"300\" srcset=\"http:\/\/tajotoledo.es\/wp-content\/uploads\/2016\/04\/Cartel-Curso-Propio-UCLM-207x300.jpg 207w, http:\/\/tajotoledo.es\/wp-content\/uploads\/2016\/04\/Cartel-Curso-Propio-UCLM.jpg 544w\" sizes=\"(max-width: 207px) 100vw, 207px\" \/><\/a>En colaboraci\u00f3n con la Fundaci\u00f3n Nueva Cultura del Agua (FNCA), la Universidad de Zaragoza (UZ) emprende todos los a\u00f1os el <strong><a href=\"http:\/\/www.mastergestionaguas.eu\" target=\"_blank\"><span class=\"il\">MASTER<\/span> EN GESTI\u00d3N FLUVIAL SOSTENIBLE Y GESTI\u00d3N INTEGRADA DE AGUAS<\/a><\/strong> que incluye un estudio pr\u00e1ctico de alguna de las cuencas hidrogr\u00e1ficas peninsulares.<\/p>\n<p style=\"text-align: justify;\">Uno de ellos es el del Tajo, que la Universidad de Castilla-La Mancha (UCLM) lo ofrece como curso propio de 4 cr\u00e9ditos de libre configuraci\u00f3n (40 horas) bajo la denominaci\u00f3n de <strong><a href=\"http:\/\/www.cgpa-3.posgrado.uclm.es\/\" target=\"_blank\">CURSO PROPIO DE GESTI\u00d3N Y PLANIFICACI\u00d3N DEL AGUA EN LA CUENCA DEL TAJO<\/a><\/strong>. Este curso puede hacerse independientemente del mencionado M\u00e1ster de la UZ y por cualquier persona, sea alumna o no de la UCLM e independientemente de la formaci\u00f3n adquirida, ya que no se exige ning\u00fan requisito previo. Est\u00e1 abierto, por tanto, a cualquier persona interesada y especialmente dirigido a personas que trabajen en cualquier administraci\u00f3n o empresa dentro del \u00e1mbito de la gesti\u00f3n de aguas o que tengan responsabilidad administrativa o pol\u00edtica en ese \u00e1mbito.<\/p>\n<p style=\"text-align: justify;\">Este <strong><a href=\"http:\/\/www.cgpa-3.posgrado.uclm.es\/contenidos.aspx\" target=\"_blank\">caso pr\u00e1ctico se cursar\u00e1<\/a><\/strong> del 4 al 8 de julio de 2016 en la Facultad de Ciencias Juridicas y Sociales de Toledo y tiene un coste de inscripci\u00f3n de 100 euros, cuyo plazo est\u00e1 abierto hasta el 27 de junio de 2016.<\/p>\n","protected":false},"excerpt":{"rendered":"<p>En colaboraci\u00f3n con la Fundaci\u00f3n Nueva Cultura del Agua (FNCA), la Universidad de Zaragoza (UZ) emprende todos los a\u00f1os el MASTER EN GESTI\u00d3N FLUVIAL SOSTENIBLE Y GESTI\u00d3N INTEGRADA DE AGUAS que incluye un estudio pr\u00e1ctico de alguna de las cuencas &hellip; <a href=\"http:\/\/tajotoledo.es\/?page_id=869\">Continuar<\/a><\/p>\n","protected":false},"author":3,"featured_media":0,"parent":0,"menu_order":0,"comment_status":"closed","ping_status":"closed","template":"page-feature.php","meta":[],"_links":{"self":[{"href":"http:\/\/tajotoledo.es\/index.php?rest_route=\/wp\/v2\/pages\/869"}],"collection":[{"href":"http:\/\/tajotoledo.es\/index.php?rest_route=\/wp\/v2\/pages"}],"about":[{"href":"http:\/\/tajotoledo.es\/index.php?rest_route=\/wp\/v2\/types\/page"}],"author":[{"embeddable":true,"href":"http:\/\/tajotoledo.es\/index.php?rest_route=\/wp\/v2\/users\/3"}],"replies":[{"embeddable":true,"href":"http:\/\/tajotoledo.es\/index.php?rest_route=%2Fwp%2Fv2%2Fcomments&post=869"}],"version-history":[{"count":8,"href":"http:\/\/tajotoledo.es\/index.php?rest_route=\/wp\/v2\/pages\/869\/revisions"}],"predecessor-version":[{"id":879,"href":"http:\/\/tajotoledo.es\/index.php?rest_route=\/wp\/v2\/pages\/869\/revisions\/879"}],"wp:attachment":[{"href":"http:\/\/tajotoledo.es\/index.php?rest_route=%2Fwp%2Fv2%2Fmedia&parent=869"}],"curies":[{"name":"wp","href":"https:\/\/api.w.org\/{rel}","templated":true}]}}