{"id":862,"date":"2016-04-14T03:47:23","date_gmt":"2016-04-14T02:47:23","guid":{"rendered":"http:\/\/tajotoledo.es\/?page_id=862"},"modified":"2016-04-14T03:49:28","modified_gmt":"2016-04-14T02:49:28","slug":"862-2","status":"publish","type":"page","link":"http:\/\/tajotoledo.es\/?page_id=862","title":{"rendered":"Jornada de formaci\u00f3n b\u00e1sica de voluntariado."},"content":{"rendered":"<p style=\"text-align: justify;\">El <strong>tejido de sost\u00e9n<\/strong> de cualquier asociaci\u00f3n es el de sus <strong>socios y socias<\/strong>. Y el <strong>tejido que le da vida<\/strong>, color, satisfacci\u00f3n y alegr\u00eda es el de sus <strong>voluntarias y voluntarios<\/strong>. Para ser un r\u00edo de verdad, <strong>el Tajo necesita<\/strong>, precisamente, <strong>mucha vida<\/strong> y mucho color con los que producir satisfacciones, bienestar y alegr\u00eda, mucha alegr\u00eda.<\/p>\n<p style=\"text-align: justify;\"><a href=\"http:\/\/tajotoledo.es\/wp-content\/uploads\/2016\/03\/Copia-2-de-Jornada-de-voluntariado-13-03-2016.bmp\" rel=\"attachment wp-att-705\"><img loading=\"lazy\" class=\"alignleft wp-image-705\" src=\"http:\/\/tajotoledo.es\/wp-content\/uploads\/2016\/03\/Copia-2-de-Jornada-de-voluntariado-13-03-2016.bmp\" alt=\"Copia (2) de Jornada de voluntariado 13-03-2016\" width=\"311\" height=\"410\" \/><\/a>Para eso, desde la Plataforma de Toledo en Defensa del Tajo organizamos unas<strong> Jornadas de Voluntariado<\/strong> con la finalidad de configurar y formar grupos de voluntarios activos en las siguientes \u00e1reas:<\/p>\n<ul style=\"text-align: justify;\">\n<li><strong>Voluntariado Ambiental<\/strong>: Detecci\u00f3n de impactos en el Tajo a su paso por la ciudad y otras actividades medioambientales.<\/li>\n<li><strong>Voluntariado Tur\u00edstico<\/strong>: Informar a turistas y paseantes de la situaci\u00f3n del r\u00edo desde distintos lugares de inter\u00e9s.<\/li>\n<li><strong>Voluntariado Institucional<\/strong>: Colaboraci\u00f3n en la presentaci\u00f3n de quejas, denuncias, alegaciones y sugerencias ante las instituciones.<\/li>\n<\/ul>\n<p style=\"text-align: justify;\">La <strong>primera<\/strong> <strong>jornada<\/strong> tendr\u00e1 lugar el <strong>domingo 13 de Marzo<\/strong> <strong>a las 10:30 en el Molino de Santa Ana<\/strong> (bajo el Puente de San Mart\u00edn, en la Senda Ecol\u00f3gica). Ser\u00e1 la jornada inicial de formaci\u00f3n, de car\u00e1cter b\u00e1sico y com\u00fan para todos los grupos de voluntariado, y tendr\u00e1 la siguiente estructura:<\/p>\n<ul style=\"text-align: justify;\">\n<li><u>Sesi\u00f3n de ma\u00f1ana<\/u> (11:00 a 15:30)\n<ul>\n<li>Taller sobre ley de voluntariado.<\/li>\n<li>Problem\u00e1tica del Tajo en Toledo.<\/li>\n<li>Comida junto al r\u00edo (cada cual trae su picnic).<\/li>\n<\/ul>\n<\/li>\n<li><u>Sesi\u00f3n de tarde<\/u> (15:30 a 18:00).\n<ul>\n<li>Talleres sobre los diferentes voluntariados en la Plataforma.<\/li>\n<li>Conclusiones y evaluacion.<\/li>\n<\/ul>\n<\/li>\n<\/ul>\n<p style=\"text-align: justify;\">La segunda jornada est\u00e1 planificada para el domingo 3 de abril y ser\u00e1 espec\u00edfica para cada grupo de voluntariado. De ella avisaremo e informaremos oportunamente.<\/p>\n<p style=\"text-align: justify;\">Tienes <strong>m\u00e1s informaci\u00f3n<\/strong> en nuestra p\u00e1gina web: <a href=\"http:\/\/www.tajotoledo.es\"><strong>www.tajotoledo.es<\/strong><\/a>. <strong>Inscr\u00edbete<\/strong>, puedes hacerlo tambi\u00e9n desde <strong><a href=\"http:\/\/tajotoledo.es\/?page_id=396\">aqu\u00ed<\/a><\/strong>.<\/p>\n<p style=\"text-align: justify;\"><strong>\u00a1Dif\u00fandelo!.<\/strong> Te adjuntamos el correspondiente cartel. <strong>\u00a1Te esperamos!.<\/strong><\/p>\n","protected":false},"excerpt":{"rendered":"<p>El tejido de sost\u00e9n de cualquier asociaci\u00f3n es el de sus socios y socias. Y el tejido que le da vida, color, satisfacci\u00f3n y alegr\u00eda es el de sus voluntarias y voluntarios. Para ser un r\u00edo de verdad, el Tajo &hellip; <a href=\"http:\/\/tajotoledo.es\/?page_id=862\">Continuar<\/a><\/p>\n","protected":false},"author":3,"featured_media":0,"parent":0,"menu_order":0,"comment_status":"closed","ping_status":"closed","template":"page-feature.php","meta":[],"_links":{"self":[{"href":"http:\/\/tajotoledo.es\/index.php?rest_route=\/wp\/v2\/pages\/862"}],"collection":[{"href":"http:\/\/tajotoledo.es\/index.php?rest_route=\/wp\/v2\/pages"}],"about":[{"href":"http:\/\/tajotoledo.es\/index.php?rest_route=\/wp\/v2\/types\/page"}],"author":[{"embeddable":true,"href":"http:\/\/tajotoledo.es\/index.php?rest_route=\/wp\/v2\/users\/3"}],"replies":[{"embeddable":true,"href":"http:\/\/tajotoledo.es\/index.php?rest_route=%2Fwp%2Fv2%2Fcomments&post=862"}],"version-history":[{"count":3,"href":"http:\/\/tajotoledo.es\/index.php?rest_route=\/wp\/v2\/pages\/862\/revisions"}],"predecessor-version":[{"id":866,"href":"http:\/\/tajotoledo.es\/index.php?rest_route=\/wp\/v2\/pages\/862\/revisions\/866"}],"wp:attachment":[{"href":"http:\/\/tajotoledo.es\/index.php?rest_route=%2Fwp%2Fv2%2Fmedia&parent=862"}],"curies":[{"name":"wp","href":"https:\/\/api.w.org\/{rel}","templated":true}]}}