{"id":848,"date":"2016-04-12T13:35:25","date_gmt":"2016-04-12T12:35:25","guid":{"rendered":"http:\/\/tajotoledo.es\/?page_id=848"},"modified":"2016-04-12T13:35:25","modified_gmt":"2016-04-12T12:35:25","slug":"taller-de-pancartas-2","status":"publish","type":"page","link":"http:\/\/tajotoledo.es\/?page_id=848","title":{"rendered":"Taller de pancartas"},"content":{"rendered":"<p style=\"text-align: justify;\"><span style=\"text-decoration: underline; color: #0000ff;\"><strong>Taller de pancartas<\/strong><\/span><\/p>\n<p style=\"text-align: justify;\"><strong>Las pancartas<\/strong> son un tipo de carteler\u00eda que nos permite visibilizar una queja, hacer una reivindicaci\u00f3n, ejercitar una protesta, manifestar una disconformidad o una adhesi\u00f3n, informar de una situaci\u00f3n o de un evento. <strong>Tienen una finalidad propagand\u00edstica, publicitaria o informativa<\/strong>. En general, la Plataforma de Toledo en Defensa del Tajo utiliza las pa<a href=\"http:\/\/tajotoledo.es\/wp-content\/uploads\/2016\/04\/Cartel-Taller-Pancartas.jpg\" rel=\"attachment wp-att-832\"><img loading=\"lazy\" class=\"size-medium wp-image-832 alignleft\" src=\"http:\/\/tajotoledo.es\/wp-content\/uploads\/2016\/04\/Cartel-Taller-Pancartas-300x212.jpg\" alt=\"Cartel Taller Pancartas\" width=\"300\" height=\"212\" srcset=\"http:\/\/tajotoledo.es\/wp-content\/uploads\/2016\/04\/Cartel-Taller-Pancartas-300x212.jpg 300w, http:\/\/tajotoledo.es\/wp-content\/uploads\/2016\/04\/Cartel-Taller-Pancartas-768x544.jpg 768w, http:\/\/tajotoledo.es\/wp-content\/uploads\/2016\/04\/Cartel-Taller-Pancartas-1024x725.jpg 1024w, http:\/\/tajotoledo.es\/wp-content\/uploads\/2016\/04\/Cartel-Taller-Pancartas.jpg 1186w\" sizes=\"(max-width: 300px) 100vw, 300px\" \/><\/a>ncartas con fines informativos, ya sea en un contexto de protesta, adhesi\u00f3n o adhesi\u00f3n.<\/p>\n<p style=\"text-align: justify;\">En cualquier organizaci\u00f3n, siempre que se cuenta con medios econ\u00f3micos, es m\u00e1s c\u00f3modo y menos engorroso hacer el encargo del dise\u00f1o y produccion de las pancartas a una empresa de publicidad. Sin embargo, <strong>es mucho m\u00e1s barato y enriquecedor organizar talleres donde dar rienda suelta a la creatividad y sentir la satisfacci\u00f3n de haber contribuido a la causa del Tajo con nuestras propias manos<\/strong>. Y por supuesto, como cualquier otro evento donde se citan personas para poner algo en com\u00fan, se estrechan lazos de humanidad y solidadaridad que <strong>sirven de terapia grupal<\/strong> en favor del motivo que les congrega. Por tanto, incluso si tuvi\u00e9ramos medios econ\u00f3micos, os invitaremos a los amigos y amigas del Tajo a compartir espacio, tiempo y causa.<\/p>\n<p style=\"text-align: justify;\">Adem\u00e1s, en la Plataforma de Toledo en Defensa del Tajo, <strong>procuramos utilizar materiales lo m\u00e1s respetuosos con la naturaleza<\/strong> cuando su vida \u00fatil llega a su fin. Procuramos usar soportes de tela o papel y tintas no derivadas del petr\u00f3leo que tengan el menor impacto ambiental. <strong>Evitamos el uso de pl\u00e1sticos<\/strong> y reutilizamos el material todo lo que da de s\u00ed.<\/p>\n<p style=\"text-align: justify;\"><strong><a href=\"http:\/\/tajotoledo.es\/?page_id=406\">Ap\u00fantate<\/a><\/strong> al taller de pancartas. Seguramente tengas mucho que aportar, aunque no es necesario que lleves material alguno; si acaso protecci\u00f3n contra las manchas. Te esperamos <strong>a las 17:00 el d\u00eda 8 de abril en el Molino de Santa Ana<\/strong>, bajo el puente de San Martin y al paso de la senda ecol\u00f3gica.<\/p>\n","protected":false},"excerpt":{"rendered":"<p>Taller de pancartas Las pancartas son un tipo de carteler\u00eda que nos permite visibilizar una queja, hacer una reivindicaci\u00f3n, ejercitar una protesta, manifestar una disconformidad o una adhesi\u00f3n, informar de una situaci\u00f3n o de un evento. Tienen una finalidad propagand\u00edstica, &hellip; <a href=\"http:\/\/tajotoledo.es\/?page_id=848\">Continuar<\/a><\/p>\n","protected":false},"author":3,"featured_media":0,"parent":0,"menu_order":0,"comment_status":"closed","ping_status":"closed","template":"page-feature.php","meta":[],"_links":{"self":[{"href":"http:\/\/tajotoledo.es\/index.php?rest_route=\/wp\/v2\/pages\/848"}],"collection":[{"href":"http:\/\/tajotoledo.es\/index.php?rest_route=\/wp\/v2\/pages"}],"about":[{"href":"http:\/\/tajotoledo.es\/index.php?rest_route=\/wp\/v2\/types\/page"}],"author":[{"embeddable":true,"href":"http:\/\/tajotoledo.es\/index.php?rest_route=\/wp\/v2\/users\/3"}],"replies":[{"embeddable":true,"href":"http:\/\/tajotoledo.es\/index.php?rest_route=%2Fwp%2Fv2%2Fcomments&post=848"}],"version-history":[{"count":1,"href":"http:\/\/tajotoledo.es\/index.php?rest_route=\/wp\/v2\/pages\/848\/revisions"}],"predecessor-version":[{"id":849,"href":"http:\/\/tajotoledo.es\/index.php?rest_route=\/wp\/v2\/pages\/848\/revisions\/849"}],"wp:attachment":[{"href":"http:\/\/tajotoledo.es\/index.php?rest_route=%2Fwp%2Fv2%2Fmedia&parent=848"}],"curies":[{"name":"wp","href":"https:\/\/api.w.org\/{rel}","templated":true}]}}