{"id":722,"date":"2016-03-14T16:21:51","date_gmt":"2016-03-14T15:21:51","guid":{"rendered":"http:\/\/tajotoledo.es\/?page_id=722"},"modified":"2022-01-03T14:21:40","modified_gmt":"2022-01-03T13:21:40","slug":"articulos-cientificos-y-academicos","status":"publish","type":"page","link":"http:\/\/tajotoledo.es\/?page_id=722","title":{"rendered":"Art\u00edculos cient\u00edficos y acad\u00e9micos"},"content":{"rendered":"<h5 style=\"text-align: center;\"><strong>(Si observas que alg\u00fan enlace no funciona, <a href=\"http:\/\/tajotoledo.es\/?page_id=406\" target=\"_blank\" rel=\"noopener noreferrer\">h\u00e1znoslo saber<\/a>. Gracias.)<\/strong><\/h5>\n<p class=\"page_title\"><a href=\"\/wp-content\/uploads\/2021\/12\/Conectividad%20fluvial%20Comunidad%20Madrid%20-%20F%20Quiroga.pdf\" target=\"_blank\" rel=\"noopener noreferrer\">La conectividad de los cursos fluviales de la Comunidad de Madrid: una evaluaci\u00f3n ambiental a partir de proyectos globales de mapeo hidrogr\u00e1fico<\/a>. Fernando Garc\u00eda Quiroga. Diciembre 2021.<a href=\"https:\/\/revistas.ucm.es\/index.php\/OBMD\/article\/view\/79518\" target=\"_blank\" rel=\"noopener noreferrer\"> Observatorio Medioambiental de la Universidad Complutense de Madrid.<\/a><\/p>\n<p><a href=\"\/wp-content\/uploads\/2021\/10\/Larraz%20y%20San%20Martin%20%282021%29%20Es%20cara%20el%20agua%20del%20TTS%20Tarifas%20y%20subvenciones%20en%20la%20DMA%2013-8-21.pdf\" target=\"_blank\" rel=\"noopener noreferrer\">\u00bfEs cara el agua del trasvase Tajo-Segura? Tarifas y subvenciones en la Directiva Marco de Agua<\/a>. (<a href=\"\/wp-content\/uploads\/2021\/10\/Resumen%20Ejecutivo%20Larraz%20y%20San%20Martin%20%282021%29%20Es%20cara%20el%20agua%20del%20TTS%20Tarifas%20y%20subvenciones%20en%20la%20DMA%2013-8-2021.pdf\" target=\"_blank\" rel=\"noopener noreferrer\">Resumen ejecutivo<\/a>). Beatriz Larraz Iribas (UCLM, Toledo), Enrique San Mart\u00edn Gonz\u00e1lez (UNED, Madrid). Grupo de Investigaci\u00f3n del Tajo de la UCLM. Agosto 2021<\/p>\n<p><a href=\"https:\/\/www.tandfonline.com\/eprint\/NWJFUEJDIEYDWCCDSBRE\/full?target=10.1080\/02508060.2020.1753395\" target=\"_blank\" rel=\"noopener noreferrer\">When the river does not naturally flow: a case study of unsustainable management in the Tagus River (Spain)<\/a>. Gallego, M.S. Larraz, B. y San Mart\u00edn, E. Journal Water International. Mayo 2020.<\/p>\n<p><a href=\"https:\/\/www.tandfonline.com\/eprint\/ZQKGFN8QHAGRNM4B6MRI\/full?target=10.1080%2F02626667.2019.1708915&amp;\" target=\"_blank\" rel=\"noopener noreferrer\">Designing river water quality policy interventions with scarce data: the case of the Middle Tagus Basin, Spain<\/a>. A. Bolinches, L. De Stefano y J. Paredes. Hydrological Sciences Journal, enero de 2020.<\/p>\n<p><a href=\"https:\/\/www.ecologistasenaccion.org\/129361\/estado-del-rio-tajuna-y-propuestas-de-conservacion\/\" target=\"_blank\" rel=\"noopener noreferrer\">Estado del r\u00edo Taju\u00f1a y propuestas de conservaci\u00f3n<\/a>. Monograf\u00edas &#8220;R\u00edos madrile\u00f1os&#8221;. <a href=\"http:\/\/jaramavivo.blogspot.com\/\" target=\"_blank\" rel=\"noopener noreferrer\">Jarama Vivo<\/a>. Septiembre 2019.<\/p>\n<p><a href=\"https:\/\/www.educacion.gob.es\/teseo\/mostrarRef.do?ref=450336\" target=\"_blank\" rel=\"noopener noreferrer\">Concepto, an\u00e1lisis hist\u00f3rico y determinaci\u00f3n de excedentes de la cuenca del Tajo: aplicaci\u00f3n al trasvase Tajo-Segura<\/a>. Antonio de Lucas Sep\u00falveda. Universidad de Alcal\u00e1. 2019. <a href=\"http:\/\/elmeandro.com\/td_cahdet\/\" target=\"_blank\" rel=\"noopener noreferrer\">Blog del autor<\/a>.<\/p>\n<p><a href=\"\/wp-content\/uploads\/2019\/10\/Principales%20causas%20inundaciones%20y%20propuestas.pdf\" target=\"_blank\" rel=\"noopener noreferrer\">Principales causas de las inundaciones y propuestas<\/a>. Julia Mart\u00ednez. FNCA. 2019.<\/p>\n<p><a href=\"\/wp-content\/uploads\/2019\/04\/Identification%20contaminants%20Tagus%20river%20basin.pdf\" target=\"_blank\" rel=\"noopener noreferrer\">Identification of contaminants of concern in the upper Tagus river basin<\/a><br \/>\n(central Spain). Alba Arenas-S\u00e1nchez, Andreu Rico, David Rivas-Tabares y otros. 2019. (<a href=\"\/wp-content\/uploads\/2019\/04\/Identification%20contaminants%20Tagus%20river%20basin%20-%20traducci%C3%B3n.pdf\" target=\"_blank\" rel=\"noopener noreferrer\">Traducci\u00f3n del resumen y conclusiones<\/a>).<\/p>\n<div class=\"auto-fixed-top-forced article-title\" data-topline=\"158\">\n<div class=\"hide-on-fixed\">\n<p><a href=\"https:\/\/www.hydrol-earth-syst-sci.net\/22\/6473\/2018\/\" target=\"_blank\" rel=\"noopener noreferrer\">Climate change effects on the hydrology of the headwaters of the Tagus River: implications for the management of the Tagus\u2013Segura transfer<\/a>. Francisco Pellicer-Mart\u00ednez and Jos\u00e9 Miguel Mart\u00ednez-Paz. (<a href=\"\/wp-content\/uploads\/2020\/02\/Resumen%20incidencia%20del%20cambio%20clim%C3%A1tico%20en%20el%20ATS.pdf\" target=\"_blank\" rel=\"noopener noreferrer\">Resumen en castellano<\/a>).<\/p>\n<\/div>\n<\/div>\n<p><a href=\"\/wp-content\/uploads\/2019\/10\/Sostenibilidad%20-%20Nuevo%20lenguaje%20para%20viejas%20ideas%20-%20Orea%20y%20Villarino%20-%20Ambienta%202018%20.pdf\" target=\"_blank\" rel=\"noopener noreferrer\">Del impacto ambiental a la sostenibilidad: Nuevo lenguaje para viejas ideas<\/a>. G\u00f3mez Orea y G\u00f3mez Villarino. <a href=\"https:\/\/www.miteco.gob.es\/ministerio\/pags\/Biblioteca\/Revistas\/pdf%5FAM%2FPDF%5FAM%5FAmbienta%5F2018%5F123%5F54%5F71%2Epdf\" target=\"_blank\" rel=\"noopener noreferrer\">Ambienta 2018<\/a>.<\/p>\n<p style=\"text-align: justify;\"><a href=\"\/wp-content\/uploads\/2017\/03\/Del_Alberche_al_Rio_Bravo_Rios_de_cine_e.pdf\" target=\"_blank\" rel=\"noopener noreferrer\">Del Alberche al R\u00edo Bravo: r\u00edos toledanos en el cine<\/a>. De Mingo Lorente, A. 2016. (<a href=\"\/wp-content\/uploads\/2017\/03\/El%20Tajo%20y%20sus%20r%C3%ADos%20en%20pel%C3%ADculas.pdf\" target=\"_blank\" rel=\"noopener noreferrer\">Fotos<\/a>).<\/p>\n<p style=\"text-align: justify;\"><a href=\"\/wp-content\/uploads\/2016\/07\/FUNCIONALIDAD%20HIDROMORFOL\u00d3GICA%20Y%20DEPURACI\u00d3N%20NATURAL%20EN%20EL%20TAJO.pdf\" target=\"_blank\" rel=\"noopener noreferrer\">Funcionalidad hidromorfol\u00f3gica y depuraci\u00f3n natural en el Tajo<\/a>. Bodoque, J.M. y otros. 2016.<\/p>\n<p style=\"text-align: justify;\"><a href=\"\/wp-content\/uploads\/2016\/07\/Las%20disfuncionalidades%20de%20los%20mercados%20de%20agua%20en%20Espa\u00f1a%20-%20NHM%20y%20LM.pdf\" target=\"_blank\" rel=\"noopener noreferrer\">Las disfuncionalidades de los mercados del agua en Espa\u00f1a<\/a>. Hdez-Mora, N. y Del Moral, L. 2016.<\/p>\n<p style=\"text-align: justify;\"><a href=\"\/wp-content\/uploads\/2016\/02\/Los%20mercados%20del%20agua%20en%20Espa\u00f1a%20-%20Presente%20y%20perspectivas%20-%20CAJAMAR.pdf\" target=\"_blank\" rel=\"noopener noreferrer\">Los mercados del agua en Espa\u00f1a. Presente y perspectivas<\/a>. VV.AA. Cajamar. 2016.<\/p>\n<p style=\"text-align: justify;\"><a href=\"\/wp-content\/uploads\/2016\/11\/Hernandez-Mora&amp;DelMoral-Water%20Markets%20in%20Spain-Printed%20version-Geoforum-June2015.pdf\" target=\"_blank\" rel=\"noopener noreferrer\">Developing markets for water reallocation: Revisiting the experience of Spanish water mercantilizaci\u00f3n<\/a>. Nuria Hern\u00e1ndez-Mora, Leandro Del Moral.<\/p>\n<p style=\"text-align: justify;\"><a href=\"https:\/\/zaguan.unizar.es\/record\/31584\/files\/TAZ-TFM-2015-132.pdf\" target=\"_blank\" rel=\"noopener noreferrer\">El abastecimiento de Madrid. Retos de futuro<\/a>. (<a href=\"https:\/\/zaguan.unizar.es\/record\/31584?ln=es#\" target=\"_blank\" rel=\"noopener noreferrer\">Trabajo fin de M\u00e1ster<\/a>). Diego-Madrazo, P. 2015.<\/p>\n<p style=\"text-align: justify;\"><a href=\"\/wp-content\/uploads\/2015\/09\/La%20gesti\u00f3n%20insostenible%20del%20r\u00edo%20Tajo%20-%20San%20Martin_Larraz_HdezMora_Gallego_2015.pdf\" target=\"_blank\" rel=\"noopener noreferrer\">La Gesti\u00f3n insostenible del r\u00edo Tajo<\/a>. San Mart\u00edn, E; Larraz, B; Hdez-Mora, N; Gallego, M.S. 2015.<\/p>\n<p style=\"text-align: justify;\"><a href=\"\/wp-content\/uploads\/2016\/10\/Manuel_Attenagua_Espagnol.pdf\" target=\"_blank\" rel=\"noopener noreferrer\">ATTENAGUA: Una metodolog\u00eda para predecir los mejores emplazamientos para la explotaci\u00f3n de acu\u00edferos aluviales en territorio SUDOE (Suroeste de Europa)<\/a>. Varias universidades e instituciones europeas. Diciembre 2014.<\/p>\n<p style=\"text-align: justify;\"><a href=\"\/wp-content\/uploads\/2017\/01\/Transboundary%20Water%20Management%20under%20Climate%20Change%20-%20SAHOURI_NADINE_THESIS.pdf\" target=\"_blank\" rel=\"noopener noreferrer\">Transboundary Water Management under Climate Change<\/a>. SAHOURI NADINE. Julio 2014.<\/p>\n<p style=\"text-align: justify;\"><a href=\"\/wp-content\/uploads\/2017\/01\/Un%20an%C3%A1lisis%20econ%C3%B3mico%20de%20los%20trasvases%20de%20agua%20intercuencas%20-%20el%20trasvase%20tajo-segura%20-%20enrique_san_martin_doc_5_tesis_0.pdf\" target=\"_blank\" rel=\"noopener noreferrer\">Un an\u00e1lisis econ\u00f3mico de los trasvases de agua intercuencas: el trasvase Tajo-Segura<\/a>. <a href=\"https:\/\/www.fundacionaquae.org\/sites\/default\/files\/enrique_san_martin_doc_5_tesis_0.pdf\" target=\"_blank\" rel=\"noopener noreferrer\">San Mart\u00edn<\/a>, E. UNED 2011.<\/p>\n<p><a href=\"\/wp-content\/uploads\/2018\/08\/balance-econmico-del-trasvase-tajosegura%201979-1985%20-%20Melgarejo.pdf\" target=\"_blank\" rel=\"noopener noreferrer\">Balance econ\u00f3mico del Trasvase Tajo-Segura entre 1979 y 1985<\/a>. <a href=\"http:\/\/hdl.handle.net\/10045\/379\" target=\"_blank\" rel=\"noopener noreferrer\">Melgarejo<\/a>, J. Universidad de Alicante, 2000.<\/p>\n<p><a href=\"\/wp-content\/uploads\/2019\/10\/Impacto%20ambiental%20trasvases%20-%20Gomez%20Orea%20-%20Agricultura%20N%20740%201994.pdf\" target=\"_blank\" rel=\"noopener noreferrer\">Impacto ambiental de los trasvases<\/a>. G\u00f3mez Orea. <a href=\"https:\/\/dialnet.unirioja.es\/servlet\/articulo?codigo=933\" target=\"_blank\" rel=\"noopener noreferrer\">Agricultura n\u00ba 740<\/a>. 1994.<\/p>\n<p><a href=\"\/wp-content\/uploads\/2019\/10\/Domigo%20Go%CC%81mez%2C%20Alto%20Tajo%201990%20copia.pdf\" target=\"_blank\" rel=\"noopener noreferrer\">El Alto Tajo: Alternativas en zonas deprimidas de alta monta\u00f1a<\/a>. G\u00f3mez Orea. Agricultura n\u00ba 701. 1990.<\/p>\n<p>&nbsp;<\/p>\n","protected":false},"excerpt":{"rendered":"<p>(Si observas que alg\u00fan enlace no funciona, h\u00e1znoslo saber. Gracias.) La conectividad de los cursos fluviales de la Comunidad de Madrid: una evaluaci\u00f3n ambiental a partir de proyectos globales de mapeo hidrogr\u00e1fico. Fernando Garc\u00eda Quiroga. Diciembre 2021. Observatorio Medioambiental de &hellip; <a href=\"http:\/\/tajotoledo.es\/?page_id=722\">Continuar<\/a><\/p>\n","protected":false},"author":3,"featured_media":0,"parent":0,"menu_order":0,"comment_status":"closed","ping_status":"closed","template":"page-feature.php","meta":[],"_links":{"self":[{"href":"http:\/\/tajotoledo.es\/index.php?rest_route=\/wp\/v2\/pages\/722"}],"collection":[{"href":"http:\/\/tajotoledo.es\/index.php?rest_route=\/wp\/v2\/pages"}],"about":[{"href":"http:\/\/tajotoledo.es\/index.php?rest_route=\/wp\/v2\/types\/page"}],"author":[{"embeddable":true,"href":"http:\/\/tajotoledo.es\/index.php?rest_route=\/wp\/v2\/users\/3"}],"replies":[{"embeddable":true,"href":"http:\/\/tajotoledo.es\/index.php?rest_route=%2Fwp%2Fv2%2Fcomments&post=722"}],"version-history":[{"count":61,"href":"http:\/\/tajotoledo.es\/index.php?rest_route=\/wp\/v2\/pages\/722\/revisions"}],"predecessor-version":[{"id":3856,"href":"http:\/\/tajotoledo.es\/index.php?rest_route=\/wp\/v2\/pages\/722\/revisions\/3856"}],"wp:attachment":[{"href":"http:\/\/tajotoledo.es\/index.php?rest_route=%2Fwp%2Fv2%2Fmedia&parent=722"}],"curies":[{"name":"wp","href":"https:\/\/api.w.org\/{rel}","templated":true}]}}