{"id":646,"date":"2016-02-26T04:11:51","date_gmt":"2016-02-26T03:11:51","guid":{"rendered":"http:\/\/tajotoledo.es\/?page_id=646"},"modified":"2018-03-26T15:45:59","modified_gmt":"2018-03-26T13:45:59","slug":"audios","status":"publish","type":"page","link":"http:\/\/tajotoledo.es\/?page_id=646","title":{"rendered":"Audios"},"content":{"rendered":"<p><a href=\"https:\/\/canal.uned.es\/video\/5ab0d737b1111f59518b4570\" target=\"_blank\" rel=\"noopener\">Los trasvases y sus impactos socioecon\u00f3micos: El caso del Trasvase Tajo-Segura<\/a>. UNED, 22-03-2018<\/p>\n<p><a href=\"http:\/\/play.cadenaser.com\/widget\/audio\/1490180078_952454\/80\/?sec=widget\" target=\"_blank\" rel=\"noopener noreferrer\">La rentabilidad del Trasvase Tajo-Segura es un mito<\/a>. Enrique San Mart\u00edn. SER 22-03-2017<\/p>\n<p><a href=\"https:\/\/canal.uned.es\/mmobj\/index\/id\/25217\" target=\"_blank\" rel=\"noopener noreferrer\">El Tajo: diagn\u00f3stico de un r\u00edo maltratado.<\/a> UNED.19-03-2015<\/p>\n<p><a href=\"\/wp-content\/uploads\/2016\/11\/odisea10315-radiopuebla-ivoox4197834.mp3\" target=\"_blank\" rel=\"noopener noreferrer\">An\u00e1lisis Coste-Beneficio del Trasvase Tajo-Segura<\/a>. Enrique San Mart\u00edn. RadioPuebla. 10-03-2015<\/p>\n<p><a href=\"https:\/\/canal.uned.es\/mmobj\/index\/id\/48244\" target=\"_blank\" rel=\"noopener noreferrer\">Pol\u00edtica del Agua y Planificaci\u00f3n Hidrol\u00f3gica en Espa\u00f1a: el ejemplo del Tajo<\/a>. UNED. 18-02-2015<\/p>\n<p>&nbsp;<\/p>\n<p>&nbsp;<\/p>\n<p>&nbsp;<\/p>\n<p>&nbsp;<\/p>\n","protected":false},"excerpt":{"rendered":"<p>Los trasvases y sus impactos socioecon\u00f3micos: El caso del Trasvase Tajo-Segura. UNED, 22-03-2018 La rentabilidad del Trasvase Tajo-Segura es un mito. Enrique San Mart\u00edn. SER 22-03-2017 El Tajo: diagn\u00f3stico de un r\u00edo maltratado. UNED.19-03-2015 An\u00e1lisis Coste-Beneficio del Trasvase Tajo-Segura. Enrique &hellip; <a href=\"http:\/\/tajotoledo.es\/?page_id=646\">Continuar<\/a><\/p>\n","protected":false},"author":3,"featured_media":0,"parent":0,"menu_order":0,"comment_status":"closed","ping_status":"closed","template":"page-feature.php","meta":[],"_links":{"self":[{"href":"http:\/\/tajotoledo.es\/index.php?rest_route=\/wp\/v2\/pages\/646"}],"collection":[{"href":"http:\/\/tajotoledo.es\/index.php?rest_route=\/wp\/v2\/pages"}],"about":[{"href":"http:\/\/tajotoledo.es\/index.php?rest_route=\/wp\/v2\/types\/page"}],"author":[{"embeddable":true,"href":"http:\/\/tajotoledo.es\/index.php?rest_route=\/wp\/v2\/users\/3"}],"replies":[{"embeddable":true,"href":"http:\/\/tajotoledo.es\/index.php?rest_route=%2Fwp%2Fv2%2Fcomments&post=646"}],"version-history":[{"count":9,"href":"http:\/\/tajotoledo.es\/index.php?rest_route=\/wp\/v2\/pages\/646\/revisions"}],"predecessor-version":[{"id":2206,"href":"http:\/\/tajotoledo.es\/index.php?rest_route=\/wp\/v2\/pages\/646\/revisions\/2206"}],"wp:attachment":[{"href":"http:\/\/tajotoledo.es\/index.php?rest_route=%2Fwp%2Fv2%2Fmedia&parent=646"}],"curies":[{"name":"wp","href":"https:\/\/api.w.org\/{rel}","templated":true}]}}