{"id":636,"date":"2016-02-14T23:20:04","date_gmt":"2016-02-14T22:20:04","guid":{"rendered":"http:\/\/tajotoledo.es\/?page_id=636"},"modified":"2018-03-27T01:35:11","modified_gmt":"2018-03-26T23:35:11","slug":"uclm-rft","status":"publish","type":"page","link":"http:\/\/tajotoledo.es\/?page_id=636","title":{"rendered":"UCLM &#8211; RFT"},"content":{"rendered":"<p><a href=\"http:\/\/tajotoledo.es\/wp-content\/uploads\/2016\/02\/Larraz-y-De-Mesa.jpg\" rel=\"attachment wp-att-642\"><img loading=\"lazy\" class=\"alignleft size-medium wp-image-642\" src=\"http:\/\/tajotoledo.es\/wp-content\/uploads\/2016\/02\/Larraz-y-De-Mesa-300x189.jpg\" alt=\"Larraz y De Mesa\" width=\"300\" height=\"189\" srcset=\"http:\/\/tajotoledo.es\/wp-content\/uploads\/2016\/02\/Larraz-y-De-Mesa-300x189.jpg 300w, http:\/\/tajotoledo.es\/wp-content\/uploads\/2016\/02\/Larraz-y-De-Mesa-80x50.jpg 80w, http:\/\/tajotoledo.es\/wp-content\/uploads\/2016\/02\/Larraz-y-De-Mesa.jpg 642w\" sizes=\"(max-width: 300px) 100vw, 300px\" \/><\/a>Con la colaboraci\u00f3n de la <a href=\"http:\/\/www.realfundaciontoledo.es\">Real Fundaci\u00f3n de Toledo<\/a> (RFT), el <a href=\"https:\/\/blog.uclm.es\/grupotajo\/\">Grupo de Investigaci\u00f3n del Tajo de la Universidad de Castilla-La Mancha (UCLM)<\/a> organiza anualmente <a href=\"\/wp-content\/uploads\/2017\/02\/CICLO%20DE%20CONFERENCIAS%20UCLM%20-%20RFT.pdf\" target=\"_blank\" rel=\"noopener\">ciclos de conferencias<\/a> bajo el t\u00edtulo &#8220;Investigando el Tajo&#8221;.<\/p>\n<p>Gracias a la colaboraci\u00f3n Aurelio G\u00f3mez Castro, miembro de la Plataforma, podemos ofrecer la grabaci\u00f3n en video de casi todas las conferencias.<\/p>\n<p>Desde aqu\u00ed, reconocemos y agradecemos la buena disposici\u00f3n de la Real Fundaci\u00f3n de Toledo para colaborar en este proyecto -especialmente la de su presidente, Juan Ignacio de Mesa, y la del personal que lo hace posible- y, por supuesto los desvelos y el empe\u00f1o de Beatriz Larraz, promotora de ese Grupo de Investigaci\u00f3n del Tajo y promotora de los ciclos de conferencias.<\/p>\n<p><a href=\"\/wp-content\/uploads\/2018\/03\/Ciclo%20de%20Conferencias%20r%C3%ADo%20Tajo%202018.pdf\" target=\"_blank\" rel=\"noopener\">Consulta el ciclo actual de conferencias<\/a>.<\/p>\n","protected":false},"excerpt":{"rendered":"<p>Con la colaboraci\u00f3n de la Real Fundaci\u00f3n de Toledo (RFT), el Grupo de Investigaci\u00f3n del Tajo de la Universidad de Castilla-La Mancha (UCLM) organiza anualmente ciclos de conferencias bajo el t\u00edtulo &#8220;Investigando el Tajo&#8221;. Gracias a la colaboraci\u00f3n Aurelio G\u00f3mez &hellip; <a href=\"http:\/\/tajotoledo.es\/?page_id=636\">Continuar<\/a><\/p>\n","protected":false},"author":3,"featured_media":0,"parent":626,"menu_order":0,"comment_status":"closed","ping_status":"closed","template":"page-feature.php","meta":[],"_links":{"self":[{"href":"http:\/\/tajotoledo.es\/index.php?rest_route=\/wp\/v2\/pages\/636"}],"collection":[{"href":"http:\/\/tajotoledo.es\/index.php?rest_route=\/wp\/v2\/pages"}],"about":[{"href":"http:\/\/tajotoledo.es\/index.php?rest_route=\/wp\/v2\/types\/page"}],"author":[{"embeddable":true,"href":"http:\/\/tajotoledo.es\/index.php?rest_route=\/wp\/v2\/users\/3"}],"replies":[{"embeddable":true,"href":"http:\/\/tajotoledo.es\/index.php?rest_route=%2Fwp%2Fv2%2Fcomments&post=636"}],"version-history":[{"count":22,"href":"http:\/\/tajotoledo.es\/index.php?rest_route=\/wp\/v2\/pages\/636\/revisions"}],"predecessor-version":[{"id":638,"href":"http:\/\/tajotoledo.es\/index.php?rest_route=\/wp\/v2\/pages\/636\/revisions\/638"}],"up":[{"embeddable":true,"href":"http:\/\/tajotoledo.es\/index.php?rest_route=\/wp\/v2\/pages\/626"}],"wp:attachment":[{"href":"http:\/\/tajotoledo.es\/index.php?rest_route=%2Fwp%2Fv2%2Fmedia&parent=636"}],"curies":[{"name":"wp","href":"https:\/\/api.w.org\/{rel}","templated":true}]}}