{"id":626,"date":"2016-02-14T21:08:22","date_gmt":"2016-02-14T20:08:22","guid":{"rendered":"http:\/\/tajotoledo.es\/?page_id=626"},"modified":"2016-03-08T14:43:44","modified_gmt":"2016-03-08T13:43:44","slug":"conferencias","status":"publish","type":"page","link":"http:\/\/tajotoledo.es\/?page_id=626","title":{"rendered":"Conferencias"},"content":{"rendered":"<p style=\"text-align: justify;\">El conocimiento de lo que acontece alrededor de la gesti\u00f3n, planificaci\u00f3n y los usos del agua de la cuenca del Tajo es determinante a la hora de tomar partido en la defensa de los valores de nuestros r\u00edos y de poner esa defensa en la escala de valores que merece y que cada cual establecemos a t\u00edtulo personal en nuestra vida.<\/p>\n<p style=\"text-align: justify;\">Las conferencias son un elemento de difusi\u00f3n del conocimiento que, adem\u00e1s, suele venir avalado por elementos emp\u00edricos -como la observaci\u00f3n, el estudio, la experimentaci\u00f3n, la investigaci\u00f3n y la evaluaci\u00f3n- con los que\u00a0 el m\u00e9todo cient\u00edfico nos ofrece bastantes garant\u00edas de acierto e independencia.<\/p>\n<p style=\"text-align: justify;\">As\u00ed, en la medida de las posibilidades de colaboraci\u00f3n con que cuente la Plataforma, intentaremos ofrecer por este canal aquellas conferencias en las que participemos de alg\u00fan modo o de las que tengamos conocimiento por los colectivos e instituciones organizadoras.<\/p>\n<p style=\"text-align: justify;\">Incluimos es este apartado tanto conferencias como charlas y ponencias, ya sean en formato escrito, videogr\u00e1fico o radiof\u00f3nico.<\/p>\n<p style=\"text-align: justify;\">Sirva esta entrada para agradecer de antemano las facilidades que nos ofrezcen sus autores as\u00ed como a las personas e instituciones que colaboran en la obtenci\u00f3n y montaje de los soportes multimedia.<\/p>\n<p style=\"text-align: justify;\">\n","protected":false},"excerpt":{"rendered":"<p>El conocimiento de lo que acontece alrededor de la gesti\u00f3n, planificaci\u00f3n y los usos del agua de la cuenca del Tajo es determinante a la hora de tomar partido en la defensa de los valores de nuestros r\u00edos y de &hellip; <a href=\"http:\/\/tajotoledo.es\/?page_id=626\">Continuar<\/a><\/p>\n","protected":false},"author":3,"featured_media":0,"parent":22,"menu_order":0,"comment_status":"closed","ping_status":"closed","template":"page-feature.php","meta":[],"_links":{"self":[{"href":"http:\/\/tajotoledo.es\/index.php?rest_route=\/wp\/v2\/pages\/626"}],"collection":[{"href":"http:\/\/tajotoledo.es\/index.php?rest_route=\/wp\/v2\/pages"}],"about":[{"href":"http:\/\/tajotoledo.es\/index.php?rest_route=\/wp\/v2\/types\/page"}],"author":[{"embeddable":true,"href":"http:\/\/tajotoledo.es\/index.php?rest_route=\/wp\/v2\/users\/3"}],"replies":[{"embeddable":true,"href":"http:\/\/tajotoledo.es\/index.php?rest_route=%2Fwp%2Fv2%2Fcomments&post=626"}],"version-history":[{"count":3,"href":"http:\/\/tajotoledo.es\/index.php?rest_route=\/wp\/v2\/pages\/626\/revisions"}],"predecessor-version":[{"id":630,"href":"http:\/\/tajotoledo.es\/index.php?rest_route=\/wp\/v2\/pages\/626\/revisions\/630"}],"up":[{"embeddable":true,"href":"http:\/\/tajotoledo.es\/index.php?rest_route=\/wp\/v2\/pages\/22"}],"wp:attachment":[{"href":"http:\/\/tajotoledo.es\/index.php?rest_route=%2Fwp%2Fv2%2Fmedia&parent=626"}],"curies":[{"name":"wp","href":"https:\/\/api.w.org\/{rel}","templated":true}]}}