{"id":440,"date":"2015-06-07T21:33:03","date_gmt":"2015-06-07T20:33:03","guid":{"rendered":"http:\/\/tajotoledo.es\/?page_id=440"},"modified":"2024-09-01T23:56:10","modified_gmt":"2024-09-01T21:56:10","slug":"videos","status":"publish","type":"page","link":"http:\/\/tajotoledo.es\/?page_id=440","title":{"rendered":"Videos"},"content":{"rendered":"<h5 style=\"text-align: center;\"><strong>(Si observas que alg\u00fan enlace no funciona, <a href=\"http:\/\/tajotoledo.es\/?page_id=406\" target=\"_blank\" rel=\"noopener noreferrer\">h\u00e1znoslo saber<\/a>. Gracias.)<\/strong><\/h5>\n<h6 style=\"padding-left: 5px;\"><span style=\"color: #0000ff;\"><strong><a style=\"color: #0000ff;\" href=\"http:\/\/youtu.be\/cy_n3pbf8c0\" target=\"_blank\" rel=\"noopener noreferrer\">1965 &#8211; Un d\u00eda de ba\u00f1o familiar en la Playa de Safont (cortes\u00eda de Vicente Rodr\u00edguez Gonz\u00e1lez con c\u00e1mara de 8 mm.)<\/a><\/strong><\/span><\/h6>\n<h6 style=\"padding-left: 5px;\"><span style=\"color: #0000ff;\"><strong><a style=\"color: #0000ff;\" href=\"https:\/\/www.youtube.com\/watch?v=8yWSJfm4lGs\" target=\"_blank\" rel=\"noopener noreferrer\">2008 &#8211; Me llamo Toledo, devolvedme la vida<\/a><\/strong><\/span><\/h6>\n<h6><strong><span style=\"color: #0000ff;\">\u00a0 <a style=\"color: #0000ff;\" href=\"https:\/\/www.youtube.com\/watch?v=KPbwA8B8guA\" target=\"_blank\" rel=\"noopener noreferrer\">2011 &#8211; El Tajo (no) pasa por Toledo (Acto de bautismo del Tajo en Toledo con agua del Canal del TTS)<\/a><\/span><\/strong><\/h6>\n<h6 style=\"padding-left: 5px;\"><strong><span style=\"color: #0000ff;\"><a style=\"color: #0000ff;\" href=\"https:\/\/www.youtube.com\/watch?v=9tZzRGBZLHE\" target=\"_blank\" rel=\"noopener noreferrer\">2013 &#8211; R\u00edo Tajo: una llamada a la esperanza (Video promocional de la Plataforma)<\/a><\/span><\/strong><\/h6>\n<h6 style=\"padding-left: 5px;\"><strong><span style=\"color: #0000ff;\"><a style=\"color: #0000ff;\" href=\"https:\/\/www.youtube.com\/watch?v=QlgXnv2dt0w\" target=\"_blank\" rel=\"noopener noreferrer\">2014 &#8211; El eje del Tajo &#8211; El escarabajo verde (TVE)<\/a><\/span><\/strong><\/h6>\n<h6 style=\"padding-left: 5px;\"><span style=\"color: #0000ff;\"><strong><a style=\"color: #0000ff;\" title=\"Videos\" href=\"https:\/\/www.youtube.com\/watch?v=A5rYGpLZBnw\" target=\"_blank\" rel=\"noopener noreferrer\">2015 &#8211; R\u00edo Tajo, contaminado y moribundo (cortes\u00eda de Emilio Rubio)<\/a><\/strong><\/span><\/h6>\n<h6 style=\"padding-left: 5px;\"><span style=\"color: #0000ff;\"><strong><a style=\"color: #0000ff;\" title=\"Videos\" href=\"https:\/\/youtu.be\/GTPzBLzCA3M\" target=\"_blank\" rel=\"noopener noreferrer\">2015 &#8211; Tagus River, Toledo (Spain), a polluted dying river (cortes\u00eda de Emilio Rubio y Jaime Montero)<\/a><\/strong><\/span><\/h6>\n<h6><strong><span style=\"color: #0000ff;\"><a style=\"color: #0000ff;\" href=\"https:\/\/youtu.be\/IlldVVbnPyI\" target=\"_blank\" rel=\"noopener noreferrer\">\u00a02015 &#8211; Flashmob: El despojo del agua al Tajo. Asamblea de Aranjuez en defensa del Tajo<\/a><\/span><\/strong><\/h6>\n<h6 style=\"padding-left: 5px;\"><strong><span style=\"color: #0000ff;\"><a style=\"color: #0000ff;\" href=\"https:\/\/www.youtube.com\/watch?v=BioZYvCyreU\" target=\"_blank\" rel=\"noopener noreferrer\">2016 &#8211; Tajo espumado (Explosi\u00f3n de espumas el 15 de octubre, como las peores pesadillas de los a\u00f1os 70)<\/a><\/span><\/strong><\/h6>\n<h6 style=\"padding-left: 5px;\"><strong><span style=\"color: #0000ff;\"><a style=\"color: #0000ff;\" href=\"https:\/\/www.youtube.com\/watch?v=0cuTGmlJR-w\" target=\"_blank\" rel=\"noopener noreferrer\">2017 &#8211; Un trasvase en plena prohibici\u00f3n legal bajo el pretexto de &#8220;cesi\u00f3n entre particulares&#8221;<\/a><\/span><\/strong><\/h6>\n<h6 style=\"padding-left: 5px;\"><a href=\"http:\/\/mvod.lvlt.rtve.es\/resources\/TE_NGVA\/mp4\/9\/7\/1509092476379.mp4\" target=\"_blank\" rel=\"noopener noreferrer\"><strong><span style=\"color: #0000ff;\">2017 &#8211; El ultim\u00e1tum del Tajo &#8211; REPOR (TVE 24H)<\/span><\/strong><\/a><\/h6>\n<h6><strong><a href=\"https:\/\/youtu.be\/OgvX1IvrTE0\" target=\"_blank\" rel=\"noopener noreferrer\"><span style=\"color: #0000ff;\">\u00a0 2018 &#8211; As\u00ed vierte la depuradora del Pol\u00edgono Industrial<\/span><\/a><\/strong><\/h6>\n<h6><span style=\"color: #0000ff;\"><strong>\u00a0 <a style=\"color: #0000ff;\" href=\"https:\/\/toledoolvidado.blogspot.com\/2019\/06\/guillermo-zuniga-retrata-la-agonia-del.html\" target=\"_blank\" rel=\"noopener noreferrer\">2019 &#8211; Blog Toledo Olvidado: Guillermo Z\u00fa\u00f1iga retrata la agon\u00eda del Tajo en 1974<\/a><\/strong><\/span><\/h6>\n<h6><span style=\"color: #0000ff;\"><strong>\u00a0 <a style=\"color: #0000ff;\" href=\"https:\/\/youtu.be\/4C-Hp9RXnQ4\" target=\"_blank\" rel=\"noopener noreferrer\">2019 &#8211; V\u00eddeo divulgativo sobre gesti\u00f3n de inundaciones. MITECO<\/a><\/strong><\/span><\/h6>\n<h6><span style=\"color: #0000ff;\"><strong><a style=\"color: #0000ff;\" href=\"https:\/\/youtu.be\/X86lpQWT2rE\" target=\"_blank\" rel=\"noopener noreferrer\">\u00a0 2020 &#8211; Talavera Tajo: una ciudad y su r\u00edo. Miguel \u00c1ngel de la Cruz<\/a><\/strong><\/span><\/h6>\n<h6><strong><span style=\"color: #0000ff;\">\u00a0 <a style=\"color: #0000ff;\" href=\"https:\/\/youtu.be\/ftfDl3Os1DY\" target=\"_blank\" rel=\"noopener noreferrer\">2020 &#8211; Un Tajo Profundo: Recuerdos de Toledo. Audiovisuales Docecalles &#8211; EspiralArte.<\/a><\/span><\/strong><\/h6>\n<h6><span style=\"color: #0000ff;\"><strong><a style=\"color: #0000ff;\" href=\"https:\/\/vimeo.com\/895593778\/360eca7ac0?share=copy\" target=\"_blank\" rel=\"noopener noreferrer\">\u00a0 2024 &#8211; As\u00ed somos r\u00edos heridos. Yago Mazoy. Vimeo<\/a>.<\/strong><\/span><\/h6>\n<h6><strong><span style=\"color: #0000ff;\"><a style=\"color: #0000ff;\" href=\"https:\/\/youtu.be\/ncWedCEsjBA?feature=shared\" target=\"_blank\" rel=\"noopener noreferrer\">\u00a0 2024 &#8211; Territorios esponja: prevenci\u00f3n ante la desertizaci\u00f3n e inundaciones<\/a>. CIREF y WETLANDS International. <\/span><\/strong><\/h6>\n<h6><strong><span style=\"color: #0000ff;\">\u00a0 2024 &#8211; <a style=\"color: #0000ff;\" href=\"https:\/\/youtu.be\/BhNt3ORwgbI?feature=shared\" target=\"_blank\" rel=\"noopener noreferrer\">El antes y el despu\u00e9s de la demolici\u00f3n de un azud<\/a>. CIREF y otros.<\/span><br \/>\n<\/strong><\/h6>\n<h6><span style=\"color: #0000ff;\"><strong>\u00a0 2024 &#8211; <\/strong><\/span><a href=\"https:\/\/youtu.be\/TiGd3Gx1Uvs?feature=shared\" target=\"_blank\" rel=\"noopener noreferrer\"><span style=\"color: #0000ff;\"><strong>V\u00eddeo clip del Grupo musical Pachasco con el tema &#8220;Al Tajo&#8221;<\/strong><\/span><\/a><span style=\"color: #0000ff;\"><strong>.<\/strong> (Ver m\u00e1s informaci\u00f3n en Docum\u00e9ntate &#8211; Audios &#8211; Canciones).<\/span><\/h6>\n<p>&nbsp;<\/p>\n<p>&nbsp;<\/p>\n","protected":false},"excerpt":{"rendered":"<p>(Si observas que alg\u00fan enlace no funciona, h\u00e1znoslo saber. Gracias.) 1965 &#8211; Un d\u00eda de ba\u00f1o familiar en la Playa de Safont (cortes\u00eda de Vicente Rodr\u00edguez Gonz\u00e1lez con c\u00e1mara de 8 mm.) 2008 &#8211; Me llamo Toledo, devolvedme la vida &hellip; <a href=\"http:\/\/tajotoledo.es\/?page_id=440\">Continuar<\/a><\/p>\n","protected":false},"author":2,"featured_media":0,"parent":0,"menu_order":0,"comment_status":"open","ping_status":"open","template":"page-feature.php","meta":[],"_links":{"self":[{"href":"http:\/\/tajotoledo.es\/index.php?rest_route=\/wp\/v2\/pages\/440"}],"collection":[{"href":"http:\/\/tajotoledo.es\/index.php?rest_route=\/wp\/v2\/pages"}],"about":[{"href":"http:\/\/tajotoledo.es\/index.php?rest_route=\/wp\/v2\/types\/page"}],"author":[{"embeddable":true,"href":"http:\/\/tajotoledo.es\/index.php?rest_route=\/wp\/v2\/users\/2"}],"replies":[{"embeddable":true,"href":"http:\/\/tajotoledo.es\/index.php?rest_route=%2Fwp%2Fv2%2Fcomments&post=440"}],"version-history":[{"count":57,"href":"http:\/\/tajotoledo.es\/index.php?rest_route=\/wp\/v2\/pages\/440\/revisions"}],"predecessor-version":[{"id":4178,"href":"http:\/\/tajotoledo.es\/index.php?rest_route=\/wp\/v2\/pages\/440\/revisions\/4178"}],"wp:attachment":[{"href":"http:\/\/tajotoledo.es\/index.php?rest_route=%2Fwp%2Fv2%2Fmedia&parent=440"}],"curies":[{"name":"wp","href":"https:\/\/api.w.org\/{rel}","templated":true}]}}