{"id":4113,"date":"2023-10-16T03:16:03","date_gmt":"2023-10-16T01:16:03","guid":{"rendered":"http:\/\/tajotoledo.es\/?page_id=4113"},"modified":"2023-10-16T03:21:25","modified_gmt":"2023-10-16T01:21:25","slug":"campana-2023-justicia-para-el-tajo-bonos","status":"publish","type":"page","link":"http:\/\/tajotoledo.es\/?page_id=4113","title":{"rendered":"Campa\u00f1a 2023 &#8220;Justicia para el Tajo&#8221;. Bonos."},"content":{"rendered":"<h5>Con esta campa\u00f1a, la Plataforma de Toledo en Defensa del Tajo hace un llamamiento ciudadano a participar judicialmente en los recursos del Plan de cuenca. Ofrecemos la posibilidad de que cualquier persona sienta como propios los recursos ganados a favor del Tajo aportando peque\u00f1as cantidades de dinero a esta causa.<\/h5>\n<h5>Necesitamos afrontar los costes de representaci\u00f3n y de peritaciones ante el Tribunal Supremo.<\/h5>\n<h5>Las<a href=\"http:\/\/tajotoledo.es\/wp-content\/uploads\/2023\/10\/Bono-50.jpg\"><img loading=\"lazy\" class=\"size-medium wp-image-4101 alignleft\" src=\"http:\/\/tajotoledo.es\/wp-content\/uploads\/2023\/10\/Bono-50-300x194.jpg\" alt=\"\" width=\"300\" height=\"194\" srcset=\"http:\/\/tajotoledo.es\/wp-content\/uploads\/2023\/10\/Bono-50-300x194.jpg 300w, http:\/\/tajotoledo.es\/wp-content\/uploads\/2023\/10\/Bono-50-768x497.jpg 768w, http:\/\/tajotoledo.es\/wp-content\/uploads\/2023\/10\/Bono-50.jpg 968w\" sizes=\"(max-width: 300px) 100vw, 300px\" \/><\/a> sentencias ganadas en 2019 contra el anterior Plan de cuenca y las ganadas en 2023 por la Regla de Explotaci\u00f3n del Acueducto Tajo-Segura han sentado bases jur\u00eddicas s\u00f3lidas con las que pretendemos que no prosperen los recursos presentados desde el Levante contra los escasos avances del nuevo Plan de cuenca.<\/h5>\n<h5>La Plataforma de Toledo en Defensa del Tajo est\u00e1 distribuyendo bonos de 5 a 50 euros con los que hacer frene a estos recursos. Estos bonos acreditan al portador como part\u00edcipe de la defensa del Tajo en la cantidad indicada.<\/h5>\n<h5>Puedes contribuir comprando bonos e incluso colaborando en su venta, como ya hacen algunas personas voluntarias. Acude a las concentraciones de los d\u00edas 19 a las 17:00 en el Mirador del Puente de San Mart\u00edn o cont\u00e1ctanos por correo o tel\u00e9fono.<\/h5>\n<h5>(<a href=\"\/wp-content\/uploads\/2023\/10\/20231015%20-%20NP%20Campa%C3%B1a%20Bonos%20Tajo.pdf\" target=\"_blank\" rel=\"noopener noreferrer\">Ver nota de prensa sobre la campa\u00f1a<\/a>).<\/h5>\n<p>&nbsp;<\/p>\n<p>&nbsp;<\/p>\n<p>&nbsp;<\/p>\n<p style=\"text-align: left;\">\n","protected":false},"excerpt":{"rendered":"<p>Con esta campa\u00f1a, la Plataforma de Toledo en Defensa del Tajo hace un llamamiento ciudadano a participar judicialmente en los recursos del Plan de cuenca. Ofrecemos la posibilidad de que cualquier persona sienta como propios los recursos ganados a favor &hellip; <a href=\"http:\/\/tajotoledo.es\/?page_id=4113\">Continuar<\/a><\/p>\n","protected":false},"author":3,"featured_media":0,"parent":0,"menu_order":0,"comment_status":"closed","ping_status":"closed","template":"","meta":[],"_links":{"self":[{"href":"http:\/\/tajotoledo.es\/index.php?rest_route=\/wp\/v2\/pages\/4113"}],"collection":[{"href":"http:\/\/tajotoledo.es\/index.php?rest_route=\/wp\/v2\/pages"}],"about":[{"href":"http:\/\/tajotoledo.es\/index.php?rest_route=\/wp\/v2\/types\/page"}],"author":[{"embeddable":true,"href":"http:\/\/tajotoledo.es\/index.php?rest_route=\/wp\/v2\/users\/3"}],"replies":[{"embeddable":true,"href":"http:\/\/tajotoledo.es\/index.php?rest_route=%2Fwp%2Fv2%2Fcomments&post=4113"}],"version-history":[{"count":2,"href":"http:\/\/tajotoledo.es\/index.php?rest_route=\/wp\/v2\/pages\/4113\/revisions"}],"predecessor-version":[{"id":4116,"href":"http:\/\/tajotoledo.es\/index.php?rest_route=\/wp\/v2\/pages\/4113\/revisions\/4116"}],"wp:attachment":[{"href":"http:\/\/tajotoledo.es\/index.php?rest_route=%2Fwp%2Fv2%2Fmedia&parent=4113"}],"curies":[{"name":"wp","href":"https:\/\/api.w.org\/{rel}","templated":true}]}}