{"id":4004,"date":"2022-09-25T14:48:19","date_gmt":"2022-09-25T12:48:19","guid":{"rendered":"http:\/\/tajotoledo.es\/?page_id=4004"},"modified":"2022-09-25T16:21:17","modified_gmt":"2022-09-25T14:21:17","slug":"excursion-a-aranjuez-y-bolarque-el-15-de-octubre-de-2022","status":"publish","type":"page","link":"http:\/\/tajotoledo.es\/?page_id=4004","title":{"rendered":"Excursi\u00f3n a Aranjuez y Bolarque el 15 de octubre de 2022."},"content":{"rendered":"<div>Amigas y amigos del Tajo y sus r\u00edos:<\/div>\n<p>&nbsp;<\/p>\n<p>Antes de que los d\u00edas se acorten demasiado, volvemos a organizar la excursi\u00f3n al lugar donde el Tajo entrega el \u00faltimo hilo de vida (junta de los r\u00edos Jarama-Tajo en Aranjuez) y al lugar donde el Tajo queda estrangulado a merced de los trasvases al Segura y Guadiana (embalse de Bolarque).<\/p>\n<p><a href=\"http:\/\/tajotoledo.es\/wp-content\/uploads\/2022\/09\/Cartel-excursion-15-10-2022.jpg\"><img loading=\"lazy\" class=\"size-medium wp-image-4001 alignleft\" src=\"http:\/\/tajotoledo.es\/wp-content\/uploads\/2022\/09\/Cartel-excursion-15-10-2022-213x300.jpg\" alt=\"\" width=\"213\" height=\"300\" srcset=\"http:\/\/tajotoledo.es\/wp-content\/uploads\/2022\/09\/Cartel-excursion-15-10-2022-213x300.jpg 213w, http:\/\/tajotoledo.es\/wp-content\/uploads\/2022\/09\/Cartel-excursion-15-10-2022.jpg 620w\" sizes=\"(max-width: 213px) 100vw, 213px\" \/><\/a><\/p>\n<p>Se trata de una <b>excursi\u00f3n de d\u00eda completo<\/b> con la siguiente planificaci\u00f3n para <b>el d\u00eda 15 de octubre<\/b>:<\/p>\n<ul>\n<li>9:00 horas: Salida del Centro Cultural San Ildefonso, junto al puente de La Cava.<\/li>\n<li>9:15 horas: Recogida de posibles pasajeros del Pol\u00edgono en la Biblioteca.<\/li>\n<li>9:45 horas: Paseo de 800 metros hasta llegar a la confluencia del Tajo y el Jarama. Vista y explicaci\u00f3n de la junta de los r\u00edos.<\/li>\n<li>11:00 horas: Desayuno en estaci\u00f3n de tren de Aranjuez.<\/li>\n<li>11:30 horas: Salida hacia Bolarque.<\/li>\n<li>12:30 horas: Parada en el Canal del Trasvase Tajo-Segura y explicaci\u00f3n.<\/li>\n<li>13:00 a 13:30 horas: Llegada a Bolarque y reconocimiento del lugar: Antiguos molinos, presa, embalse y centrales de Bolarque, donde arranca el trasvase (visita guiada de 600 metros).<\/li>\n<li>14:00 a 14:30 horas: Comida campestre junto a las aguas del Tajo y del Guadiela.<\/li>\n<li>16:00 Salida hacia Saced\u00f3n y caf\u00e9.<\/li>\n<li>17:30 Vuelta a Toledo.<\/li>\n<li>19:30 a 20:00 Llegada a Toledo y fin de la excursi\u00f3n.<\/li>\n<\/ul>\n<p><b><span style=\"font-size: large;\">Condiciones:<\/span><\/b><\/p>\n<ul>\n<li>El viaje se har\u00e1 <b>en autob\u00fas<\/b> si se consigue un <b>m\u00ednimo de 22 personas<\/b>.<\/li>\n<li>En caso contrario, y siempre que el n\u00famero de participantes sea de m\u00e1s de siete, nos repartiremos en coches particulares voluntarios a raz\u00f3n de 4 personas por coche. Los dos gu\u00edas de la Plataforma ponen su coche a disposici\u00f3n.<\/li>\n<li>En caso de hacer el viaje en coches particulares, los pasajeros se pondr\u00e1n de acuerdo con el conductor para costear el viaje.<\/li>\n<li>Ninguna de estas condiciones es aplicable a quienes quieran organizarse como grupo aparte o familiar.<\/li>\n<\/ul>\n<p><b><span style=\"font-size: large;\">Inscripciones:<\/span><\/b><\/p>\n<ul>\n<li><b>El plazo de inscripci\u00f3n finaliza el viernes d\u00eda 8 de octubre a las 12:00 horas.<\/b><\/li>\n<li>Se pueden hacer las inscripciones por tel\u00e9fono, whatsapp o sms al <b>699 49 72 12<\/b> y por correo electr\u00f3nico a la direcci\u00f3n <b><a href=\"mailto:platodetajo@gmail.com\" target=\"_blank\" rel=\"noopener noreferrer\">platodetajo@gmail.com<\/a><\/b>. En ambos casos deber\u00e1n facilitarse los siguientes datos: <b>Nombre y apellidos, tel\u00e9fono de contacto, correo electr\u00f3nico, n\u00famero de plazas que se inscriben y si eligen autob\u00fas o coche propio.<\/b><\/li>\n<li>Las inscripciones para realizar el viaje en autob\u00fas deben ser abonadas mediante <b>transferencia de 15 \u20ac por persona y 5 \u20ac por menor<\/b> de 14 a\u00f1os antes del 8 de octubre a la cuenta de la Plataforma de Toledo en Defensa del Tajo <b>ES55 1491 0001 2320 0721 9823<\/b>.<\/li>\n<li>Cada inscripci\u00f3n ser\u00e1 confirmada por la Plataforma por mensaje de correo electr\u00f3nico o tel\u00e9fono . No obstante, si no se llegara a reunir el n\u00famero m\u00ednimo de 8 inscripciones antes del plazo de finalizaci\u00f3n la Plataforma comunicar\u00eda en ese momento la cancelaci\u00f3n de la actividad y devolver\u00e1 el importe de la inscripci\u00f3n.<\/li>\n<\/ul>\n<p>Ninguna persona que nos haya acompa\u00f1ado en otras excursiones ha quedado impasible. An\u00edmate a venir de excursi\u00f3n y conocer el r\u00edo Tajo del que nos privan y ver c\u00f3mo lo hacen.<\/p>\n<p><b>Dif\u00fandelo entre tus contactos y grupos o asociaciones en las que participes<\/b>; <a href=\"\/wp-content\/uploads\/2022\/09\/Cartel%20excursion%2015-10-2022.pdf\" target=\"_blank\" rel=\"noopener noreferrer\">se adjunta cartel<\/a>. La Plataforma de Toledo en Defensa del Tajo se ofrece a cualquier colectivo para organizar a demanda este tipo de excursiones.<\/p>\n<p>Saludos.<\/p>\n<div>\n<div dir=\"ltr\" data-smartmail=\"gmail_signature\">\n<div dir=\"ltr\">\n<div>\n<div dir=\"ltr\">\n<div>\n<div dir=\"ltr\">\n<div>\n<div dir=\"ltr\">\n<div><span style=\"font-size: small;\">Plataforma de Toledo en Defensa del Tajo &#8211; <a href=\"http:\/\/www.tajotoledo.es\" target=\"_blank\" rel=\"noopener noreferrer\" data-saferedirecturl=\"https:\/\/www.google.com\/url?q=http:\/\/www.tajotoledo.es&amp;source=gmail&amp;ust=1664195085637000&amp;usg=AOvVaw3HM4SAniAo2q6DYHxozbxf\">www.tajotoledo.es<\/a><br \/>\nPor un Tajo Limpio y con Caudal: \u00a1DEFENDAMOS NUESTROS R\u00cdOS!<br \/>\n<\/span><\/div>\n<div><b><u><i><span style=\"font-size: small;\">Admitimos donativos. Cuenta: <\/span>ES55 1491 0001 2320 0721 9823. Gracias<\/i><\/u><i>.<\/i><u><i><\/i><\/u><\/b><\/div>\n<\/div>\n<\/div>\n<\/div>\n<\/div>\n<\/div>\n<\/div>\n<\/div>\n<\/div>\n<\/div>\n","protected":false},"excerpt":{"rendered":"<p>Amigas y amigos del Tajo y sus r\u00edos: &nbsp; Antes de que los d\u00edas se acorten demasiado, volvemos a organizar la excursi\u00f3n al lugar donde el Tajo entrega el \u00faltimo hilo de vida (junta de los r\u00edos Jarama-Tajo en Aranjuez) &hellip; <a href=\"http:\/\/tajotoledo.es\/?page_id=4004\">Continuar<\/a><\/p>\n","protected":false},"author":3,"featured_media":0,"parent":0,"menu_order":0,"comment_status":"closed","ping_status":"closed","template":"page-feature.php","meta":[],"_links":{"self":[{"href":"http:\/\/tajotoledo.es\/index.php?rest_route=\/wp\/v2\/pages\/4004"}],"collection":[{"href":"http:\/\/tajotoledo.es\/index.php?rest_route=\/wp\/v2\/pages"}],"about":[{"href":"http:\/\/tajotoledo.es\/index.php?rest_route=\/wp\/v2\/types\/page"}],"author":[{"embeddable":true,"href":"http:\/\/tajotoledo.es\/index.php?rest_route=\/wp\/v2\/users\/3"}],"replies":[{"embeddable":true,"href":"http:\/\/tajotoledo.es\/index.php?rest_route=%2Fwp%2Fv2%2Fcomments&post=4004"}],"version-history":[{"count":9,"href":"http:\/\/tajotoledo.es\/index.php?rest_route=\/wp\/v2\/pages\/4004\/revisions"}],"predecessor-version":[{"id":4014,"href":"http:\/\/tajotoledo.es\/index.php?rest_route=\/wp\/v2\/pages\/4004\/revisions\/4014"}],"wp:attachment":[{"href":"http:\/\/tajotoledo.es\/index.php?rest_route=%2Fwp%2Fv2%2Fmedia&parent=4004"}],"curies":[{"name":"wp","href":"https:\/\/api.w.org\/{rel}","templated":true}]}}