{"id":396,"date":"2015-05-14T10:58:26","date_gmt":"2015-05-14T09:58:26","guid":{"rendered":"http:\/\/tajotoledo.es\/?page_id=396"},"modified":"2024-02-26T09:05:42","modified_gmt":"2024-02-26T08:05:42","slug":"formulario-unete","status":"publish","type":"page","link":"http:\/\/tajotoledo.es\/?page_id=396","title":{"rendered":"\u00danete"},"content":{"rendered":"<p><!-- [si-contact-form form='1'] --><\/p>\n<p>&nbsp;<\/p>\n<p>Puedes unirte a la Plataforma de Toledo en Defensa de Tajo escribi\u00e9ndonos un correo a <span style=\"color: #0000ff;\"><strong>platodetajo@gmail.com<\/strong><\/span>. Cu\u00e9ntanos algo de t\u00ed, como tu inter\u00e9s por colaborar con la Plataforma, qu\u00e9 crees que puedes aportar en la defensa del Tajo o en la actividad de la Plataforma, qu\u00e9 relaci\u00f3n has tenido, tienes o te gustar\u00eda tener con el r\u00edo, etc. Tu correo entrar\u00e1 a formar parte de una lista de distribuci\u00f3n desde la que recibir\u00e1s informaci\u00f3n y noticias y podr\u00e1s compartir tus comentarios con todas las personas adscritas a esa lista. Independientemente de ello, si lo deseas, puedes colaborar en el sostenimiento de la Plataforma y de su actividad haciendo un donativo mediante una trasferencia bancaria a nuestra cuenta en Triodos Bank, banca \u00e9tica: ES55 1491 0001 2320 0721 9823. Gracias.<\/p>\n","protected":false},"excerpt":{"rendered":"<p>&nbsp; Puedes unirte a la Plataforma de Toledo en Defensa de Tajo escribi\u00e9ndonos un correo a platodetajo@gmail.com. Cu\u00e9ntanos algo de t\u00ed, como tu inter\u00e9s por colaborar con la Plataforma, qu\u00e9 crees que puedes aportar en la defensa del Tajo o &hellip; <a href=\"http:\/\/tajotoledo.es\/?page_id=396\">Continuar<\/a><\/p>\n","protected":false},"author":2,"featured_media":0,"parent":242,"menu_order":7,"comment_status":"open","ping_status":"open","template":"page-feature.php","meta":[],"_links":{"self":[{"href":"http:\/\/tajotoledo.es\/index.php?rest_route=\/wp\/v2\/pages\/396"}],"collection":[{"href":"http:\/\/tajotoledo.es\/index.php?rest_route=\/wp\/v2\/pages"}],"about":[{"href":"http:\/\/tajotoledo.es\/index.php?rest_route=\/wp\/v2\/types\/page"}],"author":[{"embeddable":true,"href":"http:\/\/tajotoledo.es\/index.php?rest_route=\/wp\/v2\/users\/2"}],"replies":[{"embeddable":true,"href":"http:\/\/tajotoledo.es\/index.php?rest_route=%2Fwp%2Fv2%2Fcomments&post=396"}],"version-history":[{"count":11,"href":"http:\/\/tajotoledo.es\/index.php?rest_route=\/wp\/v2\/pages\/396\/revisions"}],"predecessor-version":[{"id":4156,"href":"http:\/\/tajotoledo.es\/index.php?rest_route=\/wp\/v2\/pages\/396\/revisions\/4156"}],"up":[{"embeddable":true,"href":"http:\/\/tajotoledo.es\/index.php?rest_route=\/wp\/v2\/pages\/242"}],"wp:attachment":[{"href":"http:\/\/tajotoledo.es\/index.php?rest_route=%2Fwp%2Fv2%2Fmedia&parent=396"}],"curies":[{"name":"wp","href":"https:\/\/api.w.org\/{rel}","templated":true}]}}