{"id":3362,"date":"2020-03-19T11:08:41","date_gmt":"2020-03-19T10:08:41","guid":{"rendered":"http:\/\/tajotoledo.es\/?page_id=3362"},"modified":"2020-10-01T00:31:03","modified_gmt":"2020-09-30T22:31:03","slug":"ahora-los-dias-19-haremos-concentraciones-virtuales","status":"publish","type":"page","link":"http:\/\/tajotoledo.es\/?page_id=3362","title":{"rendered":"Ahora, los d\u00edas 19 haremos concentraciones virtuales."},"content":{"rendered":"<div style=\"text-align: center;\"><strong><span style=\"color: #ff0000;\">*** LAS CONCENTRACIONES PRESENCIALES Y VIRTUALES SE HAN SUSPENDIDO HASTA NUEVO AVISO PERO LA DEFENSA DE NUESTRO R\u00cdO SIGUE INTACTA ***<\/span><\/strong><\/div>\n<div><\/div>\n<div><\/div>\n<div class=\"gmail_default\">Como ya anunciamos antes de que se decretara el <a href=\"https:\/\/www.boe.es\/boe\/dias\/2020\/03\/14\/pdfs\/BOE-A-2020-3692.pdf\" target=\"_blank\" rel=\"noopener noreferrer\">Estado de Alarma<\/a>, las concentraciones que ven\u00edamos haciendo <a href=\"http:\/\/tajotoledo.es\/?page_id=1603\" target=\"_blank\" rel=\"noopener noreferrer\">desde hace tres a\u00f1os todos los 19 de mes<\/a> han quedado suspendidas hasta nuevo aviso.<\/div>\n<div><\/div>\n<div><\/div>\n<div class=\"gmail_default\">Sin embargo, nos ha parecido muy interesante y oportuna la propuesta del compa\u00f1ero Pedro Labrado de hacerlo de manera virtual. Es m\u00e1s, creemos que puede ser muy conveniente mantener las concentraciones virtuales cuando las presenciales se reanuden. No en vano muchas personas que quisieran estar todos los 19 nos han manifestado su apoyo, calor y presencia mental cuando no pueden acudir.<\/div>\n<div><\/div>\n<div><\/div>\n<div class=\"gmail_default\"><\/div>\n<div class=\"gmail_default\">As\u00ed que, siguiendo la propuesta, durante la ma\u00f1ana de hoy d\u00eda 19 publicaremos sus infograf\u00edas en el <a href=\"https:\/\/es-es.facebook.com\/tajotoledo\/\" target=\"_blank\" rel=\"noopener noreferrer\" data-saferedirecturl=\"https:\/\/www.google.com\/url?q=https:\/\/es-es.facebook.com\/tajotoledo\/&amp;source=gmail&amp;ust=1584695386190000&amp;usg=AFQjCNHljDbaQwpiAFdwqoOxGVIoBtlZSA\">FaceBook<\/a>, <a href=\"https:\/\/twitter.com\/tajotoledo\" target=\"_blank\" rel=\"noopener noreferrer\" data-saferedirecturl=\"https:\/\/www.google.com\/url?q=https:\/\/twitter.com\/tajotoledo&amp;source=gmail&amp;ust=1584695386190000&amp;usg=AFQjCNFrT0PI7_ioe9XKzr-0RoiidtxQOw\">Twitter<\/a> e <a href=\"https:\/\/www.instagram.com\/explore\/locations\/249021676\/rio-tajotoledo\/?hl=es\" target=\"_blank\" rel=\"noopener noreferrer\" data-saferedirecturl=\"https:\/\/www.google.com\/url?q=https:\/\/www.instagram.com\/explore\/locations\/249021676\/rio-tajotoledo\/?hl%3Des&amp;source=gmail&amp;ust=1584695386190000&amp;usg=AFQjCNEYhtPb0i3E9-lk6slw8WkjYrEI6g\">Instagram<\/a> de la Plataforma invitando a participar en la concentraci\u00f3n virtual entre las 17:00 y 18:00 horas de la tarde. Os pedimos que durante esa hora hag\u00e1is tantos &#8220;me gusta&#8221; como sea posible, repliqu\u00e9is la invitaci\u00f3n y a\u00f1ad\u00e1is alg\u00fan comentario corto de vuestra cosecha, pero siempre a\u00f1adiendo el hastag <b>#El19DefendemosElR\u00edoTajo<\/b> y utilizando la infograf\u00eda que corresponda a cada red social que vayamos a usar. Por ejemplo:<\/div>\n<div class=\"gmail_default\"><b>#El19DefendemosElR\u00edoTajo Yo doy la cara por el Tajo<\/b>,<\/div>\n<div class=\"gmail_default\"><b>#El19DefendemosElR\u00edoTajo El Tajo nos necesita, defi\u00e9ndelo<\/b>,<\/div>\n<div class=\"gmail_default\"><b>#El19DefendemosElR\u00edoTajo El Tajo tambi\u00e9n es patrimonio<\/b>,<\/div>\n<div class=\"gmail_default\"><b>#El19DefendemosElR\u00edoTajo<\/b> <b>Respetando el Estado de Alerta en casa, tambi\u00e9n protestamos por la agon\u00eda del Tajo<\/b>,<\/div>\n<div class=\"gmail_default\">etc.<\/div>\n<div class=\"gmail_default\"><\/div>\n<div><\/div>\n<div>\n<div class=\"gmail_default\"><strong>Nos vemos virtualemente en la concentraci\u00f3n esta tarde desde las 17:00 hasta las 18:00 en horario de invierno o de20:00 hasta las 21:00 en horario de verano.<\/strong><\/div>\n<div class=\"gmail_default\">Saludos y muchas gracias. \u00a1Mucho \u00e1nimo!<\/div>\n<div><\/div>\n<div><\/div>\n<\/div>\n<div>\u00c9stas son las im\u00e1genes para utilizar respectivamente en:<\/div>\n<div><\/div>\n<div>Twitter<\/div>\n<div>\n<p><a href=\"http:\/\/tajotoledo.es\/wp-content\/uploads\/2020\/05\/Twitter19.03.201.jpg\"><img loading=\"lazy\" class=\"size-medium wp-image-3386 alignleft\" src=\"http:\/\/tajotoledo.es\/wp-content\/uploads\/2020\/05\/Twitter19.03.201-300x300.jpg\" alt=\"\" width=\"300\" height=\"300\" srcset=\"http:\/\/tajotoledo.es\/wp-content\/uploads\/2020\/05\/Twitter19.03.201-300x300.jpg 300w, http:\/\/tajotoledo.es\/wp-content\/uploads\/2020\/05\/Twitter19.03.201-150x150.jpg 150w, http:\/\/tajotoledo.es\/wp-content\/uploads\/2020\/05\/Twitter19.03.201.jpg 709w\" sizes=\"(max-width: 300px) 100vw, 300px\" \/><\/a><\/p>\n<\/div>\n<div><\/div>\n<div><\/div>\n<div><\/div>\n<div><\/div>\n<div><\/div>\n<div><\/div>\n<div><\/div>\n<div><\/div>\n<div><\/div>\n<div><\/div>\n<div><\/div>\n<div><\/div>\n<div><\/div>\n<div>Instragram<\/div>\n<div><a href=\"http:\/\/tajotoledo.es\/wp-content\/uploads\/2020\/05\/Instagram19.03.201.jpg\"><img loading=\"lazy\" class=\"size-medium wp-image-3387 alignleft\" src=\"http:\/\/tajotoledo.es\/wp-content\/uploads\/2020\/05\/Instagram19.03.201-300x300.jpg\" alt=\"\" width=\"300\" height=\"300\" srcset=\"http:\/\/tajotoledo.es\/wp-content\/uploads\/2020\/05\/Instagram19.03.201-300x300.jpg 300w, http:\/\/tajotoledo.es\/wp-content\/uploads\/2020\/05\/Instagram19.03.201-1024x1024.jpg 1024w, http:\/\/tajotoledo.es\/wp-content\/uploads\/2020\/05\/Instagram19.03.201-150x150.jpg 150w, http:\/\/tajotoledo.es\/wp-content\/uploads\/2020\/05\/Instagram19.03.201-768x768.jpg 768w, http:\/\/tajotoledo.es\/wp-content\/uploads\/2020\/05\/Instagram19.03.201.jpg 1134w\" sizes=\"(max-width: 300px) 100vw, 300px\" \/><\/a><\/div>\n<div><\/div>\n<div><\/div>\n<div><\/div>\n<div><\/div>\n<div><\/div>\n<div><\/div>\n<div><\/div>\n<div><\/div>\n<div><\/div>\n<div><\/div>\n<div><\/div>\n<div><\/div>\n<div><\/div>\n<div><\/div>\n<div>Facebook<\/div>\n<div><a href=\"http:\/\/tajotoledo.es\/wp-content\/uploads\/2020\/05\/Facebook19.03.201.jpg\"><img loading=\"lazy\" class=\"size-medium wp-image-3385 alignleft\" src=\"http:\/\/tajotoledo.es\/wp-content\/uploads\/2020\/05\/Facebook19.03.201-300x170.jpg\" alt=\"\" width=\"300\" height=\"170\" srcset=\"http:\/\/tajotoledo.es\/wp-content\/uploads\/2020\/05\/Facebook19.03.201-300x170.jpg 300w, http:\/\/tajotoledo.es\/wp-content\/uploads\/2020\/05\/Facebook19.03.201-1024x581.jpg 1024w, http:\/\/tajotoledo.es\/wp-content\/uploads\/2020\/05\/Facebook19.03.201-768x435.jpg 768w, http:\/\/tajotoledo.es\/wp-content\/uploads\/2020\/05\/Facebook19.03.201.jpg 1270w\" sizes=\"(max-width: 300px) 100vw, 300px\" \/><\/a><\/div>\n","protected":false},"excerpt":{"rendered":"<p>*** LAS CONCENTRACIONES PRESENCIALES Y VIRTUALES SE HAN SUSPENDIDO HASTA NUEVO AVISO PERO LA DEFENSA DE NUESTRO R\u00cdO SIGUE INTACTA *** Como ya anunciamos antes de que se decretara el Estado de Alarma, las concentraciones que ven\u00edamos haciendo desde hace &hellip; <a href=\"http:\/\/tajotoledo.es\/?page_id=3362\">Continuar<\/a><\/p>\n","protected":false},"author":3,"featured_media":0,"parent":0,"menu_order":0,"comment_status":"closed","ping_status":"closed","template":"","meta":[],"_links":{"self":[{"href":"http:\/\/tajotoledo.es\/index.php?rest_route=\/wp\/v2\/pages\/3362"}],"collection":[{"href":"http:\/\/tajotoledo.es\/index.php?rest_route=\/wp\/v2\/pages"}],"about":[{"href":"http:\/\/tajotoledo.es\/index.php?rest_route=\/wp\/v2\/types\/page"}],"author":[{"embeddable":true,"href":"http:\/\/tajotoledo.es\/index.php?rest_route=\/wp\/v2\/users\/3"}],"replies":[{"embeddable":true,"href":"http:\/\/tajotoledo.es\/index.php?rest_route=%2Fwp%2Fv2%2Fcomments&post=3362"}],"version-history":[{"count":9,"href":"http:\/\/tajotoledo.es\/index.php?rest_route=\/wp\/v2\/pages\/3362\/revisions"}],"predecessor-version":[{"id":3457,"href":"http:\/\/tajotoledo.es\/index.php?rest_route=\/wp\/v2\/pages\/3362\/revisions\/3457"}],"wp:attachment":[{"href":"http:\/\/tajotoledo.es\/index.php?rest_route=%2Fwp%2Fv2%2Fmedia&parent=3362"}],"curies":[{"name":"wp","href":"https:\/\/api.w.org\/{rel}","templated":true}]}}