{"id":302,"date":"2015-04-05T03:51:11","date_gmt":"2015-04-05T02:51:11","guid":{"rendered":"http:\/\/tajotoledo.es\/?page_id=302"},"modified":"2017-11-24T18:48:21","modified_gmt":"2017-11-24T17:48:21","slug":"documentacion","status":"publish","type":"page","link":"http:\/\/tajotoledo.es\/?page_id=302","title":{"rendered":"Libros"},"content":{"rendered":"<h4><span style=\"text-decoration: underline; color: #000000;\"><strong>Los Libros del Tajo<\/strong><\/span><\/h4>\n<p>Son los \u00fanicos libros que ponen voz al Tajo: a lo bueno y a lo malo, a lo pasado y a lo presente, a la desidia hist\u00f3rica y al futuro esperanzador. Son los libros que sacan del anonimato y hacen visible al Tajo.<\/p>\n<p><a href=\"http:\/\/tajotoledo.es\/wp-content\/uploads\/2015\/04\/Portada-libro-Tajo-Red-.jpg\"><img loading=\"lazy\" class=\"alignleft wp-image-315\" src=\"http:\/\/tajotoledo.es\/wp-content\/uploads\/2015\/04\/Portada-libro-Tajo-Red-.jpg\" alt=\"Portada libro Tajo Red\" width=\"162\" height=\"228\" \/><\/a><strong><a href=\"http:\/\/www.editorial-ledoria.com\/TOLEDANIA.186.0.html\">El r\u00edo Tajo: lecciones del pasado para un futuro mejor<\/a>.<\/strong><\/p>\n<p style=\"text-align: justify;\">Quien visite la ciudad de Toledo en estos d\u00edas sentir\u00e1 verdadera admiraci\u00f3n ante la Ciudad de las Tres Culturas y entender\u00e1 que fuera declarada Ciudad Patrimonio de la Humanidad en 1986 por la UNESCO, por la conservaci\u00f3n de su inigualable patrimonio. Pero, por desgracia, tambi\u00e9n quien visite Toledo y se asome a cualquiera de sus monumentales y legendarios puentes, quedar\u00e1 perplejo ante el putrefacto estado de degradaci\u00f3n que presenta el r\u00edo Tajo, a pesar de que fuera el primigenio patrimonio que tuvo y dio origen a la ciudad.<br \/>\nEn este libro encontrar\u00e1 el lector respuesta a su perplejidad, de la mano de la historia reciente del Tajo o de los \u00faltimos a\u00f1os de mentalidad productivista aplicada a un recurso natural tan fr\u00e1gil como es un r\u00edo. En \u00e9l se recogen las aportaciones y reflexiones que sobre el estado actual del r\u00edo Tajo han llevado a cabo diversos expertos en la materia preocupados por su situaci\u00f3n. Con ello pretendemos contribuir a hacer visible un problema que afecta al d\u00eda a d\u00eda de los ribere\u00f1os, pero que, como se descubre tras su lectura, nos afecta a todos en gran medida.<br \/>\nEste libro bien puede ser la primera puerta que debamos abrir para adentrarnos en el conocimiento de otras dos culturas, la Vieja y la Nueva Cultura del Agua, de tal suerte que, habiendo aprendido del pasado de nuestro r\u00edo, encaremos un futuro mucho mejor para \u00e9l y para quienes \u00e9l abraza y riega.<\/p>\n<p><strong>Descargas gratuitas<\/strong> (si tienes alg\u00fan problema, <a href=\"http:\/\/tajotoledo.es\/?page_id=406\">d\u00ednoslo<\/a>):<\/p>\n<ul>\n<li>Formato <strong><a href=\"\/wp-content\/uploads\/2017\/11\/El%20R%C3%ADo%20tajo%20lecciones%20del%20pasado%20para%20un%20futuro%20mejor%20-%20ALTA%20-%20COLOR.pdf\" target=\"_blank\" rel=\"noopener noreferrer\">PDF de alta resoluci\u00f3n<\/a><\/strong> (80 MB)<\/li>\n<li>Formato <strong><a href=\"\/wp-content\/uploads\/2017\/11\/El%20R%C3%ADo%20tajo%20lecciones%20del%20pasado%20para%20un%20futuro%20mejor%20-%20BAJA%20-%20COLOR.pdf\" target=\"_blank\" rel=\"noopener noreferrer\">PDF para distribuci\u00f3n por e-mail<\/a><\/strong> (5 Mb)<\/li>\n<li>Formato <strong><a href=\"\/wp-content\/uploads\/2017\/11\/EPUB%20El%20R%C3%ADo%20tajo%20lecciones%20del%20pasado%20para%20un%20futuro%20mejor.epub\">e-pub para e-books<\/a><\/strong> (20 MB)<\/li>\n<li>Formato <strong><a href=\"\/wp-content\/uploads\/2017\/11\/El%20R%C3%ADo%20tajo%20lecciones%20del%20pasado%20para%20un%20futuro%20mejor.mobi\" target=\"_blank\" rel=\"noopener noreferrer\">MOBI para lector Kindle<\/a><\/strong> (30 MB)<\/li>\n<\/ul>\n<p>&nbsp;<\/p>\n<p><a href=\"http:\/\/tajotoledo.es\/wp-content\/uploads\/2015\/04\/Portada-libro-Tajo-FNCA.bmp\"><img loading=\"lazy\" class=\"wp-image-316 alignleft\" src=\"http:\/\/tajotoledo.es\/wp-content\/uploads\/2015\/04\/Portada-libro-Tajo-FNCA.bmp\" alt=\"Portada libro Tajo FNCA\" width=\"162\" height=\"245\" \/><\/a><strong><a title=\"Documentaci\u00f3n\" href=\"http:\/\/www.fnca.eu\/component\/content\/article\/69-libreria\/390-el-tajo-historia-de-un-rio-ignorado\">El Tajo. Historia de un r\u00edo ignorado<\/a>.<\/strong><\/p>\n<p style=\"text-align: justify;\">Tanto la historia como el contenido de este libro refleja la filosof\u00eda que inspira el trabajo de la Fundaci\u00f3n Nueva Cultura del Agua que se basa en la generaci\u00f3n colectiva de conocimiento, comprometido con los movimientos sociales, y puesto al servicio de la defensa de los valores naturales y patrimoniales de los r\u00edos y sus paisajes. El libro refleja tambi\u00e9n el convencimiento de que la din\u00e1mica de los r\u00edos y su funcionamiento natural no conoce de l\u00edmites ni fronteras. Es, por lo tanto, el primer volumen dedicado al Tajo que recoge una visi\u00f3n del estado del r\u00edo a lo largo de todo su recorrido, desde su nacimiento en Espa\u00f1a hasta su desembocadura en Portugal, reclamando una planificaci\u00f3n y gesti\u00f3n coordinada de toda la cuenca. El documento recoge tanto contribuciones t\u00e9cnicas desde la perspectiva de la ecolog\u00eda, el derecho o la econom\u00eda, como visiones po\u00e9ticas de los r\u00edos de la cuenca del Tajo y sus paisajes, y una breve descripci\u00f3n de los movimientos sociales que trabajan en su defensa, por el car\u00e1cter eco-social y sociocultural del agua, a cuya realidad debemos acercarnos desde distintos enfoques, sensibilidades y perspectivas.<\/p>\n<p>&nbsp;<\/p>\n<h4><\/h4>\n<p>&nbsp;<\/p>\n<h4><\/h4>\n<p>&nbsp;<\/p>\n<h4><span style=\"text-decoration: underline;\"><strong><span style=\"color: #000000; text-decoration: underline;\">Otros libros del Tajo<\/span><br \/>\n<\/strong><\/span><\/h4>\n<p style=\"text-align: justify;\"><a href=\"https:\/\/www.google.es\/url?sa=t&amp;rct=j&amp;q=&amp;esrc=s&amp;source=web&amp;cd=5&amp;ved=0ahUKEwiShsfRupbOAhUL7BQKHdrjBG8QFghAMAQ&amp;url=http%3A%2F%2Fceclmdigital2.uclm.es%2Fhigh.raw%3Fid%3D0000314259%26name%3D00000001.original.pdf%26attachment%3D0000314259.pdf&amp;usg=AFQjCNGhiDgL2vSivbeneltQa8k5_uiulA&amp;cad=rja\" target=\"_blank\" rel=\"noopener noreferrer\">Biograf\u00eda del Tajo<\/a>. Manfredi, D. 1956. Publicaciones Espa\u00f1olas.<\/p>\n<p style=\"text-align: justify;\"><a href=\"\/wp-content\/uploads\/2016\/09\/Toledo%20y%20el%20TTS%20-%20Luis%20Moreno%20Nieto.pdf\" target=\"_blank\" rel=\"noopener noreferrer\">Toledo y el Trasvase Tajo-Segura<\/a>. Moreno Nieto, L. 1978. Diputaci\u00f3n de Toledo.<\/p>\n<p><a href=\"http:\/\/realacademiatoledo.es\/wp-content\/uploads\/2014\/03\/files_temastoledanos_25.%20Toledo,%20puerto%20de%20Castilla,%20por%20Julio%20Porres%20Martin-Cleto.pdf\" target=\"_blank\" rel=\"noopener noreferrer\">Toledo, puerto de Castilla<\/a>. Porres Mart\u00edn-Cleto, J. 1982. Diputaci\u00f3n de Toledo.<\/p>\n<p><a href=\"http:\/\/realacademiatoledo.es\/wp-content\/uploads\/2014\/03\/files_temastoledanos_47.%20El%20Artificio%20de%20Juanelo,%20por%20Julio%20Porres%20Martin-Cleto.pdf\" target=\"_blank\" rel=\"noopener noreferrer\">El artificio de Juanelo Turriano<\/a>. Porres Mart\u00edn-Cleto, J. 1987. Diputaci\u00f3n de Toledo.<\/p>\n<p><a href=\"https:\/\/www.google.es\/url?sa=t&amp;rct=j&amp;q=&amp;esrc=s&amp;source=web&amp;cd=1&amp;cad=rja&amp;uact=8&amp;ved=0ahUKEwjI0emI3prTAhUDVhQKHdK7BlQQFggjMAA&amp;url=http%3A%2F%2Fwww.andresdiezherrero.es%2Fraices_paisaje%2Fpaseo_por_la_geologia_de_toledo.pdf&amp;usg=AFQjCNFLDIuJW6TSFRQnOr5kX7yySKaTsg\" target=\"_blank\" rel=\"noopener noreferrer\">Paseo geol\u00f3gico por los alrededores de la ciudada de Toledo<\/a>. Alonso Azc\u00e1rate, J. y D\u00edez Herrero, A. 2007. Diputaci\u00f3n de Toledo.<\/p>\n<p><a href=\"http:\/\/editorial-ledoria.com\/INFANTIL.123.0.html\" target=\"_blank\" rel=\"noopener noreferrer\">La ni\u00f1a, el r\u00edo y la golondrina<\/a>. Gallego, M.S. y Atienza, I. 2016. Editorial Ledoria.<\/p>\n<p><a href=\"http:\/\/editorial-ledoria.com\/TOLEDANIA.186.0.html\" target=\"_blank\" rel=\"noopener noreferrer\">El Tajo, un r\u00edo de contrastes<\/a>. Garc\u00eda G\u00f3mez, E. 2016. Editorial Ledoria.<\/p>\n<p><a href=\"\/wp-content\/uploads\/2017\/02\/Libro_2forumtajo.pdf\" target=\"_blank\" rel=\"noopener noreferrer\">O rio Tejo. Economia, Cultura e Meio Ambiente \/ El r\u00edo Tajo. Econom\u00eda, Cultura y Medio Ambiente<\/a>. Jo\u00e3o Monteiro Serrano\/Beatriz Larraz Iribas (Coordinadores). 2016. A.I.D.I.A.<\/p>\n<p>&nbsp;<\/p>\n<h4><\/h4>\n<p>&nbsp;<\/p>\n<h4><\/h4>\n<h4><span style=\"text-decoration: underline;\"><strong><span style=\"color: #000000; text-decoration: underline;\">Los Libros de la Nueva Cultura del Agua<\/span><br \/>\n<\/strong><\/span><\/h4>\n<p style=\"text-align: justify;\">Con motivo de la celebraci\u00f3n del <b>D\u00eda Mundial del Agua<\/b><strong> 2016<\/strong> la Fundaci\u00f3n Nueva Cultura del Agua presenta el libro digital <i><b>&#8220;El Agua: Perspectiva ecosist\u00e9mica y gesti\u00f3n integrada de aguas&#8221;<\/b><\/i> con el que ofrece una herramienta para contribuir desde el conocimiento a abordar los grandes retos planteados y que el D\u00eda Mundial del Agua nos recuerda: la continua degradaci\u00f3n de los ecosistemas acu\u00e1ticos, el reconocimiento del abastecimiento b\u00e1sico y del saneamiento como un derecho humano y la necesidad de <a href=\"http:\/\/tajotoledo.es\/wp-content\/uploads\/2015\/04\/El-agua-Perspectiva-ecosist\u00e9mica-y-gesti\u00f3n-integrada-FNCA.bmp\" rel=\"attachment wp-att-766\"><img loading=\"lazy\" class=\"alignleft wp-image-766\" src=\"http:\/\/tajotoledo.es\/wp-content\/uploads\/2015\/04\/El-agua-Perspectiva-ecosist\u00e9mica-y-gesti\u00f3n-integrada-FNCA.bmp\" alt=\"El agua - Perspectiva ecosist\u00e9mica y gesti\u00f3n integrada FNCA\" width=\"162\" height=\"250\" \/><\/a>una nueva gobernanza que incorpore la participaci\u00f3n ciudadana para un uso social y ambientalmente sostenible del agua.<\/p>\n<p style=\"text-align: justify;\">Continuando con la misi\u00f3n de la FNCA de difusi\u00f3n del conocimiento, se hac\u00eda imprescindible abordar una nueva publicaci\u00f3n que recogiese en buena medida todas las materias que se abordan desde el m\u00e1ster y que pudiera convertirse en una gu\u00eda de consulta tanto para los alumnos del mismo, como para profesionales y gestores interesados en aproximarse de forma independiente a estas tem\u00e1ticas. Fruto de todo ello es esta publicaci\u00f3n, en cuya autor\u00eda participan la mayor parte del cuadro de profesores del m\u00e1ster, expertos provenientes de Universidad y centros de investigaci\u00f3n, con una larga trayectoria de conocimiento y trabajo en las materias abordadas.<\/p>\n<p style=\"text-align: justify;\">En sus contenidos, el libro aborda el reto de la integraci\u00f3n de los valores y principios ecol\u00f3gicos, sociales y \u00e9ticos en la gesti\u00f3n del agua; los enfoques institucionales de la gesti\u00f3n bajo el paraguas de la Directiva marco de agua europea; metodolog\u00edas y herramientas para una planificaci\u00f3n y gesti\u00f3n m\u00e1s eficiente y sostenible, as\u00ed como aspectos te\u00f3ricos del ciclo hidrol\u00f3gico, la ecolog\u00eda fluvial, los aprovechamientos productivos o la propia econom\u00eda del agua. No pasa desapercibida la cuesti\u00f3n del cambio clim\u00e1tico y la gesti\u00f3n de los riesgos que ello implica. Finalmente, el libro aborda aspectos sobre ecolog\u00eda pol\u00edtica del agua, gobernanza, participaci\u00f3n p\u00fablica y gesti\u00f3n de conflictos. Se a\u00f1ade un cap\u00edtulo con dos experiencias de participaci\u00f3n: el programa Cultivando agua boa (Brasil y Paraguay), y la experiencia de contrato de r\u00edo desarrollada en la cuenca del Matarra\u00f1a (Espa\u00f1a).<\/p>\n<p style=\"text-align: justify;\">El libro es de consulta y <strong><a href=\"http:\/\/fnca.eu\/biblioteca-del-agua\/directorio\/file\/2767?search=1\">descarga gratuita<\/a><\/strong> en la <strong><a href=\"http:\/\/www.fnca.eu\/libreria\">Biblioteca online de la FNCA<\/a><\/strong>. En ella puedes encontrar todos los <strong><a href=\"http:\/\/www.fnca.eu\/libreria\/34-fundacion\/fundacion\/224-coleccion-nueva-cultura-del-agua\">libros<\/a><\/strong> de su <strong><a href=\"http:\/\/www.fnca.eu\/images\/documentos\/Librer%C3%ADa\/Cat%C3%A1logo%20libros%20FNCA.pdf\">cat\u00e1logo<\/a><\/strong>, <strong><a href=\"http:\/\/www.fnca.eu\/libreria\/34-fundacion\/fundacion\/225-coleccion-informes-nca\">informes<\/a><\/strong> emitidos al albur de diversos acontecimientos locales, otras <strong><a href=\"http:\/\/www.fnca.eu\/libreria\/34-fundacion\/fundacion\/226-coleccion-el-agua-en-pie\">publicaciones transversales<\/a><\/strong> a la \u00e9tica y est\u00e9tica humanas y una colecci\u00f3n de <strong><a href=\"http:\/\/www.fnca.eu\/libreria\/34-fundacion\/fundacion\/227-otros-libros-a-la-venta\">publicaciones relacionadas con la Fundaci\u00f3n<\/a><\/strong> pero ajenas a la colecci\u00f3n Nueva Cultura del Agua.<\/p>\n<p>&nbsp;<\/p>\n<h4><\/h4>\n<p>&nbsp;<\/p>\n","protected":false},"excerpt":{"rendered":"<p>Los Libros del Tajo Son los \u00fanicos libros que ponen voz al Tajo: a lo bueno y a lo malo, a lo pasado y a lo presente, a la desidia hist\u00f3rica y al futuro esperanzador. Son los libros que sacan &hellip; <a href=\"http:\/\/tajotoledo.es\/?page_id=302\">Continuar<\/a><\/p>\n","protected":false},"author":3,"featured_media":0,"parent":22,"menu_order":2,"comment_status":"open","ping_status":"open","template":"page-feature.php","meta":[],"_links":{"self":[{"href":"http:\/\/tajotoledo.es\/index.php?rest_route=\/wp\/v2\/pages\/302"}],"collection":[{"href":"http:\/\/tajotoledo.es\/index.php?rest_route=\/wp\/v2\/pages"}],"about":[{"href":"http:\/\/tajotoledo.es\/index.php?rest_route=\/wp\/v2\/types\/page"}],"author":[{"embeddable":true,"href":"http:\/\/tajotoledo.es\/index.php?rest_route=\/wp\/v2\/users\/3"}],"replies":[{"embeddable":true,"href":"http:\/\/tajotoledo.es\/index.php?rest_route=%2Fwp%2Fv2%2Fcomments&post=302"}],"version-history":[{"count":57,"href":"http:\/\/tajotoledo.es\/index.php?rest_route=\/wp\/v2\/pages\/302\/revisions"}],"predecessor-version":[{"id":1986,"href":"http:\/\/tajotoledo.es\/index.php?rest_route=\/wp\/v2\/pages\/302\/revisions\/1986"}],"up":[{"embeddable":true,"href":"http:\/\/tajotoledo.es\/index.php?rest_route=\/wp\/v2\/pages\/22"}],"wp:attachment":[{"href":"http:\/\/tajotoledo.es\/index.php?rest_route=%2Fwp%2Fv2%2Fmedia&parent=302"}],"curies":[{"name":"wp","href":"https:\/\/api.w.org\/{rel}","templated":true}]}}