{"id":2717,"date":"2018-12-31T14:03:53","date_gmt":"2018-12-31T13:03:53","guid":{"rendered":"http:\/\/tajotoledo.es\/?page_id=2717"},"modified":"2023-01-20T10:13:52","modified_gmt":"2023-01-20T09:13:52","slug":"concurso-fotografia-calendario-2019","status":"publish","type":"page","link":"http:\/\/tajotoledo.es\/?page_id=2717","title":{"rendered":"Concurso de fotograf\u00eda para calendario de 2023"},"content":{"rendered":"<p style=\"text-align: justify;\">Os animamos a que particip\u00e9is en el concurso de fotograf\u00eda en el que se elegir\u00e1 en cada estaci\u00f3n del a\u00f1o 2023 tres fotos ganadoras que formar\u00e1n parte del calendario de la Red del Tajo del a\u00f1o 2024. La foto puede evidenciar un mal estado del tramo fotografiado o ensalzar sus valores naturales, paisaj\u00edsticos o de usos asociados, preferiblemente con encuadres reconocibles del lugar.<\/p>\n<p style=\"text-align: justify;\">Mediante votaci\u00f3n se seleccionar\u00e1 cada mes una de entre todas aquellas recibidas desde cualquier punto de la red fluvial de Tajo. Al final del a\u00f1o se confeccionar\u00e1 un calendario para el a\u00f1o siguiente que compartiremos en redes sociales.<\/p>\n<p><a href=\"http:\/\/tajotoledo.es\/wp-content\/uploads\/2022\/04\/Bases-Concurso-Fotografia-Calendario-Red-del-Tajo-2023.pdf\">\u00a1Consulta las bases y participa!<\/a><\/p>\n<h4><span style=\"color: #000000;\">Aqu\u00ed puedes descargarte el <strong>almanaque de este a\u00f1o 2023<\/strong> tanto en<\/span> <a href=\"\/wp-content\/uploads\/2023\/01\/Calendario%20Tajo%202023%20Esp..pdf\" target=\"_blank\" rel=\"noopener noreferrer\"><strong>castellano<\/strong><\/a> <span style=\"color: #000000;\">como en<\/span> <a href=\"\/wp-content\/uploads\/2023\/01\/Calend%C3%A1rio%20Tejo%202023%20Port..pdf\" target=\"_blank\" rel=\"noopener noreferrer\"><strong>portugu\u00e9s<\/strong><\/a>.<\/h4>\n<p>Aqu\u00ed tienes una sugerencia de <a href=\"\/wp-content\/uploads\/2020\/01\/VID_20200130_172240_301.mp4\" target=\"_blank\" rel=\"noopener noreferrer\">montaje del calendario<\/a>. S\u00f3lo necesitas las fotocopias, un canutillo plano e hilo de lana.<\/p>\n<p>&nbsp;<\/p>\n<p><strong>MIRA LOS CALENDARIOS DE A\u00d1OS ANTERIORES<\/strong><\/p>\n<p>Aqu\u00ed puedes descargarte el calendario de 2022 tanto en <a href=\"\/wp-content\/uploads\/2022\/01\/Calendario%20Tajo%202022%20Esp..pdf\" target=\"_blank\" rel=\"noopener noreferrer\"><strong>castellano<\/strong><\/a> como en <a href=\"\/wp-content\/uploads\/2022\/01\/Calend%C3%A1rio%20Tejo%202022%20Port..pdf\" target=\"_blank\" rel=\"noopener noreferrer\"><strong>portugu\u00e9s<\/strong><\/a>.<\/p>\n<p>Aqu\u00ed puedes descargarte el calendario de 2021 tanto en <a href=\"\/wp-content\/uploads\/2021\/01\/Calendario%20Tajo%202021%20Esp..pdf\" target=\"_blank\" rel=\"noopener noreferrer\"><strong>castellano<\/strong><\/a> como en <a href=\"\/wp-content\/uploads\/2021\/01\/Calend%C3%A1rio%20Tejo%202021%20Port..pdf\" target=\"_blank\" rel=\"noopener noreferrer\"><strong>portugu\u00e9s<\/strong><\/a>.<\/p>\n<p>Aqu\u00ed puedes descargarte el calendario de 2020 tanto en <a href=\"\/wp-content\/uploads\/2020\/01\/Calendario%20Tajo%202020%20Esp..pdf\" target=\"_blank\" rel=\"noopener noreferrer\"><strong>castellano<\/strong><\/a> como en <a href=\"\/wp-content\/uploads\/2020\/01\/Calend%C3%A1rio%20Tejo%202020%20Port..pdf\" target=\"_blank\" rel=\"noopener noreferrer\"><strong>portugu\u00e9s<\/strong><\/a>.<\/p>\n<p>Aqu\u00ed puedes descargarte el calendario de 2019 tanto en <a href=\"\/wp-content\/uploads\/2018\/12\/Calendario%20Tajo%202019%20Esp.pdf\"><strong>castellano<\/strong><\/a> como en <a href=\"\/wp-content\/uploads\/2018\/12\/Calendario_Tejo%202019%20Port.pdf\"><strong>portugu\u00e9s<\/strong><\/a>.<\/p>\n<p>&nbsp;<\/p>\n","protected":false},"excerpt":{"rendered":"<p>Os animamos a que particip\u00e9is en el concurso de fotograf\u00eda en el que se elegir\u00e1 en cada estaci\u00f3n del a\u00f1o 2023 tres fotos ganadoras que formar\u00e1n parte del calendario de la Red del Tajo del a\u00f1o 2024. La foto puede &hellip; <a href=\"http:\/\/tajotoledo.es\/?page_id=2717\">Continuar<\/a><\/p>\n","protected":false},"author":2,"featured_media":0,"parent":0,"menu_order":0,"comment_status":"closed","ping_status":"closed","template":"page-feature.php","meta":[],"_links":{"self":[{"href":"http:\/\/tajotoledo.es\/index.php?rest_route=\/wp\/v2\/pages\/2717"}],"collection":[{"href":"http:\/\/tajotoledo.es\/index.php?rest_route=\/wp\/v2\/pages"}],"about":[{"href":"http:\/\/tajotoledo.es\/index.php?rest_route=\/wp\/v2\/types\/page"}],"author":[{"embeddable":true,"href":"http:\/\/tajotoledo.es\/index.php?rest_route=\/wp\/v2\/users\/2"}],"replies":[{"embeddable":true,"href":"http:\/\/tajotoledo.es\/index.php?rest_route=%2Fwp%2Fv2%2Fcomments&post=2717"}],"version-history":[{"count":96,"href":"http:\/\/tajotoledo.es\/index.php?rest_route=\/wp\/v2\/pages\/2717\/revisions"}],"predecessor-version":[{"id":4062,"href":"http:\/\/tajotoledo.es\/index.php?rest_route=\/wp\/v2\/pages\/2717\/revisions\/4062"}],"wp:attachment":[{"href":"http:\/\/tajotoledo.es\/index.php?rest_route=%2Fwp%2Fv2%2Fmedia&parent=2717"}],"curies":[{"name":"wp","href":"https:\/\/api.w.org\/{rel}","templated":true}]}}