{"id":2648,"date":"2018-09-16T14:08:55","date_gmt":"2018-09-16T12:08:55","guid":{"rendered":"http:\/\/tajotoledo.es\/?page_id=2648"},"modified":"2018-09-20T16:14:39","modified_gmt":"2018-09-20T14:14:39","slug":"conferencia-del-ciclo-uclm-rft-investigando-el-tajo-8","status":"publish","type":"page","link":"http:\/\/tajotoledo.es\/?page_id=2648","title":{"rendered":"Conferencia del ciclo UCLM-RFT Investigando el Tajo"},"content":{"rendered":"<p align=\"JUSTIFY\"><u><a href=\"http:\/\/tajotoledo.es\/wp-content\/uploads\/2018\/09\/Cartel-DG-Jal\u00f3n.jpg\"><img loading=\"lazy\" class=\"alignleft size-medium wp-image-2646\" src=\"http:\/\/tajotoledo.es\/wp-content\/uploads\/2018\/09\/Cartel-DG-Jal\u00f3n-224x300.jpg\" alt=\"\" width=\"224\" height=\"300\" srcset=\"http:\/\/tajotoledo.es\/wp-content\/uploads\/2018\/09\/Cartel-DG-Jal\u00f3n-224x300.jpg 224w, http:\/\/tajotoledo.es\/wp-content\/uploads\/2018\/09\/Cartel-DG-Jal\u00f3n.jpg 431w\" sizes=\"(max-width: 224px) 100vw, 224px\" \/><\/a><\/u><\/p>\n<p align=\"JUSTIFY\"><a href=\"\/wp-content\/uploads\/2018\/09\/Poster%20Diego%20Garc%C3%ADa%20de%20Jal%C3%B3n.pdf\" target=\"_blank\" rel=\"noopener\"><strong>Cartel en PDF<\/strong><\/a>. <strong>V\u00eddeo de la <a href=\"https:\/\/youtu.be\/DCvX1zAOaeg\" target=\"_blank\" rel=\"noopener\">conferencia<\/a><\/strong>. <strong>V\u00eddeo del <a href=\"https:\/\/youtu.be\/cbLlTkUTFtA\" target=\"_blank\" rel=\"noopener\">coloquio<\/a><\/strong>.<\/p>\n<p align=\"JUSTIFY\"><u>Diego Garc\u00eda de Jal\u00f3n Lastra<\/u> es Catedr\u00e1tico de Universidad del Departamento de Sistemas y Recursos Naturales de la ETSI Montes, Forestales y Medio Natural de la UPM. Es experto en Ecolog\u00eda Fluvial aplicada, con una amplia experiencia docente e investigadora en dicho campo, en particular la restauraci\u00f3n de sistemas riparios.<\/p>\n<p align=\"JUSTIFY\">Su actividad investigadora incluye la direcci\u00f3n de m\u00e1s de 40 Proyectos y Estudios. Ha participado y participa en 45 proyectos relevantes de investigaci\u00f3n y en 35 convenios con fundaciones y empresas relacionados con la restauraci\u00f3n ecol\u00f3gica. Ha dirigido diecisiete Tesis Doctorales, cinco directamente relacionadas con la restauraci\u00f3n ecol\u00f3gica, y en la actualidad dirige tres.<\/p>\n<p align=\"JUSTIFY\">Ha publicado m\u00e1s de 175 trabajos cient\u00edficos y seis libros sobre los temas de su especializaci\u00f3n. Es autor de numerosos art\u00edculos publicados en revistas internacionales SCI Es coautor de los libros Restauraci\u00f3n de R\u00edos y Riberas y Principios y T\u00e9cnicas de Gesti\u00f3n Pisc\u00edcola en Aguas Continentales. Ha publicado varios art\u00edculos de divulgaci\u00f3n cient\u00edfica.<\/p>\n<p lang=\"en-US\">La conferencia se centrar\u00e1 particularmente en el r\u00edo Tajo, donde analizar\u00e1 las posibilidades de su recuperaci\u00f3n desde la \u00f3ptica de la restauraci\u00f3n fluvial.<\/p>\n","protected":false},"excerpt":{"rendered":"<p>Cartel en PDF. V\u00eddeo de la conferencia. V\u00eddeo del coloquio. Diego Garc\u00eda de Jal\u00f3n Lastra es Catedr\u00e1tico de Universidad del Departamento de Sistemas y Recursos Naturales de la ETSI Montes, Forestales y Medio Natural de la UPM. Es experto en &hellip; <a href=\"http:\/\/tajotoledo.es\/?page_id=2648\">Continuar<\/a><\/p>\n","protected":false},"author":3,"featured_media":0,"parent":0,"menu_order":0,"comment_status":"closed","ping_status":"closed","template":"page-feature.php","meta":[],"_links":{"self":[{"href":"http:\/\/tajotoledo.es\/index.php?rest_route=\/wp\/v2\/pages\/2648"}],"collection":[{"href":"http:\/\/tajotoledo.es\/index.php?rest_route=\/wp\/v2\/pages"}],"about":[{"href":"http:\/\/tajotoledo.es\/index.php?rest_route=\/wp\/v2\/types\/page"}],"author":[{"embeddable":true,"href":"http:\/\/tajotoledo.es\/index.php?rest_route=\/wp\/v2\/users\/3"}],"replies":[{"embeddable":true,"href":"http:\/\/tajotoledo.es\/index.php?rest_route=%2Fwp%2Fv2%2Fcomments&post=2648"}],"version-history":[{"count":5,"href":"http:\/\/tajotoledo.es\/index.php?rest_route=\/wp\/v2\/pages\/2648\/revisions"}],"predecessor-version":[{"id":2667,"href":"http:\/\/tajotoledo.es\/index.php?rest_route=\/wp\/v2\/pages\/2648\/revisions\/2667"}],"wp:attachment":[{"href":"http:\/\/tajotoledo.es\/index.php?rest_route=%2Fwp%2Fv2%2Fmedia&parent=2648"}],"curies":[{"name":"wp","href":"https:\/\/api.w.org\/{rel}","templated":true}]}}