{"id":232,"date":"2015-03-22T03:30:34","date_gmt":"2015-03-22T02:30:34","guid":{"rendered":"http:\/\/tajotoledo.es\/?page_id=232"},"modified":"2017-04-14T02:03:43","modified_gmt":"2017-04-14T00:03:43","slug":"voluntariado","status":"publish","type":"page","link":"http:\/\/tajotoledo.es\/?page_id=232","title":{"rendered":"Voluntariado Activo Web"},"content":{"rendered":"<p><img loading=\"lazy\" class=\"attachment-266x266 size-266x266 alignright\" src=\"http:\/\/tajotoledo.es\/wp-content\/uploads\/2015\/03\/Voluntariado-web.bmp\" alt=\"Voluntariado web\" width=\"282\" height=\"409\" \/>Desde la Plataforma de Toledo en Defensa del Tajo <strong>queremos que esta p\u00e1gina se vaya construyendo<\/strong> con la actividad, no s\u00f3lo de sus colectivos y personas adheridas, sino tambi\u00e9n <strong>con las aportaciones de tanta gente que mira al Tajo<\/strong>, encontrando en alg\u00fan momento y en alg\u00fan lugar de su cuenca cualquier motivaci\u00f3n para expresar aquello que m\u00e1s repulsa, satisfacci\u00f3n o sugerencia le cause.<\/p>\n<p style=\"text-align: justify;\"><strong>Si eres testigo de algo<\/strong> que quieres denunciar, de algo que te satisfaga o de algo que te sugiera hacer alguna propuesta, <strong><a href=\"http:\/\/tajotoledo.es\/?page_id=406\">comp\u00e1rtelo en esta p\u00e1gina<\/a><\/strong>. Los videos, las fotograf\u00edas y los comentarios que recibamos nos permitir\u00e1n ir modificando contenidos, estilo y presentaci\u00f3n de esta web, que esperamos y deseamos hacerla tuya tanto como quieras.<\/p>\n<p style=\"text-align: justify;\">Si eres usuario de Twitter o de Facebook, enl\u00e1zanos, comparte y comenta nuestras entradas. Puedes tambi\u00e9n ser un colaborador web visitando las webs de <strong><a href=\"http:\/\/tajotoledo.es\/?page_id=615\">colectivos recomendados<\/a><\/strong> o las de nuestros <strong><a href=\"http:\/\/tajotoledo.es\/?page_id=615\">colectivos adheridos<\/a><\/strong>\u00a0 y haci\u00e9ndote eco de sus publicaciones. En algunas de ellas no faltan continuas muestras de solidaridad con nuestro r\u00edo.<\/p>\n<p style=\"text-align: justify;\"><strong>Salvar el Tajo<\/strong> y disfrutar de sus bondades <strong>es siempre una tarea colectiva<\/strong> en la que el des\u00e1nimo no tiene cabida y la esperanza es infinita.<\/p>\n<p style=\"text-align: justify;\">S\u00edguenos en <strong><a href=\"https:\/\/www.facebook.com\/Plataforma-de-Toledo-en-Defensa-del-Tajo-131319446927595\/\">Facebook<\/a><\/strong> y <strong><a href=\"https:\/\/twitter.com\/tajotoledo\">Twitter<\/a><\/strong>. Haz nuestra p\u00e1gina <strong><a href=\"http:\/\/www.tajotoledo.es\">www.tajotoledo.es<\/a><\/strong> tu p\u00e1gina de inicio; visita y comenta <a href=\"http:\/\/tajotoledo.es\/?page_id=428\"><strong>nuestro blog<\/strong><\/a>. S\u00e9 vocera del Tajo para romper la ignorancia y los silencios con los que no podemos ser c\u00f3mplices de la agon\u00eda de nuestro r\u00edo y privar a nuestras generaciones venideras del uso y disfrute que s\u00ed gozaron nuestros progenitores.<\/p>\n<p style=\"text-align: justify;\">Gracias por ser persona <strong><a href=\"http:\/\/tajotoledo.es\/?page_id=672\">voluntaria<\/a><\/strong> y colaboradora web del Tajo.<\/p>\n","protected":false},"excerpt":{"rendered":"<p>Desde la Plataforma de Toledo en Defensa del Tajo queremos que esta p\u00e1gina se vaya construyendo con la actividad, no s\u00f3lo de sus colectivos y personas adheridas, sino tambi\u00e9n con las aportaciones de tanta gente que mira al Tajo, encontrando &hellip; <a href=\"http:\/\/tajotoledo.es\/?page_id=232\">Continuar<\/a><\/p>\n","protected":false},"author":1,"featured_media":0,"parent":194,"menu_order":1,"comment_status":"open","ping_status":"open","template":"page-feature.php","meta":[],"_links":{"self":[{"href":"http:\/\/tajotoledo.es\/index.php?rest_route=\/wp\/v2\/pages\/232"}],"collection":[{"href":"http:\/\/tajotoledo.es\/index.php?rest_route=\/wp\/v2\/pages"}],"about":[{"href":"http:\/\/tajotoledo.es\/index.php?rest_route=\/wp\/v2\/types\/page"}],"author":[{"embeddable":true,"href":"http:\/\/tajotoledo.es\/index.php?rest_route=\/wp\/v2\/users\/1"}],"replies":[{"embeddable":true,"href":"http:\/\/tajotoledo.es\/index.php?rest_route=%2Fwp%2Fv2%2Fcomments&post=232"}],"version-history":[{"count":13,"href":"http:\/\/tajotoledo.es\/index.php?rest_route=\/wp\/v2\/pages\/232\/revisions"}],"predecessor-version":[{"id":1545,"href":"http:\/\/tajotoledo.es\/index.php?rest_route=\/wp\/v2\/pages\/232\/revisions\/1545"}],"up":[{"embeddable":true,"href":"http:\/\/tajotoledo.es\/index.php?rest_route=\/wp\/v2\/pages\/194"}],"wp:attachment":[{"href":"http:\/\/tajotoledo.es\/index.php?rest_route=%2Fwp%2Fv2%2Fmedia&parent=232"}],"curies":[{"name":"wp","href":"https:\/\/api.w.org\/{rel}","templated":true}]}}