{"id":22,"date":"2015-03-06T14:27:18","date_gmt":"2015-03-06T13:27:18","guid":{"rendered":"http:\/\/tajotoledo.es\/?page_id=22"},"modified":"2019-11-08T11:46:18","modified_gmt":"2019-11-08T10:46:18","slug":"manifestaciones","status":"publish","type":"page","link":"http:\/\/tajotoledo.es\/?page_id=22","title":{"rendered":"Docum\u00e9ntate"},"content":{"rendered":"<p style=\"text-align: justify;\">Frecuentemente contemplamos c\u00f3mo la realidad del d\u00eda a d\u00eda no tiene el correspondiente respaldo legal en el que cabr\u00eda enmarcar la normativa y ordenamiento necesario que marque el horizonte evolutivo de esa realidad. En otras ocasiones la existencia del ordenamiento jur\u00eddico nada tiene que ver con la realidad que pretende proteger.<\/p>\n<p style=\"text-align: justify;\">Este es el caso de la realidad del Tajo. Su agon\u00eda no es consecuencia del marco legislativo existente para proteger la salud de los ecosistemas acu\u00e1ticos. Es m\u00e1s, cuanto mayor sea el rango legislativo que contemplemos, menos se entiende la existenca de su podredumbre. De hecho, tras la publicaci\u00f3n de la Directiva Marco del Agua (DMA) en 2000 -la norma legal vinculante de mayor rango- todos pod\u00edamos entener perfectamente que, antes de que 2015 terminara, todos nuestros r\u00edos gozar\u00edan de una salud absolutamente envidiable respecto de la que ven\u00edan teniendo al finalizar el siglo pasado. Sin embargo, la realidad es muy distinta y la estampa del Tajo a su paso por Toledo en 1979 no dista mucho de la que encontramos en 2015.<\/p>\n<p style=\"text-align: justify;\">En la redacci\u00f3n de la legislaci\u00f3n nacional de rango menor a las directivas europeas, podemos ver c\u00f3mo, recurrentemente, se va interpretando el marco europeo para dar lugar a cambios legislativos formales cuyo fin \u00faltimo sea que nada cambie la realidad que viven nuestros r\u00edos, la permanente agon\u00eda en el caso del Tajo<\/p>\n<p style=\"text-align: justify;\">La realidad inmutante que ha ido acompa\u00f1ando a esos cambios legislativos se nos ofrece en variedad de documentos bibliogr\u00e1ficos, videogr\u00e1ficos y sonoros con los que podemos documentarnos fehacientemente y constatar que realidad y legalidad son dos mundos que viven de espaldas uno del otro, al menos en lo relativo a los fines \u00faltimos de la gesti\u00f3n y planificaci\u00f3n de la cuenca del Tajo.<\/p>\n<p>&nbsp;<\/p>\n<p>&nbsp;<\/p>\n<p><!-- &nbsp; &nbsp; \/*[gview file=\"http:\/\/www.chtajo.es\/Informacion%20Ciudadano\/PlanificacionHidrologica\/Planif_2015-2021\/Documents\/ALEG-PHT2\/PHT2_POS_00062.pdf\"] &nbsp; &nbsp; --><\/p>\n","protected":false},"excerpt":{"rendered":"<p>Frecuentemente contemplamos c\u00f3mo la realidad del d\u00eda a d\u00eda no tiene el correspondiente respaldo legal en el que cabr\u00eda enmarcar la normativa y ordenamiento necesario que marque el horizonte evolutivo de esa realidad. En otras ocasiones la existencia del ordenamiento &hellip; <a href=\"http:\/\/tajotoledo.es\/?page_id=22\">Continuar<\/a><\/p>\n","protected":false},"author":1,"featured_media":0,"parent":0,"menu_order":1,"comment_status":"open","ping_status":"open","template":"page-feature.php","meta":[],"_links":{"self":[{"href":"http:\/\/tajotoledo.es\/index.php?rest_route=\/wp\/v2\/pages\/22"}],"collection":[{"href":"http:\/\/tajotoledo.es\/index.php?rest_route=\/wp\/v2\/pages"}],"about":[{"href":"http:\/\/tajotoledo.es\/index.php?rest_route=\/wp\/v2\/types\/page"}],"author":[{"embeddable":true,"href":"http:\/\/tajotoledo.es\/index.php?rest_route=\/wp\/v2\/users\/1"}],"replies":[{"embeddable":true,"href":"http:\/\/tajotoledo.es\/index.php?rest_route=%2Fwp%2Fv2%2Fcomments&post=22"}],"version-history":[{"count":37,"href":"http:\/\/tajotoledo.es\/index.php?rest_route=\/wp\/v2\/pages\/22\/revisions"}],"predecessor-version":[{"id":3239,"href":"http:\/\/tajotoledo.es\/index.php?rest_route=\/wp\/v2\/pages\/22\/revisions\/3239"}],"wp:attachment":[{"href":"http:\/\/tajotoledo.es\/index.php?rest_route=%2Fwp%2Fv2%2Fmedia&parent=22"}],"curies":[{"name":"wp","href":"https:\/\/api.w.org\/{rel}","templated":true}]}}