{"id":217,"date":"2015-03-22T03:01:02","date_gmt":"2015-03-22T02:01:02","guid":{"rendered":"http:\/\/tajotoledo.es\/?page_id=217"},"modified":"2016-03-09T21:10:20","modified_gmt":"2016-03-09T20:10:20","slug":"conocenos-4","status":"publish","type":"page","link":"http:\/\/tajotoledo.es\/?page_id=217","title":{"rendered":"Nuestro logotipo"},"content":{"rendered":"<p>El dise\u00f1o de nuestro logotipo es el resultado de la aportaci\u00f3n de la <a href=\"http:\/\/www.escueladeartetoledo.es\/\">Escuela de Arte de Toledo<\/a> a la causa del Tajo.<\/p>\n<p style=\"text-align: justify;\">En el curso 2010 \/ 2011, el equipo directivo de la Escuela de Arte y el profesorado del segundo curso de Gr\u00e1fica Publicitaria llevaron a cabo con su alumnado un proyecto del que saldr\u00eda el logo de la Plataforma y una <a title=\"Con\u00f3cenos\" href=\"http:\/\/tajotoledo.es\/?page_id=242\">bandelora.<\/a> Participaron todos los chicos y chicas de ese curso, cada uno trabajando su dise\u00f1o conceptual,<\/p>\n<figure id=\"attachment_43\" class=\"thumbnail wp-caption alignleft\" style=\"width: 300px\"><a href=\"http:\/\/tajotoledo.es\/wp-content\/uploads\/2015\/03\/logo3.jpg\"><img loading=\"lazy\" class=\"size-medium wp-image-43\" src=\"http:\/\/tajotoledo.es\/wp-content\/uploads\/2015\/03\/logo3-300x279.jpg\" alt=\"plataforma logo\" width=\"300\" height=\"279\" srcset=\"http:\/\/tajotoledo.es\/wp-content\/uploads\/2015\/03\/logo3-300x279.jpg 300w, http:\/\/tajotoledo.es\/wp-content\/uploads\/2015\/03\/logo3.jpg 382w\" sizes=\"(max-width: 300px) 100vw, 300px\" \/><\/a><figcaption class=\"caption wp-caption-text\">Logo de la Plataforma de Toledo en Defensa del Tajo<\/figcaption><\/figure>\n<p style=\"text-align: justify;\">a partir de una charla en la que la Plataforma les present\u00f3 la realidad que ha sufrido el Tajo en los \u00faltimos 30 a\u00f1os y la raz\u00f3n de la existencia de la Plataforma de Toledo en Defensa del Tajo.<\/p>\n<p style=\"text-align: justify;\">Los tres mejores trabajos que el propio alumnado vot\u00f3 fueron los propuestos a la direcci\u00f3n de la escuela para someterlo a su consideraci\u00f3n. Finalmente, el trabajo que obtuvo mayores apoyos fue el de Laura L\u00f3pez Moraleda.<\/p>\n<p style=\"text-align: justify;\">Seg\u00fan la autora, el logotipo representa los valores de solidaridad, uni\u00f3n, defensa y fuerza que transmite la Plataforma de Toledo en Defensa del Tajo y la imagen gr\u00e1fica funciona como un s\u00edmbolo, representando la uni\u00f3n de dos formas rectangulares y diagonales que se cruzan y superponen para reforzar la idea de escudo, uni\u00f3n y fuerza. Son dos formas ligeras y con movimiento, debido a su inclinaci\u00f3n y la falta de apoyo sobre ninguna base. Sus colores representan la naturaleza y el agua. Aun trat\u00e1ndose de dos elementos, el s\u00edmbolo se percibe como un solo objeto por el equilibrio que aporta su forma de X y del centro de gravedad que comparten ambas formas asim\u00e9tricas, id\u00e9nticas e invertidas.<\/p>\n<p style=\"text-align: justify;\">Desde la Plataforma, adem\u00e1s, percibimos los rasgos y las cualidades de dos hojas de hacha con las que el Tajo hace honor a su nombre.<\/p>\n<p style=\"text-align: justify;\">Sirva esta entrada para reconocer y agradecer el trabajo de su autora y la colaboraci\u00f3n de la Escuela de Arte.<\/p>\n","protected":false},"excerpt":{"rendered":"<p>El dise\u00f1o de nuestro logotipo es el resultado de la aportaci\u00f3n de la Escuela de Arte de Toledo a la causa del Tajo. En el curso 2010 \/ 2011, el equipo directivo de la Escuela de Arte y el profesorado &hellip; <a href=\"http:\/\/tajotoledo.es\/?page_id=217\">Continuar<\/a><\/p>\n","protected":false},"author":1,"featured_media":0,"parent":53,"menu_order":4,"comment_status":"open","ping_status":"open","template":"page-feature.php","meta":[],"_links":{"self":[{"href":"http:\/\/tajotoledo.es\/index.php?rest_route=\/wp\/v2\/pages\/217"}],"collection":[{"href":"http:\/\/tajotoledo.es\/index.php?rest_route=\/wp\/v2\/pages"}],"about":[{"href":"http:\/\/tajotoledo.es\/index.php?rest_route=\/wp\/v2\/types\/page"}],"author":[{"embeddable":true,"href":"http:\/\/tajotoledo.es\/index.php?rest_route=\/wp\/v2\/users\/1"}],"replies":[{"embeddable":true,"href":"http:\/\/tajotoledo.es\/index.php?rest_route=%2Fwp%2Fv2%2Fcomments&post=217"}],"version-history":[{"count":8,"href":"http:\/\/tajotoledo.es\/index.php?rest_route=\/wp\/v2\/pages\/217\/revisions"}],"predecessor-version":[{"id":714,"href":"http:\/\/tajotoledo.es\/index.php?rest_route=\/wp\/v2\/pages\/217\/revisions\/714"}],"up":[{"embeddable":true,"href":"http:\/\/tajotoledo.es\/index.php?rest_route=\/wp\/v2\/pages\/53"}],"wp:attachment":[{"href":"http:\/\/tajotoledo.es\/index.php?rest_route=%2Fwp%2Fv2%2Fmedia&parent=217"}],"curies":[{"name":"wp","href":"https:\/\/api.w.org\/{rel}","templated":true}]}}