{"id":1627,"date":"2017-05-10T18:02:14","date_gmt":"2017-05-10T16:02:14","guid":{"rendered":"http:\/\/tajotoledo.es\/?page_id=1627"},"modified":"2017-05-25T10:19:40","modified_gmt":"2017-05-25T08:19:40","slug":"conferencia-del-ciclo-uclm-rft-investigando-el-tajo-5","status":"publish","type":"page","link":"http:\/\/tajotoledo.es\/?page_id=1627","title":{"rendered":"Conferencia del ciclo UCLM-RFT &#8220;Investigando el Tajo&#8221;."},"content":{"rendered":"<p><a href=\"http:\/\/tajotoledo.es\/wp-content\/uploads\/2017\/05\/Poster-Miguel-\u00c1ngel-Hern\u00e1ndez-e1494431342589.jpg\"><img loading=\"lazy\" class=\"alignleft size-medium wp-image-1625\" src=\"http:\/\/tajotoledo.es\/wp-content\/uploads\/2017\/05\/Poster-Miguel-\u00c1ngel-Hern\u00e1ndez-225x300.jpg\" alt=\"\" width=\"225\" height=\"300\" \/><\/a><a href=\"\/wp-content\/uploads\/2017\/05\/Poster%20Miguel%20%C3%81ngel%20Hern%C3%A1ndez.pdf\" target=\"_blank\" rel=\"noopener noreferrer\"><strong>Cartel para difusi\u00f3n<\/strong><\/a>.\u00a0\u00a0\u00a0 <strong><a href=\"https:\/\/youtu.be\/47wrFX0bFQA\" target=\"_blank\" rel=\"noopener noreferrer\">Entrevista<\/a>.\u00a0\u00a0\u00a0\u00a0 <a href=\"https:\/\/youtu.be\/jgwlelLJEaM\" target=\"_blank\" rel=\"noopener noreferrer\">Conferencia<\/a>.\u00a0\u00a0\u00a0\u00a0 <a href=\"https:\/\/youtu.be\/M8pMphsDKkY\" target=\"_blank\" rel=\"noopener noreferrer\">Coloquio<\/a>.\u00a0\u00a0\u00a0 <a href=\"http:\/\/www.eldiario.es\/clm\/perdida-acuaticas-indicador-Tajo-enfermo_0_647086322.html\" target=\"_blank\" rel=\"noopener noreferrer\">Art\u00edculo eldiario.es<\/a>. <\/strong><strong><br \/>\n<\/strong><\/p>\n<p>&nbsp;<\/p>\n<p><strong>Sobre el conferenciante.<\/strong><\/p>\n<p><span lang=\"ES-TRAD\">Licenciado en Ciencias Biol\u00f3gicas por la Universidad Aut\u00f3noma de Madrid y consultor ambiental especializado en el estudio y seguimiento de poblaciones de vertebrados, educaci\u00f3n ambiental y evaluaci\u00f3n de impactos ambientales. Militante en colectivos ecologistas desde 1.988. Actual co-portavoz de Ecologistas en Acci\u00f3n de Castilla-La Mancha y secretario de Ecologistas en Acci\u00f3n de Toledo. Miembro del Consejo Regional de Medio Ambiente de Castilla-La Mancha y del Consejo del Agua de la Confederaci\u00f3n Hidrogr\u00e1fica del Tajo. Responsable de conservaci\u00f3n de especies dentro del \u00c1rea de Conservaci\u00f3n de la Naturaleza de Ecologistas en Acci\u00f3n. En equipo dentro Ecologistas en Acci\u00f3n realizando un seguimiento de las poblaciones de aves acu\u00e1ticas en el Tajo medio desde mediados de los a\u00f1os ochenta. <\/span><\/p>\n<p>&nbsp;<\/p>\n<p><strong>Sobre la conferencia.<\/strong><\/p>\n<p align=\"JUSTIFY\">Desde mediados de los a\u00f1os ochenta se vienen realizando peri\u00f3dicamente censos de aves acu\u00e1ticas en el Tajo medio, en concreto en el embalse de Castrej\u00f3n. Las aves acu\u00e1ticas son un buen indicador del estado de las aguas y la negativa evoluci\u00f3n de sus poblaciones en este espacio estrat\u00e9gico ofrece una imagen del deterioro que ha venido sufriendo el r\u00edo Tajo a lo largo del tiempo.<\/p>\n","protected":false},"excerpt":{"rendered":"<p>Cartel para difusi\u00f3n.\u00a0\u00a0\u00a0 Entrevista.\u00a0\u00a0\u00a0\u00a0 Conferencia.\u00a0\u00a0\u00a0\u00a0 Coloquio.\u00a0\u00a0\u00a0 Art\u00edculo eldiario.es. &nbsp; Sobre el conferenciante. Licenciado en Ciencias Biol\u00f3gicas por la Universidad Aut\u00f3noma de Madrid y consultor ambiental especializado en el estudio y seguimiento de poblaciones de vertebrados, educaci\u00f3n ambiental y evaluaci\u00f3n de &hellip; <a href=\"http:\/\/tajotoledo.es\/?page_id=1627\">Continuar<\/a><\/p>\n","protected":false},"author":3,"featured_media":0,"parent":0,"menu_order":0,"comment_status":"closed","ping_status":"closed","template":"page-feature.php","meta":[],"_links":{"self":[{"href":"http:\/\/tajotoledo.es\/index.php?rest_route=\/wp\/v2\/pages\/1627"}],"collection":[{"href":"http:\/\/tajotoledo.es\/index.php?rest_route=\/wp\/v2\/pages"}],"about":[{"href":"http:\/\/tajotoledo.es\/index.php?rest_route=\/wp\/v2\/types\/page"}],"author":[{"embeddable":true,"href":"http:\/\/tajotoledo.es\/index.php?rest_route=\/wp\/v2\/users\/3"}],"replies":[{"embeddable":true,"href":"http:\/\/tajotoledo.es\/index.php?rest_route=%2Fwp%2Fv2%2Fcomments&post=1627"}],"version-history":[{"count":6,"href":"http:\/\/tajotoledo.es\/index.php?rest_route=\/wp\/v2\/pages\/1627\/revisions"}],"predecessor-version":[{"id":1679,"href":"http:\/\/tajotoledo.es\/index.php?rest_route=\/wp\/v2\/pages\/1627\/revisions\/1679"}],"wp:attachment":[{"href":"http:\/\/tajotoledo.es\/index.php?rest_route=%2Fwp%2Fv2%2Fmedia&parent=1627"}],"curies":[{"name":"wp","href":"https:\/\/api.w.org\/{rel}","templated":true}]}}