{"id":150,"date":"2015-03-21T12:37:42","date_gmt":"2015-03-21T11:37:42","guid":{"rendered":"http:\/\/tajotoledo.es\/?page_id=150"},"modified":"2016-03-09T21:08:31","modified_gmt":"2016-03-09T20:08:31","slug":"origen-de-la-plataforma","status":"publish","type":"page","link":"http:\/\/tajotoledo.es\/?page_id=150","title":{"rendered":"Origen de la Plataforma"},"content":{"rendered":"<div class=\"\" style=\"text-align: justify;\">Desde que a finales de los 70 apareciera en Toledo el \u201cEquipo de Defensa del Tajo\u201d como primera organizaci\u00f3n que velara por los valores propios del r\u00edo Tajo a su paso por Toledo, siempre ha habido en esta ciudad colectivos m\u00e1s o menos organizados que de all\u00e1 para cuando levantaran la voz en protesta por el trato que se estaba dando al r\u00edo en su tramo medio, especialmente en el que discurre por la provincia de Toledo.<\/div>\n<div class=\"\" style=\"text-align: justify;\">Pero sin duda, a su existencia han contribuido personas que desde su \u00e1mbito personal y profesional han sido voceros del Tajo, como el historiador Julio Porres Mart\u00edn-Cleto y, sobre todo, el cronista Luis Moreno Nieto.<\/div>\n<div class=\"\" style=\"text-align: justify;\"><\/div>\n<div class=\"\" style=\"text-align: justify;\">Durante el verano de 2006 el Tajo se sec\u00f3 en Talavera de la Reina; en Toledo ya ocurri\u00f3 en 1995. De aquel hecho naci\u00f3 en esa ciudad de la cer\u00e1mica la Plataforma en Defensa de los R\u00edos Alberche y Tajo. Los promotores compartieron su indignaci\u00f3n con personas y colectivos sociales, culturales, ecologistas, personas ligadas al derecho ambiental, etc. En 2008, esa Plataforma anunci\u00f3 su intenci\u00f3n de organizar en 2009 una manifestaci\u00f3n en Talavera convocando a toda la cuenca del Tajo y a aquellos colectivos que quisieran testimoniar su apoyo desde fuera de la cuenca.<\/div>\n<div class=\"\" style=\"text-align: justify;\"><\/div>\n<div class=\"\" style=\"text-align: justify;\">\n<figure id=\"attachment_151\" class=\"thumbnail wp-caption alignright\" style=\"width: 300px\"><a href=\"http:\/\/tajotoledo.es\/wp-content\/uploads\/2015\/03\/origen-de-ptdt.jpg\"><img loading=\"lazy\" class=\"size-medium wp-image-151\" src=\"http:\/\/tajotoledo.es\/wp-content\/uploads\/2015\/03\/origen-de-ptdt-300x201.jpg\" alt=\"Reuni\u00f3n con el fin de crear una Mesa por el Tajo.\" width=\"300\" height=\"201\" srcset=\"http:\/\/tajotoledo.es\/wp-content\/uploads\/2015\/03\/origen-de-ptdt-300x201.jpg 300w, http:\/\/tajotoledo.es\/wp-content\/uploads\/2015\/03\/origen-de-ptdt.jpg 321w\" sizes=\"(max-width: 300px) 100vw, 300px\" \/><\/a><figcaption class=\"caption wp-caption-text\">Rueda de prensa anunciando la creaci\u00f3n de la Plataforma de Toledo en Defensa del Tajo.<\/figcaption><\/figure>\n<p>En Toledo, a principios de ese 2009, algunas personas y colectivos compart\u00edan su frustraci\u00f3n por no existir un movimiento en Toledo capital que levantara la voz por el Tajo, pese a que Toledo le debe todo al Tajo.<\/p>\n<p>Fue el presidente de la Federaci\u00f3n Local de AA.VV. \u201c<a href=\"http:\/\/www.faveto.org\/\">El Ciudadano<\/a>\u201d quien convoc\u00f3 una reuni\u00f3n con el fin de crear una Mesa por el Tajo y movilizar a la ciudadan\u00eda toledana para que acudiera a la manifestaci\u00f3n de Talavera y retomara la conciencia por abanderar la recuperaci\u00f3n de la salud del r\u00edo a su paso por la provincia de Toledo, especialmente por la capital. Convoc\u00f3 a diferentes colectivos ciudadanos, ambientalistas, sociales, pol\u00edticos y particulares que supuestamente deb\u00edan tener cierta sensibilidad por este asunto. La reuni\u00f3n tuvo lugar el 27 de abril de 2009. El d\u00eda 6 de mayo la Federaci\u00f3n de Vecinos convoca a los medios de comunicaci\u00f3n y abre una entrada en su blog, <a href=\"http:\/\/federacionelciudadano.blogspot.com\/2009\/05\/por-nuestro-rio-toledanos-al-tajo.html\">http:\/\/federacionelciudadano.blogspot.com\/2009\/05\/por-nuestro-rio-toledanos-al-tajo.html<\/a>, anunciando la creaci\u00f3n de la Plataforma e invitando a la gente a participar en ella.<\/p>\n<\/div>\n<div class=\"\" style=\"text-align: justify;\"><\/div>\n<div class=\"\" style=\"text-align: justify;\">La Plataforma empieza su andadura organizando y participando en actos con el fin de despertar el inter\u00e9s de la ciudadan\u00eda por acudir a la manifestaci\u00f3n de Talavera convocada para el 20 de junio. Dos personas de generaciones diferentes, una no conoci\u00f3 el r\u00edo como tal y otra lo disfrut\u00f3 de ni\u00f1o, aceptan ser portavoces mientras que el presidente de la Federaci\u00f3n se presta de mediador para conseguir adhesiones y log\u00edstica. Nadie pone dinero; la mayor\u00eda de los gastos los asume la Federaci\u00f3n y, los menos, los portavoces.<\/div>\n<div class=\"\" style=\"text-align: justify;\"><\/div>\n<div class=\"\" style=\"text-align: justify;\">Tras la manifestaci\u00f3n del 20J la Plataforma se plantea su continuidad. Las implicaciones en el futuro de la Plataforma tienen motivaciones muy diferentes y se encarga a los portavoces que preparen para despu\u00e9s del verano una propuesta de estatutos a fin de convertir la Plataforma en asociaci\u00f3n legal.<\/div>\n<div class=\"\" style=\"text-align: justify;\"><\/div>\n<div class=\"\" style=\"text-align: justify;\">Teniendo en cuenta esas diferentes motivaciones y particularidades a la hora de participar en la Plataforma, en la reuni\u00f3n del 3 de noviembre de 2009 se presenta la propuesta de estatutos que se acepta casi sin enmiendas rese\u00f1ables. Los dos portavoces (uno de ellos no asiste a esa reuni\u00f3n) y un tercer asistente, a falta de otros voluntarios, se ofrecen para levantar acta de constituci\u00f3n de la asociaci\u00f3n, que mantendr\u00e1 la misma denominaci\u00f3n: Plataforma de Toledo en Defensa del Tajo.<\/div>\n<div class=\"\" style=\"text-align: justify;\"><\/div>\n<div style=\"float: left; margin-right: 20px;\"><iframe src=\"https:\/\/www.youtube.com\/embed\/nbh-il0nkrg?rel=0\" width=\"420\" height=\"315\" frameborder=\"0\" allowfullscreen=\"allowfullscreen\"><\/iframe><\/div>\n<div class=\"\" style=\"text-align: justify;\">En la asamblea del 1 de diciembre, de acuerdo con los estatutos se eligen las personas que configurar\u00e1n la Junta Directiva bajo en criterio de que ninguna de ellas sea a su vez representante de ning\u00fan partido o sindicato en la Plataforma y que, en cualquier caso, esas personas no representan en la Junta Directiva a los colectivos a los que pudieran pertenecer, tal es el mandato estatutario.<\/div>\n<div class=\"\" style=\"text-align: justify;\"><\/div>\n<div class=\"\" style=\"text-align: justify;\">El 2 de febrero de 2010 la Plataforma de Toledo en Defensa del Tajo queda inscrita en el Registro General de Asociaciones con el n\u00famero 23322 y visados sus estatutos. Toledo vuelve a tener quien reclame la vida que le dio la vida.<\/div>\n","protected":false},"excerpt":{"rendered":"<p>Desde que a finales de los 70 apareciera en Toledo el \u201cEquipo de Defensa del Tajo\u201d como primera organizaci\u00f3n que velara por los valores propios del r\u00edo Tajo a su paso por Toledo, siempre ha habido en esta ciudad colectivos &hellip; <a href=\"http:\/\/tajotoledo.es\/?page_id=150\">Continuar<\/a><\/p>\n","protected":false},"author":1,"featured_media":0,"parent":53,"menu_order":2,"comment_status":"open","ping_status":"closed","template":"page-feature.php","meta":[],"_links":{"self":[{"href":"http:\/\/tajotoledo.es\/index.php?rest_route=\/wp\/v2\/pages\/150"}],"collection":[{"href":"http:\/\/tajotoledo.es\/index.php?rest_route=\/wp\/v2\/pages"}],"about":[{"href":"http:\/\/tajotoledo.es\/index.php?rest_route=\/wp\/v2\/types\/page"}],"author":[{"embeddable":true,"href":"http:\/\/tajotoledo.es\/index.php?rest_route=\/wp\/v2\/users\/1"}],"replies":[{"embeddable":true,"href":"http:\/\/tajotoledo.es\/index.php?rest_route=%2Fwp%2Fv2%2Fcomments&post=150"}],"version-history":[{"count":25,"href":"http:\/\/tajotoledo.es\/index.php?rest_route=\/wp\/v2\/pages\/150\/revisions"}],"predecessor-version":[{"id":713,"href":"http:\/\/tajotoledo.es\/index.php?rest_route=\/wp\/v2\/pages\/150\/revisions\/713"}],"up":[{"embeddable":true,"href":"http:\/\/tajotoledo.es\/index.php?rest_route=\/wp\/v2\/pages\/53"}],"wp:attachment":[{"href":"http:\/\/tajotoledo.es\/index.php?rest_route=%2Fwp%2Fv2%2Fmedia&parent=150"}],"curies":[{"name":"wp","href":"https:\/\/api.w.org\/{rel}","templated":true}]}}