{"id":1455,"date":"2017-03-16T18:34:08","date_gmt":"2017-03-16T17:34:08","guid":{"rendered":"http:\/\/tajotoledo.es\/?page_id=1455"},"modified":"2017-03-31T10:56:05","modified_gmt":"2017-03-31T08:56:05","slug":"conferencia-del-ciclo-uclm-rft-investigando-el-tajo-4","status":"publish","type":"page","link":"http:\/\/tajotoledo.es\/?page_id=1455","title":{"rendered":"Conferencia del ciclo UCLM-RFT &#8220;Investigando el Tajo&#8221;"},"content":{"rendered":"<p><strong><a href=\"http:\/\/tajotoledo.es\/wp-content\/uploads\/2017\/03\/Poster-Julia-FNCA.jpg\"><img loading=\"lazy\" class=\"size-medium wp-image-1461 alignleft\" src=\"http:\/\/tajotoledo.es\/wp-content\/uploads\/2017\/03\/Poster-Julia-FNCA-225x300.jpg\" alt=\"\" width=\"225\" height=\"300\" srcset=\"http:\/\/tajotoledo.es\/wp-content\/uploads\/2017\/03\/Poster-Julia-FNCA-225x300.jpg 225w, http:\/\/tajotoledo.es\/wp-content\/uploads\/2017\/03\/Poster-Julia-FNCA.jpg 720w\" sizes=\"(max-width: 225px) 100vw, 225px\" \/><\/a><a href=\"\/wp-content\/uploads\/2017\/03\/Poster%20Julia%20FNCA.pdf\" target=\"_blank\">Cartel para difusi\u00f3n<\/a>.\u00a0\u00a0\u00a0\u00a0 <a href=\"https:\/\/youtu.be\/dSySX8Bol9E\" target=\"_blank\">Entrevista<\/a>.\u00a0\u00a0\u00a0\u00a0 <a href=\"https:\/\/youtu.be\/Xs5HZrgM7PU\" target=\"_blank\">Conferencia<\/a>.\u00a0\u00a0\u00a0\u00a0 <a href=\"https:\/\/youtu.be\/naroIg1b7Rg\" target=\"_blank\">Coloquio<\/a>.\u00a0\u00a0\u00a0 <a href=\"http:\/\/www.eldiario.es\/clm\/Redotar-Tajo-Segura-Duero-Ebro_0_627488328.html\" target=\"_blank\">Entrevista eldiario.es<\/a>. <\/strong><strong><br \/>\n<\/strong><\/p>\n<p><strong>Curr\u00edculo de la autora<\/strong><\/p>\n<p align=\"JUSTIFY\">Doctora en Biolog\u00eda, es directora t\u00e9cnica de la Fundaci\u00f3n Nueva Cultura del Agua. Ha participado en unos 25 proyectos nacionales e internacionales de investigaci\u00f3n con especial \u00e9nfasis en la modelizaci\u00f3n de sistemas socio-ecol\u00f3gicos y sus din\u00e1micas h\u00eddricas, el desarrollo de indicadores de sostenibilidad del agua, la gesti\u00f3n integrada del agua en zonas \u00e1ridas y las interacciones socio-econ\u00f3micas y ambientales de sistemas relacionados con el agua. Tiene unas 130 publicaciones cient\u00edficas sobre estos temas. Imparte docencia en el M\u00e1ster sobre Gesti\u00f3n Fluvial Sostenible y Gesti\u00f3n Integrada de Aguas y es vocal del Consejo del Agua de la Demarcaci\u00f3n del Segura.<\/p>\n<p align=\"JUSTIFY\"><strong>Sin\u00f3psis de la conferencia<\/strong><\/p>\n<p align=\"JUSTIFY\">En la cuenca del Segura se constata la existencia de un uso insostenible del agua, que deriva de un marcado desequilibrio entre el agua disponible y los usos consuntivos, fundamentalmente por parte del regad\u00edo, que representa el 88% de las demandas. Las expectativas creadas por el trasvase Tajo-Segura alentaron la ampliaci\u00f3n de regad\u00edos en la cuenca del Segura m\u00e1s all\u00e1 de los previstos, a pesar de lo cual fueron asumidos por la v\u00eda de los hechos, constituyendo un ejemplo de erosi\u00f3n de objetivos, fen\u00f3meno recurrente en m\u00faltiples sistemas socioambientales. La expansion excesiva del regad\u00edo en la demarcaci\u00f3n del Segura ha tenido importantes impactos ambientales, ligados a un consume insostenible de agua pero tambi\u00e9n derivados de otros efectos sobre el espacio ambientalmente disponible y sobre otros efectos ambientales, como la contaminaci\u00f3n agraria difusa, que ha sido determinante en la eutrofizaci\u00f3n de la laguna costera del Mar Menor. Desde la perspectiva de la Nueva Cultura del Agua, se delinean algunas propuestas que podr\u00edan contribuir a avanzar hacia una gesti\u00f3n m\u00e1s sostenible en la cuenca del Segura.<\/p>\n<p align=\"JUSTIFY\">\n","protected":false},"excerpt":{"rendered":"<p>Cartel para difusi\u00f3n.\u00a0\u00a0\u00a0\u00a0 Entrevista.\u00a0\u00a0\u00a0\u00a0 Conferencia.\u00a0\u00a0\u00a0\u00a0 Coloquio.\u00a0\u00a0\u00a0 Entrevista eldiario.es. Curr\u00edculo de la autora Doctora en Biolog\u00eda, es directora t\u00e9cnica de la Fundaci\u00f3n Nueva Cultura del Agua. Ha participado en unos 25 proyectos nacionales e internacionales de investigaci\u00f3n con especial \u00e9nfasis en &hellip; <a href=\"http:\/\/tajotoledo.es\/?page_id=1455\">Continuar<\/a><\/p>\n","protected":false},"author":3,"featured_media":0,"parent":0,"menu_order":0,"comment_status":"closed","ping_status":"closed","template":"page-feature.php","meta":[],"_links":{"self":[{"href":"http:\/\/tajotoledo.es\/index.php?rest_route=\/wp\/v2\/pages\/1455"}],"collection":[{"href":"http:\/\/tajotoledo.es\/index.php?rest_route=\/wp\/v2\/pages"}],"about":[{"href":"http:\/\/tajotoledo.es\/index.php?rest_route=\/wp\/v2\/types\/page"}],"author":[{"embeddable":true,"href":"http:\/\/tajotoledo.es\/index.php?rest_route=\/wp\/v2\/users\/3"}],"replies":[{"embeddable":true,"href":"http:\/\/tajotoledo.es\/index.php?rest_route=%2Fwp%2Fv2%2Fcomments&post=1455"}],"version-history":[{"count":12,"href":"http:\/\/tajotoledo.es\/index.php?rest_route=\/wp\/v2\/pages\/1455\/revisions"}],"predecessor-version":[{"id":1495,"href":"http:\/\/tajotoledo.es\/index.php?rest_route=\/wp\/v2\/pages\/1455\/revisions\/1495"}],"wp:attachment":[{"href":"http:\/\/tajotoledo.es\/index.php?rest_route=%2Fwp%2Fv2%2Fmedia&parent=1455"}],"curies":[{"name":"wp","href":"https:\/\/api.w.org\/{rel}","templated":true}]}}