{"id":1413,"date":"2017-01-30T11:27:25","date_gmt":"2017-01-30T10:27:25","guid":{"rendered":"http:\/\/tajotoledo.es\/?page_id=1413"},"modified":"2017-03-29T17:20:51","modified_gmt":"2017-03-29T15:20:51","slug":"conferencia-del-ciclo-uclm-rft-investigando-el-tajo-3","status":"publish","type":"page","link":"http:\/\/tajotoledo.es\/?page_id=1413","title":{"rendered":"Conferencia del ciclo UCLM-RFT &#8220;Investigando el Tajo&#8221;"},"content":{"rendered":"<p><a href=\"\/wp-content\/uploads\/2017\/01\/Poster%20Maceda.pdf\" target=\"_blank\"><img loading=\"lazy\" class=\"alignleft size-medium wp-image-1414\" src=\"http:\/\/tajotoledo.es\/wp-content\/uploads\/2017\/01\/Poster-Maceda-226x300.jpg\" alt=\"\" width=\"226\" height=\"300\" srcset=\"http:\/\/tajotoledo.es\/wp-content\/uploads\/2017\/01\/Poster-Maceda-226x300.jpg 226w, http:\/\/tajotoledo.es\/wp-content\/uploads\/2017\/01\/Poster-Maceda.jpg 378w\" sizes=\"(max-width: 226px) 100vw, 226px\" \/>Cartel para difusi\u00f3n<\/a>.\u00a0\u00a0\u00a0\u00a0 <a href=\"https:\/\/youtu.be\/aEUYnNJT1As\" target=\"_blank\">Entrevista<\/a>.\u00a0\u00a0\u00a0\u00a0 <a href=\"https:\/\/youtu.be\/ivOicZXGKhQ\" target=\"_blank\">Conferencia<\/a>.\u00a0\u00a0\u00a0\u00a0 <a href=\"https:\/\/youtu.be\/i4cg5Bpx3tI\" target=\"_blank\">Coloquio<\/a>.<\/p>\n<p><span style=\"text-decoration: underline;\"><strong>Curr\u00edculo del autor<\/strong><\/span><\/p>\n<p><strong>Dr. Alberto Maceda-Veiga.<\/strong><\/p>\n<p>Es Doctor en Biodiversidad por la Universidad de Barcelona (UB). Actualmente, est\u00e1 como Investigador Severo-Ochoa en la Estaci\u00f3n Biol\u00f3gica de Do\u00f1ana (EBD-CSIC), y como investigador asociado al\u00a0<i>Institut de Recerca en Biodiversitat<\/i> (IRBio-UB). Su investigaci\u00f3n se centra en el estudio la respuesta de los sistemas acu\u00e1ticos continentales, y de los peces en particular, al cambio global. Entre sus l\u00edneas espec\u00edficas cabe destacar el estudio multidisciplinar de los efectos de la contaminaci\u00f3n sobre los peces y el desarrollo de nuevas herramientas de diagn\u00f3stico compatibles con su conservaci\u00f3n. Asimismo, tambi\u00e9n destacan los estudios sobre los efectos sin\u00e9rgicos de la contaminaci\u00f3n, las invasiones biol\u00f3gicas y el calentamiento global. Pertenece a los grupos de investigaci\u00f3n \u201cBiolog\u00eda de Vertebrados&#8221; y a la &#8220;Red de Referencia en I+D+I en Acuicultura&#8221; del Gobierno Auton\u00f3mico de Catalu\u00f1a.<\/p>\n<p><span style=\"text-decoration: underline;\"><strong>Sinopsis de la conferencia<\/strong><\/span><\/p>\n<p><b>Estado de conservaci\u00f3n y medidas de gesti\u00f3n para los peces de los r\u00edos mediterr\u00e1neos<\/b>.<\/p>\n<p>La conferencia versar\u00e1 sobre el estado actual de conservaci\u00f3n de los peces de 13 cuencas tipo espa\u00f1olas del cual se derivar\u00e1n medidas de gesti\u00f3n aplicables a los r\u00edos mediterr\u00e1neos. Se discutir\u00e1 el papel de las \u00e1reas protegidas actuales en su conservaci\u00f3n, as\u00ed como cu\u00e1les son las caracter\u00edsticas de los r\u00edos que favorecen la invasi\u00f3n por especies ex\u00f3ticas y merman las poblaciones de peces nativos. Asimismo, se utilizar\u00e1n casos-estudio para mostrar c\u00f3mo afecta la contaminaci\u00f3n a las comunidades de peces y las limitaciones de la actual Directiva Marco del Agua que tiene \u200bcomo objetivo devolver el buen estado ecol\u00f3gico a los r\u00edos de los pa\u00edses miembros. En este sentido, se discutir\u00e1 la necesidad de incorporar nuevos m\u00e9todos de diagn\u00f3stico que conviertan a los programas de monitoreo ambiental en herramientas m\u00e1s predictivas y ligadas a la ecolog\u00eda te\u00f3rica.<\/p>\n","protected":false},"excerpt":{"rendered":"<p>Cartel para difusi\u00f3n.\u00a0\u00a0\u00a0\u00a0 Entrevista.\u00a0\u00a0\u00a0\u00a0 Conferencia.\u00a0\u00a0\u00a0\u00a0 Coloquio. Curr\u00edculo del autor Dr. Alberto Maceda-Veiga. Es Doctor en Biodiversidad por la Universidad de Barcelona (UB). Actualmente, est\u00e1 como Investigador Severo-Ochoa en la Estaci\u00f3n Biol\u00f3gica de Do\u00f1ana (EBD-CSIC), y como investigador asociado al\u00a0Institut de &hellip; <a href=\"http:\/\/tajotoledo.es\/?page_id=1413\">Continuar<\/a><\/p>\n","protected":false},"author":3,"featured_media":0,"parent":0,"menu_order":0,"comment_status":"closed","ping_status":"closed","template":"page-feature.php","meta":[],"_links":{"self":[{"href":"http:\/\/tajotoledo.es\/index.php?rest_route=\/wp\/v2\/pages\/1413"}],"collection":[{"href":"http:\/\/tajotoledo.es\/index.php?rest_route=\/wp\/v2\/pages"}],"about":[{"href":"http:\/\/tajotoledo.es\/index.php?rest_route=\/wp\/v2\/types\/page"}],"author":[{"embeddable":true,"href":"http:\/\/tajotoledo.es\/index.php?rest_route=\/wp\/v2\/users\/3"}],"replies":[{"embeddable":true,"href":"http:\/\/tajotoledo.es\/index.php?rest_route=%2Fwp%2Fv2%2Fcomments&post=1413"}],"version-history":[{"count":9,"href":"http:\/\/tajotoledo.es\/index.php?rest_route=\/wp\/v2\/pages\/1413\/revisions"}],"predecessor-version":[{"id":1485,"href":"http:\/\/tajotoledo.es\/index.php?rest_route=\/wp\/v2\/pages\/1413\/revisions\/1485"}],"wp:attachment":[{"href":"http:\/\/tajotoledo.es\/index.php?rest_route=%2Fwp%2Fv2%2Fmedia&parent=1413"}],"curies":[{"name":"wp","href":"https:\/\/api.w.org\/{rel}","templated":true}]}}