{"id":1323,"date":"2016-11-18T12:22:09","date_gmt":"2016-11-18T11:22:09","guid":{"rendered":"http:\/\/tajotoledo.es\/?page_id=1323"},"modified":"2017-03-29T17:25:33","modified_gmt":"2017-03-29T15:25:33","slug":"conferencia-del-ciclo-uclm-rft-investigando-el-tajo-2","status":"publish","type":"page","link":"http:\/\/tajotoledo.es\/?page_id=1323","title":{"rendered":"Conferencia del ciclo UCLM-RFT &#8220;Investigando el Tajo&#8221;"},"content":{"rendered":"<p><a href=\"http:\/\/tajotoledo.es\/wp-content\/uploads\/2016\/11\/Conf.-Graciela.jpg\"><img loading=\"lazy\" class=\"alignleft size-medium wp-image-1308\" src=\"http:\/\/tajotoledo.es\/wp-content\/uploads\/2016\/11\/Conf.-Graciela-224x300.jpg\" alt=\"conf-graciela\" width=\"224\" height=\"300\" srcset=\"http:\/\/tajotoledo.es\/wp-content\/uploads\/2016\/11\/Conf.-Graciela-224x300.jpg 224w, http:\/\/tajotoledo.es\/wp-content\/uploads\/2016\/11\/Conf.-Graciela.jpg 354w\" sizes=\"(max-width: 224px) 100vw, 224px\" \/><\/a><strong><a href=\"\/wp-content\/uploads\/2016\/11\/Poster%20Graciela%20nov-2016.pdf\" target=\"_blank\">Cartel para divulgaci\u00f3n<\/a>.\u00a0\u00a0\u00a0\u00a0 <a href=\"https:\/\/youtu.be\/RDzqOV5FBck\" target=\"_blank\">Entrevista<\/a>. \u00a0\u00a0\u00a0 <a href=\"https:\/\/youtu.be\/iQYvwUIJ-yM\" target=\"_blank\">Conferencia<\/a>.\u00a0\u00a0\u00a0\u00a0 <a href=\"https:\/\/youtu.be\/AtKbHTAOmG0\" target=\"_blank\">Coloquio<\/a>.<\/strong><\/p>\n<p><span style=\"text-decoration: underline;\"><strong>Curr\u00edculo de la autora<\/strong><\/span><\/p>\n<p><strong>Dra. Graciela G. Nicola<\/strong><\/p>\n<p>Es Doctora en Biolog\u00eda por la Universidad Complutense de Madrid (UCM). Actualmente, trabaja como Profesora Titular de Universidad en la Facultad de Ciencias Ambientales y Bioqu\u00edmica de Toledo (Universidad de Castilla-La Mancha, UCLM). Es especialista en peces fluviales y sistemas acu\u00e1ticos continentales. Entre sus l\u00edneas actuales de investigaci\u00f3n cabe destacar el estudio de la variabilidad ecol\u00f3gica y gen\u00e9tica de peces fluviales, la evaluaci\u00f3n de la calidad ambiental de los ecosistemas acu\u00e1ticos y el an\u00e1lisis de patrones de distribuci\u00f3n de vertebrados invasores. Pertenece a los grupos de investigaci\u00f3n \u201cEvoluci\u00f3n y filogenia molecular animal y humana\u201d de la Universidad Complutense de Madrid y \u201cAgroecolog\u00eda y calidad y salubridad del agua en pa\u00edses en desarrollo (IAGU)\u201d de la UCLM.<\/p>\n<p>&nbsp;<\/p>\n<p><span style=\"text-decoration: underline;\"><strong>Sinopsis de la conferencia<\/strong><\/span><\/p>\n<p><strong>Seguimiento y estado de conservaci\u00f3n de los peces nativos del Tajo<\/strong><\/p>\n<p><strong>\u00a0<\/strong>La conferencia versar\u00e1 sobre el estado de conservaci\u00f3n actual que presentan los peces de la cuenca del Tajo. Se presentan los resultados de un proyecto realizado para dar cumplimiento al seguimiento peri\u00f3dico de las especies de inter\u00e9s comunitario protegidas por la Directiva de H\u00e1bitats. Se evalu\u00f3 el estado de conservaci\u00f3n de las especies nativas de peces en base a su distribuci\u00f3n y amplitud geogr\u00e1fica actual, evoluci\u00f3n de la distribuci\u00f3n y de la amplitud geogr\u00e1fica, poblaci\u00f3n actual y su evoluci\u00f3n, h\u00e1bitat, y las perspectivas futuras ante el cambio clim\u00e1tico. En funci\u00f3n de los resultados se establecieron directrices y propuestas concretas de cara a la gesti\u00f3n y la conservaci\u00f3n de las especies.<\/p>\n<p>&nbsp;<\/p>\n<p>&nbsp;<\/p>\n<p>&nbsp;<\/p>\n","protected":false},"excerpt":{"rendered":"<p>Cartel para divulgaci\u00f3n.\u00a0\u00a0\u00a0\u00a0 Entrevista. \u00a0\u00a0\u00a0 Conferencia.\u00a0\u00a0\u00a0\u00a0 Coloquio. Curr\u00edculo de la autora Dra. Graciela G. Nicola Es Doctora en Biolog\u00eda por la Universidad Complutense de Madrid (UCM). Actualmente, trabaja como Profesora Titular de Universidad en la Facultad de Ciencias Ambientales y &hellip; <a href=\"http:\/\/tajotoledo.es\/?page_id=1323\">Continuar<\/a><\/p>\n","protected":false},"author":3,"featured_media":0,"parent":0,"menu_order":0,"comment_status":"closed","ping_status":"closed","template":"page-feature.php","meta":[],"_links":{"self":[{"href":"http:\/\/tajotoledo.es\/index.php?rest_route=\/wp\/v2\/pages\/1323"}],"collection":[{"href":"http:\/\/tajotoledo.es\/index.php?rest_route=\/wp\/v2\/pages"}],"about":[{"href":"http:\/\/tajotoledo.es\/index.php?rest_route=\/wp\/v2\/types\/page"}],"author":[{"embeddable":true,"href":"http:\/\/tajotoledo.es\/index.php?rest_route=\/wp\/v2\/users\/3"}],"replies":[{"embeddable":true,"href":"http:\/\/tajotoledo.es\/index.php?rest_route=%2Fwp%2Fv2%2Fcomments&post=1323"}],"version-history":[{"count":7,"href":"http:\/\/tajotoledo.es\/index.php?rest_route=\/wp\/v2\/pages\/1323\/revisions"}],"predecessor-version":[{"id":1486,"href":"http:\/\/tajotoledo.es\/index.php?rest_route=\/wp\/v2\/pages\/1323\/revisions\/1486"}],"wp:attachment":[{"href":"http:\/\/tajotoledo.es\/index.php?rest_route=%2Fwp%2Fv2%2Fmedia&parent=1323"}],"curies":[{"name":"wp","href":"https:\/\/api.w.org\/{rel}","templated":true}]}}