{"id":1278,"date":"2016-11-10T03:02:09","date_gmt":"2016-11-10T02:02:09","guid":{"rendered":"http:\/\/tajotoledo.es\/?page_id=1278"},"modified":"2016-11-27T13:30:49","modified_gmt":"2016-11-27T12:30:49","slug":"poesia","status":"publish","type":"page","link":"http:\/\/tajotoledo.es\/?page_id=1278","title":{"rendered":"Poes\u00eda"},"content":{"rendered":"<h5 style=\"text-align: center;\"><span style=\"color: #808000;\">Os env\u00edo mi recient\u00edsimo poema dedicado a las Ninfas del Tajo, a la manera de Garcilaso de la Vega.<\/span><\/h5>\n<h5 style=\"text-align: center;\"><span style=\"color: #808000;\">Disponed de \u00e9l como os parezca. Un saludo y \u00e1nimo con vuestra labor.<\/span><\/h5>\n<h5 style=\"text-align: center;\"><span style=\"color: #808000;\">Gonzalo Melgar &#8211; <a style=\"color: #808000;\" href=\"http:\/\/gonzalopoesia.blogspot.com.es\/\">http:\/\/gonzalopoesia.blogspot.com.es\/<\/a><\/span><\/h5>\n<p>&nbsp;<\/p>\n<p style=\"text-align: center;\"><strong>NINFAS DEL TAJO <\/strong><\/p>\n<p style=\"text-align: center;\">(Soneto con estrambote)<\/p>\n<p style=\"text-align: center; padding-left: 30px;\"><em>Recordando el Soneto XI de Garcilaso de la Vega dedicado a las ninfas del Tajo. <\/em><\/p>\n<p style=\"text-align: center;\"><em>\u00a0 <\/em><span style=\"color: #3366ff;\">Dedicado a los que luchan por el Tajo, especialmente a los miembros de la \u201cPlataforma de Toledo en Defensa del Tajo\u201d<\/span><\/p>\n<p style=\"text-align: justify; padding-left: 390px;\"><strong><em>Otrora hermosas ninfas adoradas,<\/em><\/strong><\/p>\n<p style=\"text-align: justify; padding-left: 390px;\"><strong><em>que en columnas de vidrio relumbroso,<\/em><\/strong><\/p>\n<p style=\"text-align: justify; padding-left: 390px;\"><strong><em>bordabais, con oficio primoroso,<\/em><\/strong><\/p>\n<p style=\"text-align: justify; padding-left: 390px;\"><strong><em>vuestras sedas de ensue\u00f1o, embelesadas.<br \/>\n<\/em><\/strong><\/p>\n<p>&nbsp;<\/p>\n<p style=\"text-align: justify; padding-left: 390px;\"><strong><em>El limpio Tajo os dio vuestras moradas;<\/em><\/strong><\/p>\n<p style=\"text-align: justify; padding-left: 390px;\"><strong><em>lavasteis en sus aguas el undoso<\/em><\/strong><\/p>\n<p style=\"text-align: justify; padding-left: 390px;\"><strong><em>cabello como el sol\u2026 Hoy, que asqueroso<\/em><\/strong><\/p>\n<p style=\"text-align: justify; padding-left: 390px;\"><strong><em>es ver el Tajo as\u00ed: Sientes arcadas,<\/em><\/strong><\/p>\n<p>&nbsp;<\/p>\n<p style=\"text-align: justify; padding-left: 390px;\"><strong><em>nauseas ante su olor y ante su vista.<\/em><\/strong><\/p>\n<p style=\"text-align: justify; padding-left: 390px;\"><strong><em>Que no le mire nadie (ni el turista);<\/em><\/strong><\/p>\n<p style=\"text-align: justify; padding-left: 390px;\"><strong><em>Que nadie os busque ya, Ninfas del Tajo.<\/em><\/strong><\/p>\n<p>&nbsp;<\/p>\n<p style=\"text-align: justify; padding-left: 390px;\"><strong><em>La l\u00e1pida de blanco espumarajo,<\/em><\/strong><\/p>\n<p style=\"text-align: justify; padding-left: 390px;\"><strong><em>en un r\u00edo esquilmado cada d\u00eda,<\/em><\/strong><\/p>\n<p style=\"text-align: justify; padding-left: 390px;\"><strong><em>os cubre de desd\u00e9n y porquer\u00eda.<\/em><\/strong><\/p>\n<p>&nbsp;<\/p>\n<p style=\"text-align: justify; padding-left: 390px;\"><strong><em>Ya solo queda, como Garcilaso,<\/em><\/strong><\/p>\n<p style=\"text-align: justify; padding-left: 390px;\"><strong><em>llegar, verle arrastrarse en su agon\u00eda<\/em><\/strong><\/p>\n<p style=\"text-align: justify; padding-left: 390px;\"><strong><em>y darle el llanto a su caudal escaso.<\/em><\/strong><\/p>\n<p style=\"text-align: justify; padding-left: 390px;\">\u00a0 (Gonzalo Melgar, 2016)<\/p>\n<p style=\"text-align: justify; padding-left: 390px;\">\n<p style=\"text-align: left; padding-left: 360px;\"><span style=\"color: #0000ff;\">El soneto de Garcilaso al que me refiero, dice as\u00ed:<\/span><\/p>\n<p style=\"padding-left: 450px;\">SONETO XI<\/p>\n<p style=\"text-align: justify; padding-left: 390px;\"><strong>HERMOSAS ninfas, que, en el r\u00edo metidas<\/strong><\/p>\n<p style=\"text-align: justify; padding-left: 390px;\"><strong>contentas habit\u00e1is en las moradas<\/strong><\/p>\n<p style=\"text-align: justify; padding-left: 390px;\"><strong>de relucientes piedras fabricadas<\/strong><\/p>\n<p style=\"text-align: justify; padding-left: 390px;\"><strong>y en columnas de vidrio sostenidas;<\/strong><\/p>\n<p>&nbsp;<\/p>\n<p style=\"text-align: justify; padding-left: 390px;\"><strong>agora est\u00e9is labrando embebecidas<\/strong><\/p>\n<p style=\"text-align: justify; padding-left: 390px;\"><strong>o tejiendo las telas delicadas,<\/strong><\/p>\n<p style=\"text-align: justify; padding-left: 390px;\"><strong>agora unas con otras apartadas,<\/strong><\/p>\n<p style=\"text-align: justify; padding-left: 390px;\"><strong>cont\u00e1ndoos los amores y las vidas;<\/strong><\/p>\n<p>&nbsp;<\/p>\n<p style=\"text-align: justify; padding-left: 390px;\"><strong>dejad un rato la labor, alzando<\/strong><\/p>\n<p style=\"text-align: justify; padding-left: 390px;\"><strong>vuestras rubias cabezas a mirarme,<\/strong><\/p>\n<p style=\"text-align: justify; padding-left: 390px;\"><strong>y no os detendr\u00e9is mucho seg\u00fan ando;<\/strong><\/p>\n<p>&nbsp;<\/p>\n<p style=\"text-align: justify; padding-left: 390px;\"><strong>que o no podr\u00e9is de l\u00e1stima escucharme,<\/strong><\/p>\n<p style=\"text-align: justify; padding-left: 390px;\"><strong>o convertido en agua aqu\u00ed llorando<\/strong><\/p>\n<p style=\"text-align: justify; padding-left: 390px;\"><strong>podr\u00e9is all\u00e1 de espacio consolarme.<\/strong><\/p>\n<p style=\"text-align: justify; padding-left: 390px;\">(Garcilaso de la Vega, s. XVI)<\/p>\n<p>&nbsp;<\/p>\n","protected":false},"excerpt":{"rendered":"<p>Os env\u00edo mi recient\u00edsimo poema dedicado a las Ninfas del Tajo, a la manera de Garcilaso de la Vega. Disponed de \u00e9l como os parezca. Un saludo y \u00e1nimo con vuestra labor. Gonzalo Melgar &#8211; http:\/\/gonzalopoesia.blogspot.com.es\/ &nbsp; NINFAS DEL TAJO &hellip; <a href=\"http:\/\/tajotoledo.es\/?page_id=1278\">Continuar<\/a><\/p>\n","protected":false},"author":3,"featured_media":0,"parent":0,"menu_order":0,"comment_status":"closed","ping_status":"closed","template":"page-feature.php","meta":[],"_links":{"self":[{"href":"http:\/\/tajotoledo.es\/index.php?rest_route=\/wp\/v2\/pages\/1278"}],"collection":[{"href":"http:\/\/tajotoledo.es\/index.php?rest_route=\/wp\/v2\/pages"}],"about":[{"href":"http:\/\/tajotoledo.es\/index.php?rest_route=\/wp\/v2\/types\/page"}],"author":[{"embeddable":true,"href":"http:\/\/tajotoledo.es\/index.php?rest_route=\/wp\/v2\/users\/3"}],"replies":[{"embeddable":true,"href":"http:\/\/tajotoledo.es\/index.php?rest_route=%2Fwp%2Fv2%2Fcomments&post=1278"}],"version-history":[{"count":22,"href":"http:\/\/tajotoledo.es\/index.php?rest_route=\/wp\/v2\/pages\/1278\/revisions"}],"predecessor-version":[{"id":1346,"href":"http:\/\/tajotoledo.es\/index.php?rest_route=\/wp\/v2\/pages\/1278\/revisions\/1346"}],"wp:attachment":[{"href":"http:\/\/tajotoledo.es\/index.php?rest_route=%2Fwp%2Fv2%2Fmedia&parent=1278"}],"curies":[{"name":"wp","href":"https:\/\/api.w.org\/{rel}","templated":true}]}}