{"id":1275,"date":"2016-11-10T02:01:28","date_gmt":"2016-11-10T01:01:28","guid":{"rendered":"http:\/\/tajotoledo.es\/?page_id=1275"},"modified":"2018-03-14T05:24:20","modified_gmt":"2018-03-14T04:24:20","slug":"con-tdt","status":"publish","type":"page","link":"http:\/\/tajotoledo.es\/?page_id=1275","title":{"rendered":"Con TdT"},"content":{"rendered":"<p style=\"text-align: justify;\"><a href=\"http:\/\/tajotoledo.es\/wp-content\/uploads\/2016\/11\/Ceramica-Garcilaso.jpg\"><img loading=\"lazy\" class=\"alignleft size-medium wp-image-1296\" src=\"http:\/\/tajotoledo.es\/wp-content\/uploads\/2016\/11\/Ceramica-Garcilaso-300x225.jpg\" alt=\"ceramica-garcilaso\" width=\"300\" height=\"225\" srcset=\"http:\/\/tajotoledo.es\/wp-content\/uploads\/2016\/11\/Ceramica-Garcilaso-300x225.jpg 300w, http:\/\/tajotoledo.es\/wp-content\/uploads\/2016\/11\/Ceramica-Garcilaso-768x576.jpg 768w, http:\/\/tajotoledo.es\/wp-content\/uploads\/2016\/11\/Ceramica-Garcilaso-1024x768.jpg 1024w, http:\/\/tajotoledo.es\/wp-content\/uploads\/2016\/11\/Ceramica-Garcilaso.jpg 1600w\" sizes=\"(max-width: 300px) 100vw, 300px\" \/><\/a>Si has llegado hasta aqu\u00ed atra\u00edda por esas siglas (TdT) que hace unos pocos a\u00f1os inundaron nuestros hogares, quiz\u00e1s te interese saber que no te vamos a hablar de <strong>T<\/strong>elevisi\u00f3n <strong>d<\/strong>igital <strong>T<\/strong>errestre. Pero sigue leyendo porque seguramente te siga resultando de inter\u00e9s.<\/p>\n<p style=\"text-align: justify;\">Aqu\u00ed encontrar\u00e1s propuestas participativas con las que nos gustar\u00eda que toda la toledan\u00eda aporte su granito de arena en la Defensa del Tajo. Todas esas actividades y proyectos en los que os invitamos a participar tienen una cosa en com\u00fan: Tienen a Toledo y al Tajo, conjuntamente, como referencia. As\u00ed que, podemos decir que <span style=\"text-decoration: underline;\">cuando hablamos de <strong>TdT<\/strong> estamos hablando de acciones creativas que se escriben con &#8220;<strong>T<\/strong>&#8221; de &#8220;<strong>T<\/strong>oledo&#8221; y con &#8220;<strong>T<\/strong>&#8221; de &#8220;<strong>T<\/strong>ajo&#8221;<\/span>.<\/p>\n<p style=\"text-align: justify;\">La actividad con la que abrimos esta propuesta de participaci\u00f3n creativa es la <a href=\"http:\/\/tajotoledo.es\/?page_id=1303\" target=\"_blank\" rel=\"noopener\"><strong>poes\u00eda<\/strong><\/a>. Y lo hacemos movidos por la iniciativa que ha tenido un seguidor de la Plataforma de Toledo en Defensa del Tajo que, desde su afici\u00f3n po\u00e9tica <a href=\"http:\/\/tajotoledo.es\/?page_id=1278\" target=\"_blank\" rel=\"noopener\"><strong>nos ha dedicado unos versos<\/strong><\/a> actualizando un soneto de Garcilaso de la Vega.<\/p>\n<p style=\"text-align: justify;\">Poco a poco iremos abriendo m\u00e1s propuestas; de momento, os invitamos a que nos hag\u00e1is llegar <strong>todo tipo de poes\u00edas<\/strong> que encontr\u00e9is por ah\u00ed <strong>en las que Toledo y su r\u00edo Tajo vayan juntas<\/strong>, ya sea de forma expl\u00edcita o impl\u00edcita. Y cuando decimos &#8220;Toledo&#8221; estamos hablando no s\u00f3lo de la capital sino de toda la provincia; por tanto, el horizonte de posibilidades se ampl\u00eda considerablemente.<\/p>\n<p style=\"text-align: justify;\">Las poes\u00edas <strong>pueden ser actuales o hist\u00f3ricas<\/strong>, de vuestra cosecha o no, de rima consonante o asonante y, por supuesto, de cualquier composici\u00f3n, medida y tama\u00f1o. Incluso <strong>pueden venir acompa\u00f1adas de una foto o un dibujo<\/strong>; pero sobre todo <strong>deber\u00e1n venir acompa\u00f1adas del t\u00edtulo, autor\u00eda y la rese\u00f1a bibliogr\u00e1fica<\/strong> si la hubiere, am\u00e9n del <strong>permiso de su creador o creadora<\/strong> si es actual. Nos gustar\u00eda que entre todas las personas que quer\u00e1is participar construyamos un <strong>recopilatorio po\u00e9tico del Tajo en Toledo<\/strong>. Estaremos contribuyendo a reivindicar la dignidad de la que hace ya unas d\u00e9cadas fue despojado nuestro r\u00edo Tajo y estaremos construyendo una <strong>argumentario patrimonial y cultural<\/strong> con el que devolverle la salud -nuestra salud- que jam\u00e1s debimos consentir que perdiera.<\/p>\n<p style=\"text-align: justify;\">Comparte esta iniciativa y <a href=\"http:\/\/tajotoledo.es\/?page_id=406\" target=\"_blank\" rel=\"noopener\">utiliza este formulario<\/a> para hacernos llegar tu poema. Muchas gracias.<\/p>\n<p>&nbsp;<\/p>\n","protected":false},"excerpt":{"rendered":"<p>Si has llegado hasta aqu\u00ed atra\u00edda por esas siglas (TdT) que hace unos pocos a\u00f1os inundaron nuestros hogares, quiz\u00e1s te interese saber que no te vamos a hablar de Televisi\u00f3n digital Terrestre. Pero sigue leyendo porque seguramente te siga resultando &hellip; <a href=\"http:\/\/tajotoledo.es\/?page_id=1275\">Continuar<\/a><\/p>\n","protected":false},"author":3,"featured_media":0,"parent":0,"menu_order":0,"comment_status":"closed","ping_status":"closed","template":"page-feature.php","meta":[],"_links":{"self":[{"href":"http:\/\/tajotoledo.es\/index.php?rest_route=\/wp\/v2\/pages\/1275"}],"collection":[{"href":"http:\/\/tajotoledo.es\/index.php?rest_route=\/wp\/v2\/pages"}],"about":[{"href":"http:\/\/tajotoledo.es\/index.php?rest_route=\/wp\/v2\/types\/page"}],"author":[{"embeddable":true,"href":"http:\/\/tajotoledo.es\/index.php?rest_route=\/wp\/v2\/users\/3"}],"replies":[{"embeddable":true,"href":"http:\/\/tajotoledo.es\/index.php?rest_route=%2Fwp%2Fv2%2Fcomments&post=1275"}],"version-history":[{"count":5,"href":"http:\/\/tajotoledo.es\/index.php?rest_route=\/wp\/v2\/pages\/1275\/revisions"}],"predecessor-version":[{"id":2158,"href":"http:\/\/tajotoledo.es\/index.php?rest_route=\/wp\/v2\/pages\/1275\/revisions\/2158"}],"wp:attachment":[{"href":"http:\/\/tajotoledo.es\/index.php?rest_route=%2Fwp%2Fv2%2Fmedia&parent=1275"}],"curies":[{"name":"wp","href":"https:\/\/api.w.org\/{rel}","templated":true}]}}