{"id":1231,"date":"2016-10-21T06:34:26","date_gmt":"2016-10-21T04:34:26","guid":{"rendered":"http:\/\/tajotoledo.es\/?page_id=1231"},"modified":"2016-10-21T06:39:36","modified_gmt":"2016-10-21T04:39:36","slug":"suscribe-esta-carta-al-presidente-del-gobierno-y-otras","status":"publish","type":"page","link":"http:\/\/tajotoledo.es\/?page_id=1231","title":{"rendered":"Suscribe esta carta al presidente del Gobierno."},"content":{"rendered":"<p style=\"text-align: justify;\">Amigas y amigos del Tajo:<\/p>\n<p style=\"text-align: justify;\">Como presidente de la Plataforma de Toledo en Defensa del Tajo he remitido <strong><a href=\"\/wp-content\/uploads\/2016\/10\/Carta%20al%20presidente%20y%20otros.pdf\" target=\"_blank\">esta carta<\/a><\/strong> al presidente de Espa\u00f1a, a la ministra del\u00a0 MAGRAMA, a la directora general del Agua y al presidente de la Confederaci\u00f3n Hidrogr\u00e1fica del Tajo.<\/p>\n<p style=\"text-align: justify;\">Os pido que la le\u00e1is y que la suscrib\u00e1is envi\u00e1ndola tambi\u00e9n vosotros a esas mismas personas por correo electr\u00f3nico.<\/p>\n<p style=\"text-align: justify;\">Para ello deb\u00e9is descargarla, guardarla y anexarla al mensaje de correo electr\u00f3nico siguiendo estas indicaciones:<\/p>\n<ul style=\"text-align: justify;\">\n<li>El mensaje ir\u00e1 dirigido a las siguientes direcciones: <strong>presidencia@chtajo.es, bzn-dgasec@magrama.es, gabsema@magrama.es<\/strong>.<\/li>\n<li>En el asunto: <strong>El Tajo necesita sus aguas.<\/strong><\/li>\n<li>En el mensaje: <strong>En mi nombre suscribo la carta adjunta.<\/strong> Y vuestro nombre y datos personales si quer\u00e9is.<\/li>\n<li>En anexo: <strong>el fichero de la carta<\/strong> que hab\u00e9is descargado.<\/li>\n<\/ul>\n<p style=\"text-align: justify;\">Para que le llegue al presidente de Espa\u00f1a es necesario pinchar <strong><a href=\"https:\/\/escribealpresidente.presidencia.gob.es\/formulario\/\" target=\"_blank\">este enlace<\/a><\/strong> y:<\/p>\n<ul style=\"text-align: justify;\">\n<li>Cumplimentar los datos personales obligatorios que se indican.<\/li>\n<li>En el asunto: <strong>El Tajo necesita sus aguas.<\/strong><\/li>\n<li>En el mensaje: <strong>En mi nombre suscribo la carta adjunta.<\/strong><\/li>\n<li>En fichero adjunto: <strong>el fichero de la carta<\/strong> que hab\u00e9is descargado.<\/li>\n<li>Marcar la casilla de aceptaci\u00f3n y pulsar el bot\u00f3n &#8220;enviar&#8221;.<\/li>\n<\/ul>\n<p style=\"text-align: justify;\">La operativa descrita para enviar estos correos no os llevar\u00e1 m\u00e1s de dos minutos.<\/p>\n<p style=\"text-align: justify;\">Mucha gente se pregunta qu\u00e9 podemos hacer y se lamenta de que la ciudadan\u00eda ribere\u00f1a del Tajo no se mueva. \u00c9sta es una acci\u00f3n que podemos hacer y difundir tanto como podamos para que otros tambi\u00e9n lo hagan. Es un sencilo gesto con el que manifestar nuestro rechazo al trato vejatorio que el r\u00edo Tajo padece desde hace d\u00e9cadas y que estamos legalmente obligados a impedir.<\/p>\n<p style=\"text-align: justify;\">Hag\u00e1moslo.<\/p>\n<p style=\"text-align: justify;\">Alejandro Cano.<\/p>\n<p style=\"text-align: justify;\">P.D. En breve, esperamos poner en marcha un procedimiento para facilitar estas acciones.<\/p>\n","protected":false},"excerpt":{"rendered":"<p>Amigas y amigos del Tajo: Como presidente de la Plataforma de Toledo en Defensa del Tajo he remitido esta carta al presidente de Espa\u00f1a, a la ministra del\u00a0 MAGRAMA, a la directora general del Agua y al presidente de la &hellip; <a href=\"http:\/\/tajotoledo.es\/?page_id=1231\">Continuar<\/a><\/p>\n","protected":false},"author":3,"featured_media":0,"parent":0,"menu_order":0,"comment_status":"closed","ping_status":"closed","template":"page-feature.php","meta":[],"_links":{"self":[{"href":"http:\/\/tajotoledo.es\/index.php?rest_route=\/wp\/v2\/pages\/1231"}],"collection":[{"href":"http:\/\/tajotoledo.es\/index.php?rest_route=\/wp\/v2\/pages"}],"about":[{"href":"http:\/\/tajotoledo.es\/index.php?rest_route=\/wp\/v2\/types\/page"}],"author":[{"embeddable":true,"href":"http:\/\/tajotoledo.es\/index.php?rest_route=\/wp\/v2\/users\/3"}],"replies":[{"embeddable":true,"href":"http:\/\/tajotoledo.es\/index.php?rest_route=%2Fwp%2Fv2%2Fcomments&post=1231"}],"version-history":[{"count":5,"href":"http:\/\/tajotoledo.es\/index.php?rest_route=\/wp\/v2\/pages\/1231\/revisions"}],"predecessor-version":[{"id":1236,"href":"http:\/\/tajotoledo.es\/index.php?rest_route=\/wp\/v2\/pages\/1231\/revisions\/1236"}],"wp:attachment":[{"href":"http:\/\/tajotoledo.es\/index.php?rest_route=%2Fwp%2Fv2%2Fmedia&parent=1231"}],"curies":[{"name":"wp","href":"https:\/\/api.w.org\/{rel}","templated":true}]}}