{"id":1181,"date":"2016-09-22T01:52:43","date_gmt":"2016-09-22T00:52:43","guid":{"rendered":"http:\/\/tajotoledo.es\/?page_id=1181"},"modified":"2016-09-22T21:55:09","modified_gmt":"2016-09-22T20:55:09","slug":"excursion-a-bolarque-y-aranjuez","status":"publish","type":"page","link":"http:\/\/tajotoledo.es\/?page_id=1181","title":{"rendered":"Excursi\u00f3n a Bolarque y Aranjuez"},"content":{"rendered":"<p><a href=\"\/wp-content\/uploads\/2016\/09\/Cartel%20excursion%2015-10-2016.pdf\" target=\"_blank\"><img loading=\"lazy\" class=\"alignleft wp-image-1190\" src=\"http:\/\/tajotoledo.es\/wp-content\/uploads\/2016\/09\/Cartel-excursion-15-10-2016-1.jpg\" alt=\"cartel-excursion-15-10-2016\" width=\"306\" height=\"432\" \/><\/a>Volvemos a organizar la <strong>excursi\u00f3n<\/strong> al embalse de Bolarque -lugar <strong>donde el Tajo queda estrangulado para iniciarse el trasvase<\/strong> Tajo-Segura (TTS)- y a la junta de los r\u00edos Tajo-Jarama en Aranjuez- lugar <strong>donde el Tajo entrega el \u00faltimo hilo de vida<\/strong> despu\u00e9s de ese estrangulamiento. Esta vez lo hacemos con la colaboraci\u00f3n y el inter\u00e9s del Ateneo Cient\u00edfico y Literario de Toledo.<\/p>\n<p><strong><u>Descripci\u00f3n<\/u><\/strong><\/p>\n<p>Se trata de una excursi\u00f3n de d\u00eda completo con la siguiente planificaci\u00f3n:<\/p>\n<ul>\n<li>Salida el <strong>d\u00eda 15 de octubre<\/strong>, s\u00e1bado, a las <strong>9:00<\/strong> horas desde el Centro Cultural San Ildefonso, junto al puente de La Cava y a la mezquita del Cristo de la Vega.<\/li>\n<li>Sobre las <strong>10:30<\/strong> visitaremos en Aranjuez la <strong>junta de los r\u00edos<\/strong>, donde, tras un paseo de apenas 1 km., nos encontraremos con las pocas aguas del Tajo que han escapado de su estrangulamiento en Bolarque y son engullidas por las cloacas del Jarama.<\/li>\n<li>Posteriormente repondremos fuerzas desayunando en Aranjuez.<\/li>\n<li>Si cumplimos el horario, a las 12:00 nos acercaremos a la playa de <strong>La Pavera<\/strong>, lugar emblem\u00e1tico en Aranjuez como lo es Safont en Toledo.<\/li>\n<li>Sobre las 12:30 saldremos hacia el embalse de Bolarque.<\/li>\n<li>Hacia las <strong>13:30<\/strong> haremos una breve parada para contemplar <strong>el TTS en su formato de canal y t\u00fanel<\/strong>.<\/li>\n<li><strong>Hasta las 17:00<\/strong> horas, disfrutaremos del <strong>entono de Bolarque<\/strong>, donde podremos comer al aire libre el picnic que cada cual se haya preparado, contemplar y disfrutar las claras aguas del r\u00edo Tajo, y pasmarnos entre los gigantescos tubos\u00a0 que succionan las aguas impolutas del r\u00edo Tajo para ser entregadas al TTS.<\/li>\n<li>Despu\u00e9s, iniciaremos el viaje de regreso a Toledo y haremos una parada intermedia para tomar un refrigerio.<\/li>\n<li>Hacia las <strong>20:00<\/strong> habremos vuelto a Toledo. <strong>Fin de la excursi\u00f3n<\/strong>.<\/li>\n<\/ul>\n<p><strong><u>Colaboraciones<\/u><\/strong><\/p>\n<p><strong>Esta excursi\u00f3n pretende servir de conocimiento y sensibilizaci\u00f3n<\/strong> acerca de la dimensi\u00f3n de los problemas m\u00e1s acuciantes que sufre el r\u00edo Tajo y de las consecuencias que se materializan y propagan a sus ciudadanos ribere\u00f1os a lo largo de la cuenca. Desde la Plataforma, pretendemos que ese conocimiento y sensibilizaci\u00f3n sean adquiridas de <strong>manera emp\u00edrica, l\u00fadica y guiada<\/strong>. Por ello, <strong>hacemos un llamamiento de colaboraci\u00f3n entre el posible profesorado<\/strong> universitario o de bachillerato que desde su \u00e1mbito competencial quiera y pueda colaborar <strong>en ayudarnos a interpretar el paisaje, la cultura, la industria, etc.<\/strong> que subyace del recorrido de esta excursi\u00f3n.<\/p>\n<p>Por otra parte, entendemos que esta actividad bien puede concebirse como evento a reproducir tanto en el aula, en la familia o entre el tejido asociativo de nuestro entorno m\u00e1s pr\u00f3ximo. En este sentido, la Plataforma de Toledo en Defensa del Tajo gustosamente est\u00e1 dispuesta a colaborar y queda a disposici\u00f3n para organizar o participar en cuantas propuestas se hayan de plantear.<\/p>\n<p><strong><u>Condiciones<\/u><\/strong><\/p>\n<ul>\n<li>El viaje se har\u00e1 <strong>en autob\u00fas<\/strong> si se consigue un <strong>m\u00ednimo de 22 personas<\/strong>, aportando cada pasajero, adulto o menor, <strong>entre 15 y 18 euros<\/strong> que costar\u00eda el autob\u00fas dependiendo del n\u00famero de plazas ocupadas.<\/li>\n<li>En caso contrario, y siempre que el n\u00famero de participantes sea de m\u00e1s de siete, nos repartiremos <strong>en coches particulares<\/strong> voluntarios a raz\u00f3n de 4 personas por coche. La Plataforma pone al menos dos coches a disposici\u00f3n. Al finalizar el viaje, el coste del combustible consumido ser\u00e1 abonado a los conductores entre los pasajeros no conductores de cada coche (aproximadamente <strong>entre 12 y 15 euros<\/strong> por pasajero).<\/li>\n<li>Las consumiciones que se hagan durante el viaje, corren a cargo de cada pasajero.<\/li>\n<li>Ninguna de estas condiciones es aplicable a quienes quieran organizarse como grupo aparte o familiar, pudiendo incorporarse a la caravana de viaje y a la actividad planificada.<\/li>\n<\/ul>\n<p><strong><u>Inscripciones<\/u><\/strong><\/p>\n<ul>\n<li>El <strong>plazo<\/strong> de inscripci\u00f3n finaliza el lunes <strong>d\u00eda 10 a las 10:00<\/strong> horas, aunque rogamos que las inscripciones se hagan lo m\u00e1s pronto posible para organizar el transporte, ya que el autob\u00fas necesita contratarse con una semana de antelaci\u00f3n.<\/li>\n<li>Se pueden hacer las inscripciones <strong>por tel\u00e9fono, sms o whatsapp al 699 49 72 12 \u00f3 al <\/strong><strong>645 388 309 y por correo electr\u00f3nico a la direcci\u00f3n <a href=\"mailto:platodetajo@gmail.com\">platodetajo@gmail.com<\/a> o <a href=\"mailto:buzon@tajotoledo.es\">buzon@tajotoledo.es<\/a><\/strong>. En ambos casos deber\u00e1n facilitarse los siguientes datos: Nombre y apellidos, tel\u00e9fono de contacto y correo electr\u00f3nico, as\u00ed como el n\u00famero total de personas para las que se reserva plaza. <strong><u><a href=\"http:\/\/tajotoledo.es\/?page_id=406\" target=\"_blank\">Tambi\u00e9n puedes utilizar este formulario<\/a><\/u>.<\/strong><\/li>\n<li><strong>Cada inscripci\u00f3n ser\u00e1 confirmada por la Plataforma<\/strong>. No obstante, si no se llegara a reunir el n\u00famero m\u00ednimo de 8 inscripciones antes del plazo de finalizaci\u00f3n, la Plataforma comunicar\u00eda en ese momento la cancelaci\u00f3n de la actividad.<\/li>\n<\/ul>\n<p><strong><u>M\u00e1s informaci\u00f3n<\/u><\/strong><\/p>\n<p><strong>Nadie<\/strong> que nos haya acompa\u00f1ado en otras ediciones <strong>ha quedado impasible<\/strong>. An\u00edmate a venir de excursi\u00f3n y conocer el Tajo del que nos privan y ver c\u00f3mo lo hacen. <strong>Seguro que<\/strong>, despu\u00e9s de esta visita, <strong>encontrar\u00e1s <\/strong>en la Plataforma<strong> m\u00e1s motivos para participar <\/strong>de sus actividades<strong> a favor del Tajo<\/strong>. <strong>Dif\u00fandelo<\/strong> entre tus contactos y participa en nuestro voluntariado: <strong><u><a href=\"http:\/\/www.tajotoledo.es\">www.tajotoledo.es<\/a><\/u><\/strong><\/p>\n<p>Es recomendable llevar ropa y calzado deportivos, c\u00e1mara y prism\u00e1ticos. El tiempo est\u00e1 asegurado.<\/p>\n<p>En <strong><u><a href=\"https:\/\/www.youtube.com\/watch?v=A5rYGpLZBnw\">este enlace<\/a><\/u><\/strong> encontrar\u00e1s el montaje en video que hizo nuestro colaborador Emilio Rubio en su primer viaje.<\/p>\n<p>Saludos y feliz excursi\u00f3n.<\/p>\n<p>&nbsp;<\/p>\n","protected":false},"excerpt":{"rendered":"<p>Volvemos a organizar la excursi\u00f3n al embalse de Bolarque -lugar donde el Tajo queda estrangulado para iniciarse el trasvase Tajo-Segura (TTS)- y a la junta de los r\u00edos Tajo-Jarama en Aranjuez- lugar donde el Tajo entrega el \u00faltimo hilo de &hellip; <a href=\"http:\/\/tajotoledo.es\/?page_id=1181\">Continuar<\/a><\/p>\n","protected":false},"author":3,"featured_media":0,"parent":0,"menu_order":0,"comment_status":"closed","ping_status":"closed","template":"page-feature.php","meta":[],"_links":{"self":[{"href":"http:\/\/tajotoledo.es\/index.php?rest_route=\/wp\/v2\/pages\/1181"}],"collection":[{"href":"http:\/\/tajotoledo.es\/index.php?rest_route=\/wp\/v2\/pages"}],"about":[{"href":"http:\/\/tajotoledo.es\/index.php?rest_route=\/wp\/v2\/types\/page"}],"author":[{"embeddable":true,"href":"http:\/\/tajotoledo.es\/index.php?rest_route=\/wp\/v2\/users\/3"}],"replies":[{"embeddable":true,"href":"http:\/\/tajotoledo.es\/index.php?rest_route=%2Fwp%2Fv2%2Fcomments&post=1181"}],"version-history":[{"count":7,"href":"http:\/\/tajotoledo.es\/index.php?rest_route=\/wp\/v2\/pages\/1181\/revisions"}],"predecessor-version":[{"id":1195,"href":"http:\/\/tajotoledo.es\/index.php?rest_route=\/wp\/v2\/pages\/1181\/revisions\/1195"}],"wp:attachment":[{"href":"http:\/\/tajotoledo.es\/index.php?rest_route=%2Fwp%2Fv2%2Fmedia&parent=1181"}],"curies":[{"name":"wp","href":"https:\/\/api.w.org\/{rel}","templated":true}]}}