{"id":1121,"date":"2016-07-28T17:35:15","date_gmt":"2016-07-28T16:35:15","guid":{"rendered":"http:\/\/tajotoledo.es\/?page_id=1121"},"modified":"2017-08-25T10:32:11","modified_gmt":"2017-08-25T08:32:11","slug":"informes","status":"publish","type":"page","link":"http:\/\/tajotoledo.es\/?page_id=1121","title":{"rendered":"Informes y estudios"},"content":{"rendered":"<p style=\"text-align: justify;\"><a href=\"http:\/\/tajotoledo.es\/wp-content\/uploads\/2016\/07\/Top-Secret.jpg\"><img loading=\"lazy\" class=\"alignleft size-medium wp-image-1127\" src=\"http:\/\/tajotoledo.es\/wp-content\/uploads\/2016\/07\/Top-Secret-300x142.jpg\" alt=\"Top Secret\" width=\"300\" height=\"142\" srcset=\"http:\/\/tajotoledo.es\/wp-content\/uploads\/2016\/07\/Top-Secret-300x142.jpg 300w, http:\/\/tajotoledo.es\/wp-content\/uploads\/2016\/07\/Top-Secret.jpg 720w\" sizes=\"(max-width: 300px) 100vw, 300px\" \/><\/a>Como informes los hay para todos los gustos, de todos los colores, para todas las intenciones y, sobre todo, con todo tipo de ingredientes e intoxicaciones, aqu\u00ed encontrar\u00e1s s\u00f3lo dos tipos.<\/p>\n<p style=\"text-align: justify;\">En el apartado de <a href=\"http:\/\/tajotoledo.es\/?page_id=1018\" target=\"_blank\" rel=\"noopener noreferrer\">informes para sanear el Tajo<\/a>, evidentemente, encontrar\u00e1s aquellas propuestas y recomendaciones que permitan devolverle al Tajo y a sus r\u00edos la cualidad y dignidad de tales.<\/p>\n<p style=\"text-align: justify;\">En el otro polo est\u00e1n los <a href=\"http:\/\/tajotoledo.es\/?page_id=1119\" target=\"_blank\" rel=\"noopener noreferrer\">informes para saquear el Tajo<\/a>. No, no es que sean informes falsos. Sencillamente son informes cuya finalidad es la de conseguir a toda costa el productivismo extractivo de sus aguas hasta el punto de perderlas o de que sean sustituidas por otros efluentes y pierdan esas cualidades de r\u00edo, como est\u00e1 ocurriendo en estos momentos y desde hace d\u00e9cadas en la cuenca del Tajo.<\/p>\n<p style=\"text-align: justify;\">Unos y otros seguramente sean igual de buenos, o unos m\u00e1s buenos que otros. Ya sean unos u otros los que m\u00e1s nos gusten, los que mejor se entiendan, o los que mejor huelan, lo verdaderamente importante para nosotros es qu\u00e9 objetivo y finalidad pretende cada uno.<\/p>\n<p style=\"text-align: justify;\">Como &#8220;<a href=\"http:\/\/tajotoledo.es\/?page_id=1832\" target=\"_blank\" rel=\"noopener noreferrer\">estudios<\/a>&#8221; incluimos informes de investigaci\u00f3n no acad\u00e9micos pero dotados de independencia y fiabilidad contrastada y apoyados en evidencias y experiencias suficientemente documentadas.<\/p>\n<p>&nbsp;<\/p>\n","protected":false},"excerpt":{"rendered":"<p>Como informes los hay para todos los gustos, de todos los colores, para todas las intenciones y, sobre todo, con todo tipo de ingredientes e intoxicaciones, aqu\u00ed encontrar\u00e1s s\u00f3lo dos tipos. En el apartado de informes para sanear el Tajo, &hellip; <a href=\"http:\/\/tajotoledo.es\/?page_id=1121\">Continuar<\/a><\/p>\n","protected":false},"author":3,"featured_media":0,"parent":0,"menu_order":0,"comment_status":"closed","ping_status":"closed","template":"page-feature.php","meta":[],"_links":{"self":[{"href":"http:\/\/tajotoledo.es\/index.php?rest_route=\/wp\/v2\/pages\/1121"}],"collection":[{"href":"http:\/\/tajotoledo.es\/index.php?rest_route=\/wp\/v2\/pages"}],"about":[{"href":"http:\/\/tajotoledo.es\/index.php?rest_route=\/wp\/v2\/types\/page"}],"author":[{"embeddable":true,"href":"http:\/\/tajotoledo.es\/index.php?rest_route=\/wp\/v2\/users\/3"}],"replies":[{"embeddable":true,"href":"http:\/\/tajotoledo.es\/index.php?rest_route=%2Fwp%2Fv2%2Fcomments&post=1121"}],"version-history":[{"count":8,"href":"http:\/\/tajotoledo.es\/index.php?rest_route=\/wp\/v2\/pages\/1121\/revisions"}],"predecessor-version":[{"id":1835,"href":"http:\/\/tajotoledo.es\/index.php?rest_route=\/wp\/v2\/pages\/1121\/revisions\/1835"}],"wp:attachment":[{"href":"http:\/\/tajotoledo.es\/index.php?rest_route=%2Fwp%2Fv2%2Fmedia&parent=1121"}],"curies":[{"name":"wp","href":"https:\/\/api.w.org\/{rel}","templated":true}]}}