{"id":1119,"date":"2016-07-28T17:29:40","date_gmt":"2016-07-28T16:29:40","guid":{"rendered":"http:\/\/tajotoledo.es\/?page_id=1119"},"modified":"2020-11-14T21:54:25","modified_gmt":"2020-11-14T20:54:25","slug":"informes-para-saquear-el-tajo","status":"publish","type":"page","link":"http:\/\/tajotoledo.es\/?page_id=1119","title":{"rendered":"Informes para saquear el Tajo"},"content":{"rendered":"<div class=\"textLayer\">\n<div data-canvas-width=\"412.39753288529545\">\n<h5 style=\"text-align: center;\"><strong>(Si observas que alg\u00fan enlace no funciona, <a href=\"http:\/\/tajotoledo.es\/?page_id=406\" target=\"_blank\" rel=\"noopener noreferrer\">h\u00e1znoslo saber<\/a>. Gracias.)<\/strong><\/h5>\n<\/div>\n<div data-canvas-width=\"412.39753288529545\">20171230 &#8211; <a href=\"\/wp-content\/uploads\/2018\/08\/Propuestas-para-mitigar-la-escasez-de-agua-en-el-Sudeste-Espa%C3%B1oldef_RV%20-%20MSoto%20-%20CRCartagena.pdf\">Propuestas para mitigar la escasez en el sureste espa\u00f1ol<\/a>. Mariano Soto &#8211; C.R.C.C.<\/div>\n<div data-canvas-width=\"412.39753288529545\">20171201 &#8211; <a href=\"http:\/\/tajotoledo.es\/?page_id=2129\" target=\"_blank\" rel=\"noopener noreferrer\">Informe de Explotaci\u00f3n TTS 2017<\/a>.<\/div>\n<div data-canvas-width=\"412.39753288529545\">20130228 &#8211;<a href=\"\/wp-content\/uploads\/2017\/05\/Acta%20y%20Memor%C3%A1ndum%20Tajo-Segura.pdf\" target=\"_blank\" rel=\"noopener noreferrer\"> Acta y Memor\u00e1ndum Tajo-Segura<\/a>.<\/div>\n<div data-canvas-width=\"412.39753288529545\">20131201 &#8211; <a href=\"https:\/\/www.miteco.gob.es\/images\/es\/Anexo%20tecnico%20ATS_tcm30-136922.pdf\" target=\"_blank\" rel=\"noopener noreferrer\">El Sistema de Cabecera del Tajo y el Trasvase Tajo-Segura<\/a>. <a href=\"https:\/\/www.acuademia.com\/2016\/03\/francisco-cabezas-agua-para-algunos-murcianos-pagada-por-todos-los-espanoles\/\" target=\"_blank\" rel=\"noopener noreferrer\"><span style=\"color: #ff6600;\">Francisco Cabezas<\/span><\/a>.<\/div>\n<div data-canvas-width=\"412.39753288529545\"><\/div>\n<\/div>\n","protected":false},"excerpt":{"rendered":"<p>(Si observas que alg\u00fan enlace no funciona, h\u00e1znoslo saber. Gracias.) 20171230 &#8211; Propuestas para mitigar la escasez en el sureste espa\u00f1ol. Mariano Soto &#8211; C.R.C.C. 20171201 &#8211; Informe de Explotaci\u00f3n TTS 2017. 20130228 &#8211; Acta y Memor\u00e1ndum Tajo-Segura. 20131201 &#8211; &hellip; <a href=\"http:\/\/tajotoledo.es\/?page_id=1119\">Continuar<\/a><\/p>\n","protected":false},"author":3,"featured_media":0,"parent":0,"menu_order":0,"comment_status":"closed","ping_status":"closed","template":"page-feature.php","meta":[],"_links":{"self":[{"href":"http:\/\/tajotoledo.es\/index.php?rest_route=\/wp\/v2\/pages\/1119"}],"collection":[{"href":"http:\/\/tajotoledo.es\/index.php?rest_route=\/wp\/v2\/pages"}],"about":[{"href":"http:\/\/tajotoledo.es\/index.php?rest_route=\/wp\/v2\/types\/page"}],"author":[{"embeddable":true,"href":"http:\/\/tajotoledo.es\/index.php?rest_route=\/wp\/v2\/users\/3"}],"replies":[{"embeddable":true,"href":"http:\/\/tajotoledo.es\/index.php?rest_route=%2Fwp%2Fv2%2Fcomments&post=1119"}],"version-history":[{"count":10,"href":"http:\/\/tajotoledo.es\/index.php?rest_route=\/wp\/v2\/pages\/1119\/revisions"}],"predecessor-version":[{"id":3510,"href":"http:\/\/tajotoledo.es\/index.php?rest_route=\/wp\/v2\/pages\/1119\/revisions\/3510"}],"wp:attachment":[{"href":"http:\/\/tajotoledo.es\/index.php?rest_route=%2Fwp%2Fv2%2Fmedia&parent=1119"}],"curies":[{"name":"wp","href":"https:\/\/api.w.org\/{rel}","templated":true}]}}