{"id":1067,"date":"2016-07-24T17:00:43","date_gmt":"2016-07-24T16:00:43","guid":{"rendered":"http:\/\/tajotoledo.es\/?page_id=1067"},"modified":"2024-09-02T00:21:45","modified_gmt":"2024-09-01T22:21:45","slug":"canciones","status":"publish","type":"page","link":"http:\/\/tajotoledo.es\/?page_id=1067","title":{"rendered":"Canciones"},"content":{"rendered":"<h5 style=\"text-align: center;\"><strong>(Si observas que alg\u00fan enlace no funciona, <a href=\"http:\/\/tajotoledo.es\/?page_id=406\" target=\"_blank\" rel=\"noopener noreferrer\">h\u00e1znoslo saber<\/a>. Gracias.)<\/strong><\/h5>\n<p><strong><a href=\"https:\/\/www.youtube.com\/watch?v=2A2x4fAyWRY\" target=\"_blank\" rel=\"noopener noreferrer\">Poca agua<\/a><\/strong> (Canci\u00f3n infantil trasvasada). Los lunes al song. Julio 2016. (<a href=\"\/wp-content\/uploads\/2017\/10\/POCA%20AGUA%20%28Canci%C3%B3n%20Infantil%20Trasvasada%29.mp3\" target=\"_blank\" rel=\"noopener noreferrer\">Versi\u00f3n s\u00f3lo MP3<\/a>)<br \/>\n<iframe src=\"https:\/\/www.youtube.com\/embed\/2A2x4fAyWRY\" width=\"560\" height=\"315\" frameborder=\"0\" allowfullscreen=\"allowfullscreen\"><\/iframe><\/p>\n<p><strong><a href=\"http:\/\/tajotoledo.es\/?page_id=887\" target=\"_blank\" rel=\"noopener noreferrer\">L\u00e1grimas de acero<\/a><\/strong>. <span class=\"text_exposed_show\"><a class=\"profileLink\" href=\"https:\/\/www.facebook.com\/Balicia2.0\/\">Bali &amp; C\u00eda 2.0<\/a> (Jos\u00e9 \u00c1ngel P\u00e9rez). Agosto 2010.<br \/>\n<\/span><\/p>\n<p><strong><a href=\"\/wp-content\/uploads\/2016\/07\/El_trasvase-def.pps\" target=\"_blank\" rel=\"noopener noreferrer\">El Trasvase<\/a><\/strong>. Grupo May. 1980. (<a href=\"\/wp-content\/uploads\/2017\/10\/MAY%20El%20trasvase.mp3\" target=\"_blank\" rel=\"noopener noreferrer\">Versi\u00f3n s\u00f3lo MP3<\/a>)<\/p>\n<p><strong><a href=\"\/wp-content\/uploads\/2017\/10\/Romance%20triste%20del%20r%C3%ADo%20Tajo%20-%20JMG%C3%B3mez.mp4\" target=\"_blank\" rel=\"noopener noreferrer\">Romance triste del r\u00edo Tajo<\/a><\/strong>. Jos\u00e9 Mar\u00eda G\u00f3mez G\u00f3mez &#8211; Grupo Folk &#8220;Las Colmenas&#8221;. (<a href=\"https:\/\/youtu.be\/VsvnHPU7a88\" target=\"_blank\" rel=\"noopener noreferrer\">Versi\u00f3n de 2017<\/a>) (<a href=\"\/wp-content\/uploads\/2017\/10\/Romance%20triste%20del%20r%C3%ADo%20Tajo%20-%20JMG%C3%B3mez.mp3\" target=\"_blank\" rel=\"noopener noreferrer\">Versi\u00f3n s\u00f3lo MP3<\/a>)<\/p>\n<p><a href=\"https:\/\/youtu.be\/hxTQuNOWSdw\" target=\"_blank\" rel=\"noopener noreferrer\"><strong>Cantar de Gancheros<\/strong><\/a>. Grupo Folk &#8220;Las Colmenas&#8221;. (<a href=\"\/wp-content\/uploads\/2018\/05\/Grupo%20Folk%20Las%20Colmenas.mp3\" target=\"_blank\" rel=\"noopener noreferrer\">Versi\u00f3n s\u00f3lo MP3<\/a>)<\/p>\n<p><a href=\"https:\/\/youtu.be\/ice9Q0xzaXc\" target=\"_blank\" rel=\"noopener noreferrer\"><strong>Los<\/strong> <strong>gancheros<\/strong><\/a>. Aljibe. (<a href=\"\/wp-content\/uploads\/2018\/05\/Los%20gancheros.mp3\" target=\"_blank\" rel=\"noopener noreferrer\">Versi\u00f3n s\u00f3lo MP3<\/a>)<\/p>\n<p><a href=\"\/wp-content\/uploads\/2017\/10\/amaral%20en%20el%20rio.mp3\" target=\"_blank\" rel=\"noopener noreferrer\"><strong>En el r\u00edo<\/strong><\/a> &#8211; Amaral.<\/p>\n<p><a href=\"\/wp-content\/uploads\/2024\/09\/Al%20Tajo%20-%2048%2024.wav\" target=\"_blank\" rel=\"noopener noreferrer\"><strong>Al Tajo<\/strong><\/a> &#8211; Grupo <a href=\"\/wp-content\/uploads\/2024\/09\/Rese%C3%B1a%20Grupo%20Pachasco.pdf\" target=\"_blank\" rel=\"noopener noreferrer\">Pachasco<\/a> &#8211; 2024 &#8211; Canci\u00f3n compuesta a finales de julio y grabada la segunda semana de agosto. <a href=\"https:\/\/youtu.be\/TiGd3Gx1Uvs?feature=shared\" target=\"_blank\" rel=\"noopener noreferrer\"><strong>Video<\/strong><\/a> grabado la \u00faltima semana de agosto en el delta del Arroyo de la Degollada.<\/p>\n<p>&nbsp;<\/p>\n","protected":false},"excerpt":{"rendered":"<p>(Si observas que alg\u00fan enlace no funciona, h\u00e1znoslo saber. Gracias.) Poca agua (Canci\u00f3n infantil trasvasada). Los lunes al song. Julio 2016. (Versi\u00f3n s\u00f3lo MP3) L\u00e1grimas de acero. Bali &amp; C\u00eda 2.0 (Jos\u00e9 \u00c1ngel P\u00e9rez). Agosto 2010. El Trasvase. Grupo May. &hellip; <a href=\"http:\/\/tajotoledo.es\/?page_id=1067\">Continuar<\/a><\/p>\n","protected":false},"author":3,"featured_media":0,"parent":0,"menu_order":0,"comment_status":"closed","ping_status":"closed","template":"page-feature.php","meta":[],"_links":{"self":[{"href":"http:\/\/tajotoledo.es\/index.php?rest_route=\/wp\/v2\/pages\/1067"}],"collection":[{"href":"http:\/\/tajotoledo.es\/index.php?rest_route=\/wp\/v2\/pages"}],"about":[{"href":"http:\/\/tajotoledo.es\/index.php?rest_route=\/wp\/v2\/types\/page"}],"author":[{"embeddable":true,"href":"http:\/\/tajotoledo.es\/index.php?rest_route=\/wp\/v2\/users\/3"}],"replies":[{"embeddable":true,"href":"http:\/\/tajotoledo.es\/index.php?rest_route=%2Fwp%2Fv2%2Fcomments&post=1067"}],"version-history":[{"count":24,"href":"http:\/\/tajotoledo.es\/index.php?rest_route=\/wp\/v2\/pages\/1067\/revisions"}],"predecessor-version":[{"id":4175,"href":"http:\/\/tajotoledo.es\/index.php?rest_route=\/wp\/v2\/pages\/1067\/revisions\/4175"}],"wp:attachment":[{"href":"http:\/\/tajotoledo.es\/index.php?rest_route=%2Fwp%2Fv2%2Fmedia&parent=1067"}],"curies":[{"name":"wp","href":"https:\/\/api.w.org\/{rel}","templated":true}]}}